{"id":10,"date":"2023-11-03T16:35:43","date_gmt":"2023-11-03T16:35:43","guid":{"rendered":"http:\/\/potterylikepoetry.lt\/?page_id=10"},"modified":"2023-11-03T16:53:51","modified_gmt":"2023-11-03T16:53:51","slug":"refund_returns","status":"publish","type":"page","link":"https:\/\/potterylikepoetry.lt\/lt\/refund_returns\/","title":{"rendered":"Pirkimo s\u0105lygos"},"content":{"rendered":"<p><strong>1. Bendrosios nuostatos.<\/strong><\/p>\n\n\n\n<p>1.1. \u0160ios preki\u0173 pirkimo \u2013 pardavimo taisykl\u0117s (toliau \u201eTaisykl\u0117s\u201c) yra \u0161alims privalomas teisinis dokumentas, kuriame nustatomos Pirk\u0117jo ir Pardav\u0117jo teis\u0117s bei pareigos, preki\u0173 \u012fsigijimo bei apmok\u0117jimo u\u017e jas s\u0105lygos, preki\u0173 pristatymo ir gr\u0105\u017einimo tvarka, \u0161ali\u0173 atsakomyb\u0117 bei kitos su preki\u0173 pirkimu \u2013 pardavimu www.potterylikepoetry.lt internetin\u0117je parduotuv\u0117je susijusios nuostatos.<\/p>\n\n\n\n<p>1.2. Pardav\u0117jas pasilieka teis\u0119 bet kuriuo metu pakeisti, taisyti ar papildyti taisykles, atsi\u017evelgdamas \u012f teis\u0117s akt\u0173 nustatytus reikalavimus. Pirk\u0117jas apie taisykli\u0173 pakeitimus informuojamas internetin\u0117s parduotuv\u0117s tinklalapyje. Pirk\u0117jui apsiperkant internetin\u0117je parduotuv\u0117je taikomos Taisykl\u0117s, galiojan\u010dios u\u017esakymo pateikimo metu.<\/p>\n\n\n\n<p>1.3. Pirkti internetin\u0117je parduotuv\u0117je turi teis\u0119:<\/p>\n\n\n\n<p>   1.3.1. veiksn\u016bs fiziniai asmenys, t.y., asmenys sulauk\u0119 pilnametyst\u0117s, kuri\u0173 veiksnumas n\u0117ra apribotas teismo tvarka;<\/p>\n\n\n\n<p>   1.3.2. nepilname\u010diai nuo 14 iki 18 met\u0173 am\u017eiaus, tik tur\u0117dami t\u0117v\u0173 arba r\u016bpintoj\u0173 sutikim\u0105, i\u0161skyrus tuos atvejus, kai jie savaranki\u0161kai disponuoja savo pajamomis;<\/p>\n\n\n\n<p>   1.3.3. juridiniai asmenys; <\/p>\n\n\n\n<p>   1.3.4. vis\u0173 auk\u0161\u010diau nurodyt\u0173 asmen\u0173 \u012fgaliotieji atstovai.<\/p>\n\n\n\n<p>   1.4. Pardav\u0117jas, patvirtindamas taisykles, taip pat garantuoja, kad, remiantis taisykli\u0173 1.3. punktu, Pirk\u0117jas turi teis\u0119 pirkti prekes internetin\u0117je parduotuv\u0117je.<\/p>\n\n\n\n<p>1.5. Sutartis tarp Pirk\u0117jo ir Pardav\u0117jo laikoma sudaryta nuo to momento, kai Pirk\u0117jas internetin\u0117je parduotuv\u0117je suformav\u0119s preki\u0173 krep\u0161el\u012f, nurod\u0119s pristatymo adres\u0105, pasirink\u0119s atsiskaitymo b\u016bd\u0105 ir susipa\u017ein\u0119s su Pardav\u0117jo taisykl\u0117mis, paspaud\u017eia mygtuk\u0105 \u201eApmok\u0117ti\u201c (\u017er. 5 punkt\u0105 \u201ePreki\u0173 u\u017esakymas, kainos, atsiskaitymo tvarka, terminai\u201c).<\/p>\n\n\n\n<p>1.6. Kiekviena sutartis, sudaryta tarp Pirk\u0117jo ir Pardav\u0117jo, yra saugoma el. parduotuv\u0117je.<\/p>\n\n\n\n<p><\/p>\n\n\n\n<p><strong>2. Asmens duomen\u0173 apsauga.<\/strong><\/p>\n\n\n\n<p>2.1. U\u017esisakyti prekes el. parduotuv\u0117je Pirk\u0117jui nereikalinga registracija.<\/p>\n\n\n\n<p>2.2. Pirk\u0117jas, u\u017esakydamas prekes  atitinkamuose Pardav\u0117jo pateikiamuose informacijos laukuose turi nurodyti preki\u0173 u\u017esakymo tinkamam \u012fvykdymui b\u016btinus Pirk\u0117jo asmens duomenis: vard\u0105, pavard\u0119, \u012fmon\u0117s pavadinim\u0105 (Jei prekes u\u017esako juridinis asmuo), preki\u0173 pristatymo adres\u0105, telefono numer\u012f ir el. pa\u0161to adres\u0105.<\/p>\n\n\n\n<p>2.3. Patvirtindamas \u0161ias taisykles Pirk\u0117jas sutinka, jog 2.2. punkte pateikti Pirk\u0117jo asmens duomenys b\u016bt\u0173 tvarkomi preki\u0173 ir paslaug\u0173 pardavimo el. parduotuv\u0117je, Pardav\u0117jo veiklos analiz\u0117s ir tiesiogin\u0117s rinkodaros tikslais.<\/p>\n\n\n\n<p>2.4. Sutikdamas, kad Pirk\u0117jo asmens duomenys b\u016bt\u0173 tvarkomi preki\u0173 ir paslaug\u0173 pardavimo Pardav\u0117jo el. parduotuv\u0117je tikslu, Pirk\u0117jas taip pat sutinka, kad Pirk\u0117jo nurodytu el. pa\u0161to adresu ir telefono numeriu b\u016bt\u0173 siun\u010diami informaciniai prane\u0161imai, b\u016btini preki\u0173 u\u017esakymui \u012fvykdyti.<\/p>\n\n\n\n<p><\/p>\n\n\n\n<p><strong>3. Pirk\u0117jo teis\u0117s ir \u012fsipareigojimai.<\/strong><\/p>\n\n\n\n<p>3.1. Pirk\u0117jas turi teis\u0119 pirkti prekes el. parduotuv\u0117je \u0161i\u0173 Taisykli\u0173 ir kitose \u0161ios el. parduotuv\u0117s informacijos skiltyse nustatyta tvarka.<\/p>\n\n\n\n<p>3.2. Pirk\u0117jas turi teis\u0119 atsisakyti preki\u0173 pirkimo \u2013 pardavimo sutarties su el. parduotuve, prane\u0161damas Pardav\u0117jui apie tai ra\u0161tu (el. pa\u0161tu, nurodant pageidaujam\u0105 gr\u0105\u017einti prek\u0119 ir jos u\u017esakymo numer\u012f) ne v\u0117liau kaip per 14 (keturiolika) darbo dien\u0173 nuo daikto pristatymo dienos, i\u0161skyrus atvejus, kai sutarties negalima atsisakyti pagal LR \u012fstatymus.<\/p>\n\n\n\n<p>3.3. Taisykli\u0173 3.2. punkte numatyta teise Pirk\u0117jas gali pasinaudoti tik tuo atveju, jeigu prek\u0117 nebuvo sugadinta arba i\u0161 esm\u0117s nepasikeit\u0117 jos i\u0161vaizda, taip pat ji nebuvo naudojama.<\/p>\n\n\n\n<p>3.4. Pirk\u0117jas \u012fsipareigoja priimti u\u017esakytas prekes ir u\u017e jas sumok\u0117ti sutart\u0105 kain\u0105.<\/p>\n\n\n\n<p>3.5. Jeigu pasikei\u010dia Pirk\u0117jo registracijos formoje pateikti duomenys, Pirk\u0117jas privalo nedelsdamas informuoti Pardav\u0117j\u0105 telefonu arba el. pa\u0161tu nurodytu el. parduotuv\u0117s kontakt\u0173 skiltyje.<\/p>\n\n\n\n<p>3.6. Pirk\u0117jas, naudodamasis el. parduotuve, sutinka su \u0161iomis pirkimo \u2013 pardavimo Taisykl\u0117mis ir \u012fsipareigoja j\u0173 laikytis bei nepa\u017eeisti LR teis\u0117s akt\u0173.<\/p>\n\n\n\n<p><\/p>\n\n\n\n<p><strong>4. Pardav\u0117jo teis\u0117s ir \u012fsipareigojimai.<\/strong><\/p>\n\n\n\n<p>4.1. Pardav\u0117jas \u012fsipareigoja sudaryti visas s\u0105lygas Pirk\u0117jui tinkamai naudotis el. parduotuv\u0117s teikiamomis paslaugomis.<\/p>\n\n\n\n<p>4.2. Jei Pirk\u0117jas bando pakenkti Pardav\u0117jo el. parduotuv\u0117s darbo stabilumui ir saugumui ar pa\u017eeid\u017eia savo \u012fsipareigojimus, Pardav\u0117jas turi teis\u0119 nedelsiant ir be persp\u0117jimo apriboti ar sustabdyti Pirk\u0117jo galimyb\u0119 naudotis el. parduotuve.<\/p>\n\n\n\n<p>4.3. Pardav\u0117jas \u012fsipareigoja gerbti Pirk\u0117jo privatumo teis\u0119 \u012f Pirk\u0117jo priklausan\u010di\u0105 asmenin\u0119 informacij\u0105, nurodyt\u0105 el. parduotuv\u0117s preki\u0173 u\u017esakymo formoje.<\/p>\n\n\n\n<p>4.4. Pardav\u0117jas \u012fsipareigoja pristatyti Pirk\u0117jo u\u017esakytas prekes Pirk\u0117jo nurodytu adresu.<\/p>\n\n\n\n<p><\/p>\n\n\n\n<p><strong>5. Preki\u0173 u\u017esakymas, kainos, atsiskaitymo tvarka, terminai.<\/strong><\/p>\n\n\n\n<p>5.1. El. parduotuv\u0117je Pirk\u0117jas gali pirkti vis\u0105 par\u0105, 7 dienas per savait\u0119.<\/p>\n\n\n\n<p>5.2. Sutartis pradeda galioti nuo to momento, kai Pirk\u0117jas paspaud\u017eia mygtuk\u0105 \u201eApmok\u0117ti\u201c, o gav\u0119s u\u017esakym\u0105 Pardav\u0117jas j\u012f patvirtina \u2013 atsiun\u010dia patvirtinimo lai\u0161k\u0105 Pirk\u0117jo nurodytu el. pa\u0161tu.<\/p>\n\n\n\n<p>5.3. Preki\u0173 kainos el. parduotuv\u0117je ir suformuotame u\u017esakyme nurodomos eurais.<\/p>\n\n\n\n<p><font style=\"vertical-align: inherit;\"><font style=\"vertical-align: inherit;\">5.4. Pirk\u0117jas atsiskaito u\u017e prekes vienu i\u0161 \u0161i\u0173 b\u016bd\u0173:<\/font><\/font><\/p>\n\n\n\n<p><font style=\"vertical-align: inherit;\"><font style=\"vertical-align: inherit;\">   5.4.1. Atsiskaitymas naudojantis Montonio ir Stripe  teikiamomis elektronini\u0173 atsiskaitymo b\u016bd\u0173 atsiskaitymo paslaugomis.<\/font><\/font><\/p>\n\n\n\n<p>   5.4.2. Atsiskaitymas banko pavedimu \u2013 tai i\u0161ankstinis atsiskaitymas, kai Pirk\u0117jas pagal Pardav\u0117jo pateiktus rekvizitus perveda nurodyt\u0105 pinig\u0173 sum\u0105 u\u017e pirkinius \u012f Pardav\u0117jo banko s\u0105skait\u0105.<\/p>\n\n\n\n<p>   <font style=\"vertical-align: inherit;\"><font style=\"vertical-align: inherit;\">5.4.3. Atsiskaitymas grynais pinigais atsiimant prek\u0119 m\u016bs\u0173 studijoje \u2013 tai atsiskaitymas, kai Pirk\u0117jas atvyk\u0119s \u012f m\u016bs\u0173 studij\u0105 atsiima prekes ir u\u017e juos sumoka grynais pinigais.<\/font><\/font><\/p>\n\n\n\n<p><font style=\"vertical-align: inherit;\"><font style=\"vertical-align: inherit;\">5.5. Pirk\u0117jas \u012fsipareigoja u\u017e prekes sumok\u0117ti nedelsiant. Tik gavus apmok\u0117jim\u0105 u\u017e prekes pradedamas formuoti preki\u0173 siuntinys ir pradedamas skai\u010diuoti preki\u0173 pristatymo terminas.<\/font><\/font><\/p>\n\n\n\n<p><\/p>\n\n\n\n<p><strong><font style=\"vertical-align: inherit;\"><font style=\"vertical-align: inherit;\">6. Preki\u0173 pristatymas.<\/font><\/font><\/strong><\/p>\n\n\n\n<p><font style=\"vertical-align: inherit;\"><font style=\"vertical-align: inherit;\">6.1. Pirk\u0117jas, u\u017esakymo metu pasirink\u0119s preki\u0173 pristatymo paslaug\u0105, \u012fsipareigoja nurodyti tiksli\u0105 preki\u0173 pristatymo viet\u0105.<\/font><\/font><\/p>\n\n\n\n<p><font style=\"vertical-align: inherit;\"><font style=\"vertical-align: inherit;\">6.2. Pirk\u0117jas \u012fsipareigoja prekes priimti pats. Tuo atveju, jei Pirk\u0117jas preki\u0173 pats priimti negali, o prek\u0117s pristatytos nurodytu adresu ar \u012f nurodyt\u0105 pa\u0161tomat\u0105, Pirk\u0117jas neturi teis\u0117s reik\u0161ti Pardav\u0117jui pretenzij\u0173 d\u0117l preki\u0173 pristatymo netinkamam subjektui.<\/font><\/font><\/p>\n\n\n\n<p><font style=\"vertical-align: inherit;\"><font style=\"vertical-align: inherit;\">6.3. Prekias pristato DPD siunt\u0173 tarnyba, kurjeriu \u012f namus arba pa\u0161tomat\u0173 tinklo paslaugomis<\/font><\/font><\/p>\n\n\n\n<p><font style=\"vertical-align: inherit;\"><font style=\"vertical-align: inherit;\">6.4. Pardav\u0117jas pristato Pirk\u0117jui prekes vadovaudamasis preki\u0173 pristatymo salygose (http:\/\/www.potterylikepoetry.lt\/lt\/pristatymo-salygos\/) nurodytais terminais. \u0160ie terminai yra preliminar\u016bs, be to, netaikomi tais atvejais, kai Pardav\u0117jo sand\u0117lyje n\u0117ra reikiam\u0173 preki\u0173, o Pirk\u0117jas informuojamas apie u\u017esakyt\u0173 preki\u0173 tr\u016bkum\u0105. Kartu Pirk\u0117jas sutinka, jog i\u0161imtiniais atvejais preki\u0173 pateikimas gali v\u0117luoti d\u0117l nenumatyt\u0173, nuo Pardav\u0117jo nepriklausan\u010di\u0173 aplinkybi\u0173. Tokiu atveju Pardav\u0117jas \u012fsipareigoja nedelsiant susisiekti su Pirk\u0117ju ir suderinti preki\u0173 pateikimo s\u0105lygas.<\/font><\/font><\/p>\n\n\n\n<p><font style=\"vertical-align: inherit;\"><font style=\"vertical-align: inherit;\">6.5. Visais atvejais Pardav\u0117jas atleid\u017eiamas nuo atsakomyb\u0117s u\u017e preki\u0173 pateikimo termin\u0173 pa\u017eeidim\u0105, jeigu prek\u0117s Pirk\u0117jui n\u0117ra pateikiamos arba pateikiamos ne laiku d\u0117l Pirk\u0117jo kalt\u0117s arba d\u0117l nuo Pardav\u0117jo nepriklausan\u010di\u0173 aplinkybi\u0173.<\/font><\/font><\/p>\n\n\n\n<p><font style=\"vertical-align: inherit;\"><font style=\"vertical-align: inherit;\">6.6. Pirk\u0117jas privalo visais atvejais nedelsiant informuoti Pardav\u0117j\u0105, jeigu siunta pateikiama sulamdytoje arba kitu b\u016bdu pa\u017eeistoje pakuot\u0117je, jeigu siuntoje pateikiamos neu\u017esakytos prek\u0117s arba netinkamas j\u0173 kiekis, nepilna prek\u0117s komplektacija, pateikdamas Pardav\u0117jui vaizdin\u0119 med\u017eiag\u0105.<\/font><\/font><\/p>\n\n\n\n<p><\/p>\n\n\n\n<p><strong><font style=\"vertical-align: inherit;\"><font style=\"vertical-align: inherit;\">7. Preki\u0173 kokyb\u0117s, garantijos.<\/font><\/font><\/strong><\/p>\n\n\n\n<p><font style=\"vertical-align: inherit;\"><font style=\"vertical-align: inherit;\">7.1. Kiekvienos el. parduotuv\u0117je parduodamos prek\u0117s duomenys bendrai nurodomi prie kiekvienos prek\u0117s esan\u010diame prek\u0117s apra\u0161yme.<\/font><\/font><\/p>\n\n\n\n<p><font style=\"vertical-align: inherit;\"><font style=\"vertical-align: inherit;\">7.2. Pardav\u0117jas neatsako u\u017e tai, kad el. parduotuv\u0117je esan\u010dios prek\u0117s savo spalva, forma ar kitais parametrais gali neatitikti realaus preki\u0173 dyd\u017eio, form\u0173 ir spalvos d\u0117l Pirk\u0117jo naudojamo vaizduoklio ypatybi\u0173.<\/font><\/font><\/p>\n\n\n\n<p><font style=\"vertical-align: inherit;\"><font style=\"vertical-align: inherit;\">7.3 Jei Pirk\u0117jas i\u0161pakuodamas prek\u0119 pastebi, kad ji yra sudau\u017eyta ar \u012fskilus tai apie tai turi nedelsiant informuoti Pardav\u0117j\u0105 pateikdamas vaizdin\u0119 med\u017eiag\u0105, kurioje pasteb\u0117ti prek\u0117s sugadinimai j\u0105 i\u0161pakavus.<\/font><\/font><\/p>\n\n\n\n<p><font style=\"vertical-align: inherit;\"><font style=\"vertical-align: inherit;\">7.4. Jei \u012fvyko situacija apra\u0161yta Taisykli\u0173 7.3 punkte ir Pirk\u0117jas pateik\u0117 vaizdin\u0119 med\u017eiag\u0105 Pardav\u0117jui, tai Pardav\u0117jas \u012fsipareigoja pakeisti sugadint\u0105 prek\u0119 \u012f kit\u0105 analogi\u0161k\u0105 prek\u0119, o jeigu analogi\u0161kos prek\u0117s neturi tai pasi\u016blyti Pirk\u0117jui:<\/font><\/font><\/p>\n\n\n\n<p>   <font style=\"vertical-align: inherit;\"><font style=\"vertical-align: inherit;\">7.4.1. \u0161sirinkti kit\u0105 prek\u0119 u\u017e t\u0105 pa\u010di\u0105 pinig\u0173 sum\u0105<\/font><\/font><\/p>\n\n\n\n<p>   <font style=\"vertical-align: inherit;\"><font style=\"vertical-align: inherit;\">7.4.2. Laukti 30 kalendorini\u0173 dien\u0173, kol Pardav\u0117jas pagamins analogi\u0161k\u0105 prek\u0119<\/font><\/font><\/p>\n\n\n\n<p><font style=\"vertical-align: inherit;\"><font style=\"vertical-align: inherit;\">   7.4.3. Gra\u017einti Pirk\u0117jui u\u017e sugadintas prekes sumok\u0117ta pinig\u0173 suma, neskaitant kainos u\u017e pristatym\u0105<\/font><\/font><\/p>\n\n\n\n<p><\/p>\n\n\n\n<p><strong><font style=\"vertical-align: inherit;\"><font style=\"vertical-align: inherit;\">8. Preki\u0173 gr\u0105\u017einimas ir keitimas.<\/font><\/font><\/strong><\/p>\n\n\n\n<p><font style=\"vertical-align: inherit;\"><font style=\"vertical-align: inherit;\">8.1. Parduot\u0173 preki\u0173 tr\u016bkumai \u0161alinami, nekokybi\u0161kos prek\u0117s kei\u010diamos, gr\u0105\u017einamos vadovaujantis LR \u016bkio ministro 2001 m. bir\u017eelio 29 d. \u012fsakymu Nr. 217 \u201eD\u0117l Daikt\u0173 gr\u0105\u017einimo ir keitimo taisykli\u0173 patvirtinimo\u201c patvirtintomis Daikt\u0173 gr\u0105\u017einimo ir keitimo taisykl\u0117mis. Pinigai u\u017e gr\u0105\u017eintas prekes pervedami \u012f mok\u0117tojo banko s\u0105skait\u0105.<\/font><\/font><\/p>\n\n\n\n<p><font style=\"vertical-align: inherit;\"><font style=\"vertical-align: inherit;\">8.2. Nor\u0117damas gr\u0105\u017einti prek\u0119(-es) remiantis Taisykli\u0173 8.1. punktu, Pirk\u0117jas gali tai padaryti per 14 (keturiolika) darbo dien\u0173 nuo preki\u0173 pristatymo Pirk\u0117jui dienos, informuodamas Pardav\u0117j\u0105 kontakt\u0173 skiltyje nurodytomis susisiekimo priemon\u0117mis, nurodant gr\u0105\u017einamos prek\u0117s pavadinim\u0105, u\u017esakymo numer\u012f ir gr\u0105\u017einimo prie\u017eastis.<\/font><\/font><\/p>\n\n\n\n<p><font style=\"vertical-align: inherit;\"><font style=\"vertical-align: inherit;\">8.3. Gr\u0105\u017einant gaut\u0105 ne t\u0105 prek\u0119 ir\/ar nekokybi\u0161k\u0105 prek\u0117, Pardav\u0117jas \u012fsipareigoja tokias prekes pakeisti analogi\u0161komis tinkamomis prek\u0117mis.<\/font><\/font><\/p>\n\n\n\n<p><font style=\"vertical-align: inherit;\"><font style=\"vertical-align: inherit;\">8.4. Preki\u0173 gra\u017einimo i\u0161laidas (Siuntinio siuntimo i\u0161laidas) Pirk\u0117jas apmoka savo l\u0117\u0161omis.<\/font><\/font><\/p>\n\n\n\n<p><font style=\"vertical-align: inherit;\"><font style=\"vertical-align: inherit;\">8.5. Pirk\u0117jas privalo u\u017etikrinti, kad gra\u017einta prek\u0117 Pardav\u0117j\u0105 pasiekt\u0173 nesudau\u017eyta.<\/font><\/font><\/p>\n\n\n\n<p><font style=\"vertical-align: inherit;\"><font style=\"vertical-align: inherit;\">8.6. Jei Pirk\u0117jo gr\u0105\u017einta prek\u0117 Pardav\u0117j\u0105 pasiekia sudau\u017eyta ar kitaip sugadinta, tai Pirk\u0117jui pinigai n\u0117ra gra\u017einami ir prek\u0117 nekei\u010diama.<\/font><\/font><\/p>\n\n\n\n<p><font style=\"vertical-align: inherit;\"><font style=\"vertical-align: inherit;\">8.7. Tuo atveju, kai Pardav\u0117jas neturi pakeitimui tinkam\u0173 preki\u0173, Pirk\u0117jui gr\u0105\u017einama sumok\u0117ta suma, neskaitant kainos u\u017e pristatym\u0105.<\/font><\/font><\/p>\n\n\n\n<p><\/p>\n\n\n\n<p><font style=\"vertical-align: inherit;\"><font style=\"vertical-align: inherit;\"><b>9. Pirk\u0117jo ir Pardav\u0117jo atsakomyb\u0117.<\/b><\/font><\/font><\/p>\n\n\n\n<p><font style=\"vertical-align: inherit;\"><font style=\"vertical-align: inherit;\">9.1. Pirk\u0117jas yra visi\u0161kai atsakingas u\u017e Pirk\u0117jo pateikiam\u0173 asmens duomen\u0173 teisingum\u0105. Jei Pirk\u0117jas nepateikia tiksli\u0173 asmens duomen\u0173 registracijos formoje, Pardav\u0117jas neatsako u\u017e d\u0117l to atsiradusius padarinius ir \u012fgyja teis\u0119 reikalauti i\u0161 Pirk\u0117jo patirt\u0173 tiesiogini\u0173 nuostoli\u0173 atlyginimo.<\/font><\/font><\/p>\n\n\n\n<p><font style=\"vertical-align: inherit;\"><font style=\"vertical-align: inherit;\">9.2. Pirk\u0117jas atsako u\u017e veiksmus, atliktus naudojantis \u0161ia el. parduotuve.<\/font><\/font><\/p>\n\n\n\n<p><font style=\"vertical-align: inherit;\"><font style=\"vertical-align: inherit;\">9.3. Pardav\u0117jas atleid\u017eiamas nuo bet kokios atsakomyb\u0117s tais atvejais, kai nuostoliai kyla d\u0117l to, jog Pirk\u0117jas, neatsi\u017evelgdamas \u012f Pardav\u0117jo rekomendacijas ir Pirk\u0117jo \u012fsipareigojimus, nesusipa\u017eino su \u0161iomis Taisykl\u0117mis, nors tokia galimyb\u0117 jam buvo suteikta.<\/font><\/font><\/p>\n\n\n\n<p><font style=\"vertical-align: inherit;\"><font style=\"vertical-align: inherit;\">9.4. Jei Pardav\u0117jo el. parduotuv\u0117je yra nuorodos \u012f kit\u0173 \u012fmoni\u0173, \u012fstaig\u0173, organizacij\u0173 ar asmen\u0173 el. tinklalapius, Pardav\u0117jas n\u0117ra atsakingas u\u017e ten esan\u010di\u0105 informacij\u0105 ar vykdom\u0105 veikl\u0105, t\u0173 tinklapi\u0173 nepri\u017ei\u016bri, nekontroliuoja ir toms \u012fmon\u0117ms bei asmenims neatstovauja.<\/font><\/font><\/p>\n\n\n\n<p><font style=\"vertical-align: inherit;\"><font style=\"vertical-align: inherit;\">9.5. Atsiradus \u017ealai, kaltoji \u0160alis atlygina kitai \u0160aliai tiesioginius nuostolius.<\/font><\/font><\/p>\n\n\n\n<p><\/p>\n\n\n\n<p><strong><font style=\"vertical-align: inherit;\"><font style=\"vertical-align: inherit;\">10. Rinkodara ir informacija.<\/font><\/font><\/strong><\/p>\n\n\n\n<p><font style=\"vertical-align: inherit;\"><font style=\"vertical-align: inherit;\">10.1. Pardav\u0117jas savo nuo\u017ei\u016bra gali inicijuoti el. parduotuv\u0117je \u012fvairias akcijas.<\/font><\/font><\/p>\n\n\n\n<p><font style=\"vertical-align: inherit;\"><font style=\"vertical-align: inherit;\">10.2. Pardav\u0117jas turi teis\u0119 viena\u0161ali\u0161kai, be atskiro \u012fsp\u0117jimo, pakeisti akcij\u0173 s\u0105lygas, taip pat jas panaikinti. Bet koks akcij\u0173 s\u0105lyg\u0173 ir tvarkos pakeitimas ar panaikinimas galioja tik \u012f priek\u012f, t.y. nuo j\u0173 atlikimo momento.<\/font><\/font><\/p>\n\n\n\n<p><font style=\"vertical-align: inherit;\"><font style=\"vertical-align: inherit;\">10.3. The Seller sends all messages using the means of communication specified in the Buyer&#8217;s registration form.<\/font><\/font><\/p>\n\n\n\n<p><font style=\"vertical-align: inherit;\"><font style=\"vertical-align: inherit;\">10.4. Pirk\u0117jas visus prane\u0161imus ir klausimus siun\u010dia Pardav\u0117jo el. parduotuv\u0117s skyriuje \u201eKontaktai\u201c nurodytais telefonais ir el. pa\u0161to adresais.<\/font><\/font><\/p>\n\n\n\n<p><font style=\"vertical-align: inherit;\"><font style=\"vertical-align: inherit;\">10.5. Pardav\u0117jas neatsako jei Pirk\u0117jas negauna siun\u010diam\u0173 informacini\u0173 ar patvirtinan\u010di\u0173 prane\u0161im\u0173 d\u0117l internetinio ry\u0161io, elektroninio pa\u0161to paslaug\u0173 tiek\u0117j\u0173 tinkl\u0173 sutrikim\u0173.<\/font><\/font><\/p>\n\n\n\n<p><\/p>\n\n\n\n<p><strong><font style=\"vertical-align: inherit;\"><font style=\"vertical-align: inherit;\">11. Baigiamosios nuostatos.<\/font><\/font><\/strong><\/p>\n\n\n\n<p><font style=\"vertical-align: inherit;\"><font style=\"vertical-align: inherit;\">11.1. \u0160ios preki\u0173 pirkimo \u2013 pardavimo Taisykl\u0117s sudarytos vadovaujantis LR \u012fstatymais ir teis\u0117s aktais.<\/font><\/font><\/p>\n\n\n\n<p><font style=\"vertical-align: inherit;\"><font style=\"vertical-align: inherit;\">11.2. Visi nesutarimai, kil\u0119 d\u0117l \u0161i\u0173 Taisykli\u0173 vykdymo, sprend\u017eiami deryb\u0173 b\u016bdu. Nepavykus susitarti, gin\u010dai sprend\u017eiami LR \u012fstatym\u0173 nustatyta tvarka.<\/font><\/font><\/p>\n\n\n\n<p><\/p>","protected":false},"excerpt":{"rendered":"<p>1. General provisions 1.1 These rules for the purchase and sale of goods (hereinafter referred to as the &#8220;Rules&#8221;) are a legal document binding on the parties, which determine the rights and obligations of the Buyer and the Seller, the conditions for the purchase and payment of goods, the procedure for the delivery and return <a href=\"https:\/\/potterylikepoetry.lt\/lt\/refund_returns\/\" class=\"read-more inline\">Read More<\/a><\/p>","protected":false},"author":1,"featured_media":0,"parent":0,"menu_order":0,"comment_status":"closed","ping_status":"closed","template":"","meta":{"footnotes":""},"class_list":["post-10","page","type-page","status-publish","hentry"],"aioseo_notices":[],"jetpack_sharing_enabled":true,"_links":{"self":[{"href":"https:\/\/potterylikepoetry.lt\/lt\/wp-json\/wp\/v2\/pages\/10","targetHints":{"allow":["GET"]}}],"collection":[{"href":"https:\/\/potterylikepoetry.lt\/lt\/wp-json\/wp\/v2\/pages"}],"about":[{"href":"https:\/\/potterylikepoetry.lt\/lt\/wp-json\/wp\/v2\/types\/page"}],"author":[{"embeddable":true,"href":"https:\/\/potterylikepoetry.lt\/lt\/wp-json\/wp\/v2\/users\/1"}],"replies":[{"embeddable":true,"href":"https:\/\/potterylikepoetry.lt\/lt\/wp-json\/wp\/v2\/comments?post=10"}],"version-history":[{"count":5,"href":"https:\/\/potterylikepoetry.lt\/lt\/wp-json\/wp\/v2\/pages\/10\/revisions"}],"predecessor-version":[{"id":941,"href":"https:\/\/potterylikepoetry.lt\/lt\/wp-json\/wp\/v2\/pages\/10\/revisions\/941"}],"wp:attachment":[{"href":"https:\/\/potterylikepoetry.lt\/lt\/wp-json\/wp\/v2\/media?parent=10"}],"curies":[{"name":"wp","href":"https:\/\/api.w.org\/{rel}","templated":true}]}}