{"id":109,"date":"2023-07-10T10:32:13","date_gmt":"2023-07-10T10:32:13","guid":{"rendered":"https:\/\/potterylikepoetry.lt\/?page_id=109"},"modified":"2023-11-02T10:23:07","modified_gmt":"2023-11-02T10:23:07","slug":"about-us","status":"publish","type":"page","link":"https:\/\/potterylikepoetry.lt\/lt\/about-us\/","title":{"rendered":"Apie mus"},"content":{"rendered":"<hr class=\"wp-block-separator has-alpha-channel-opacity\"\/>\n\n\n<div class=\"wp-block-image\">\n<figure class=\"aligncenter size-large\"><img loading=\"lazy\" decoding=\"async\" width=\"1024\" height=\"683\" src=\"http:\/\/potterylikepoetry.lt\/wp-content\/uploads\/2023\/10\/Potterylikepoetry-25-1024x683.jpg\" alt=\"\" class=\"wp-image-877\" srcset=\"https:\/\/potterylikepoetry.lt\/wp-content\/uploads\/2023\/10\/Potterylikepoetry-25-1024x683.jpg 1024w, https:\/\/potterylikepoetry.lt\/wp-content\/uploads\/2023\/10\/Potterylikepoetry-25-300x200.jpg 300w, https:\/\/potterylikepoetry.lt\/wp-content\/uploads\/2023\/10\/Potterylikepoetry-25-768x512.jpg 768w, https:\/\/potterylikepoetry.lt\/wp-content\/uploads\/2023\/10\/Potterylikepoetry-25-1536x1024.jpg 1536w, https:\/\/potterylikepoetry.lt\/wp-content\/uploads\/2023\/10\/Potterylikepoetry-25-18x12.jpg 18w, https:\/\/potterylikepoetry.lt\/wp-content\/uploads\/2023\/10\/Potterylikepoetry-25-600x400.jpg 600w, https:\/\/potterylikepoetry.lt\/wp-content\/uploads\/2023\/10\/Potterylikepoetry-25.jpg 2048w\" sizes=\"auto, (max-width: 1024px) 100vw, 1024px\" \/><\/figure><\/div>\n\n\n<p class=\"has-medium-font-size\" style=\"padding-top:var(--wp--preset--spacing--60)\"><strong>Apie keramikos studij\u0105<\/strong><\/p>\n\n\n\n<p class=\"has-medium-font-size\">Pottery like Poetry prasid\u0117jo nuo svajon\u0117s tur\u0117ti savo k\u016brybos erdv\u0119, kuri b\u016bt\u0173 u\u017epildyta jaukumu ir \u0161velnumu. \u0160i\u0105 akimirk\u0105 d\u017eiaugiam\u0117s, jog tai turime. \u010cia \u012f lipdymo ritualus leid\u017eiam\u0117s ne tik patys, bet su malonumu lydime ir kitus, o savo k\u016brinius skraidiname po vis\u0105 pasaul\u012f.<\/p>\n\n\n\n<p class=\"has-medium-font-size\">Nors studijos erdv\u0117 labai paprasta, \u010dia jau\u010diam\u0117s itin jaukiai. Da\u017eniausiai taip pasijunta ir u\u017esuk\u0119 apsidairyti ar palipdyti kartu. \u010cia kiekvienas kubinis centimetras pripildytas geros, darbingos, k\u016brybingos energijos. Prav\u0117r\u0119 duris tikriausiai pamatysite mus prie stalo kurian\u010dius, lipdan\u010dius ir gal\u0117site ap\u017ei\u016br\u0117ti ne tik jau paruo\u0161tus keliauti namo gaminius, bet ir akies kra\u0161teliu dirstelti \u012f proces\u0105.<\/p>\n\n\n\n<p class=\"has-medium-font-size\">Visi\u0161kai atsitiktinai pasirink\u0119 \u017dv\u0117ryn\u0105, jau darbuodamiesi pajutome, jog \u0161is rajonas puikiai tinka tokiam l\u0117tam amatui, kaip keramika. Kol visas miestas spurda grei\u010diu, \u010dia up\u0117s ir parko pa\u0161on\u0117je vis dar stovi mediniai namai, kaimynai praeinant pro langus mojuoja, patys \u012f studij\u0105 vaik\u0161tome p\u0117stute, o po darb\u0173 keliaujame \u012f park\u0105, kur med\u017eiai \u017eadina vaizduot\u0119 ir teikia \u012fkv\u0117pim\u0105 naujai dienai.<\/p>\n\n\n\n<div class=\"wp-block-columns is-layout-flex wp-container-core-columns-is-layout-9d6595d7 wp-block-columns-is-layout-flex\">\n<div class=\"wp-block-column is-layout-flow wp-block-column-is-layout-flow\" style=\"flex-basis:33.33%\"><div class=\"wp-block-image\">\n<figure class=\"aligncenter size-large is-resized\"><img loading=\"lazy\" decoding=\"async\" width=\"683\" height=\"1024\" src=\"http:\/\/potterylikepoetry.lt\/wp-content\/uploads\/2023\/10\/Potterylikepoetry-12-683x1024.jpg\" alt=\"\" class=\"wp-image-864\" style=\"aspect-ratio:0.6669921875;width:306px;height:auto\" srcset=\"https:\/\/potterylikepoetry.lt\/wp-content\/uploads\/2023\/10\/Potterylikepoetry-12-683x1024.jpg 683w, https:\/\/potterylikepoetry.lt\/wp-content\/uploads\/2023\/10\/Potterylikepoetry-12-200x300.jpg 200w, https:\/\/potterylikepoetry.lt\/wp-content\/uploads\/2023\/10\/Potterylikepoetry-12-768x1152.jpg 768w, https:\/\/potterylikepoetry.lt\/wp-content\/uploads\/2023\/10\/Potterylikepoetry-12-1024x1536.jpg 1024w, https:\/\/potterylikepoetry.lt\/wp-content\/uploads\/2023\/10\/Potterylikepoetry-12-1365x2048.jpg 1365w, https:\/\/potterylikepoetry.lt\/wp-content\/uploads\/2023\/10\/Potterylikepoetry-12-8x12.jpg 8w, https:\/\/potterylikepoetry.lt\/wp-content\/uploads\/2023\/10\/Potterylikepoetry-12-600x900.jpg 600w, https:\/\/potterylikepoetry.lt\/wp-content\/uploads\/2023\/10\/Potterylikepoetry-12-scaled.jpg 1707w\" sizes=\"auto, (max-width: 683px) 100vw, 683px\" \/><\/figure><\/div><\/div>\n\n\n\n<div class=\"wp-block-column is-layout-flow wp-block-column-is-layout-flow\" style=\"flex-basis:66.66%\">\n<p class=\"has-medium-font-size\">Esame dviej\u0173 \u017emoni\u0173 komanda. Visk\u0105 kuria keturios rankos ir dvi \u0161irdys. Dauguma darb\u0173 gimsta \u0161velniai spaud\u017eiant molio gabaliuk\u0105 pir\u0161t\u0173 pagalv\u0117l\u0117mis. \u0160is formavimo b\u016bdas u\u017etrunka daug laiko ir beveik prilygsta meditacijai. Taip darbuodamiesi ne\u0161ame tyli\u0105 \u017einut\u0119: kurti savo jaukumo ritualus, m\u0117gautis, jausti ir vertinti turimus daiktus.<\/p>\n\n\n\n<p class=\"has-medium-font-size\">\u017dinome, kad ma\u017eomis detal\u0117mis kuriame ne tik nam\u0173 jaukum\u0105, bet ir gyvenimo laim\u0119, pilnatv\u0119. Kaip da\u017enai u\u017etenka pasim\u0117gauti kava i\u0161 mylimiausio puodelio, kad diena tapt\u0173 gra\u017eesn\u0117 ar \u0161venti\u0161kai padengti stal\u0105, kad vakaras b\u016bt\u0173 ypatingas.<\/p>\n\n\n\n<p class=\"has-medium-font-size\">Tikime, kad m\u016bs\u0173 k\u016briniami darbai Jus \u012fkvepia ne tik m\u0117gaujantis skaniu g\u0117rimu ar u\u017ekand\u017eiu, bet kartu kvie\u010dia \u012f juos pa\u017evelgti kaip \u012f unikalius nam\u0173 interjero akcentus, primenan\u010dius negin\u010dijam\u0105 ties\u0105 apie J\u016bs\u0173 i\u0161skirtinum\u0105.<\/p>\n<\/div>\n<\/div>\n\n\n\n<p class=\"has-medium-font-size\" style=\"padding-top:var(--wp--preset--spacing--60)\"><strong>Kristina apie prad\u017ei\u0105<\/strong><\/p>\n\n\n\n<div class=\"wp-block-columns is-layout-flex wp-container-core-columns-is-layout-9d6595d7 wp-block-columns-is-layout-flex\">\n<div class=\"wp-block-column is-layout-flow wp-block-column-is-layout-flow\" style=\"flex-basis:66.66%\">\n<p class=\"has-medium-font-size\" style=\"padding-right:var(--wp--preset--spacing--60)\">Pirma mano specialyb\u0117 buvo teatro re\u017eis\u016bra. Labai myl\u0117jau scen\u0105, bet kiekvienas darbas keldavo daug streso. Siaubingai nepasitik\u0117jau savimi, o nor\u0117davau tik geriausio rezultato, tai augino \u012ftamp\u0105.<br>Kai atsis\u0117dau prie lipdymo stalo pajutau, kad molis man\u0119s nevertina, neteisia. Darbuodamasi pati matau rezultat\u0105, pastebiu savo klaidas, galiu jas pataisyti, tobul\u0117ti. Nepriklausau nuo scenograf\u0173, ap\u0161viet\u0117j\u0173, finansavim\u0173, aktori\u0173\u2026 Priklausau tik pati nuo sav\u0119s - tai man buvo laisv\u0117. \u0160\u012f kart\u0105 nelaukiau, kol ka\u017ekas man pasakys, jog darau gerai, kad darau gra\u017eiai, kad mano darb\u0173 reikia, kad jau galiu dalintis. \u0160\u012f kart\u0105 pati i\u0161sirinkau tai kas man gra\u017eu, savo tobulai netobulus, kreivus, ta\u0161kuotus 7 nulipdytus puodelius ir savo namuose, pakvietusi \u012f sve\u010dius pusseser\u0119 papra\u0161iau, kad ji nufotografuot\u0173 . Pavadinim\u0105 jau buvo mano galvoje. Taip vien\u0105 rudens dien\u0105 socialiniuose tinkluose atsirado Pottery like Poetry.<\/p>\n\n\n\n<p class=\"has-medium-font-size\" style=\"padding-right:var(--wp--preset--spacing--60)\">Buvo daug ma\u017e\u0173 \u017eingsneli\u0173 iki tol ir dar daugiau po to. Visi jie veda iki pat \u0161iandien.<br>Now, I see myself as a sensitive, creative, playful and demanding woman, who is more and more self-confident and more and more devoted to the creative process.<br>Molis yra nuostabus, i\u0161 jo galima padaryti visk\u0105. Jis jautriai liudija ne tik kiekvien\u0105  prisilietim\u0105, bet ir nuotaikas su kuriomis darbuojuosi. Da\u017eniausiai studijoje jau\u010diuosi kaip oaz\u0117je, kurioje galiu ne tik kurti, bet ir dauginti \u0161velnum\u0105 ir meil\u0119.<\/p>\n<\/div>\n\n\n\n<div class=\"wp-block-column is-layout-flow wp-block-column-is-layout-flow\" style=\"flex-basis:33.33%\"><div class=\"wp-block-image\">\n<figure class=\"aligncenter size-large is-resized\"><img loading=\"lazy\" decoding=\"async\" width=\"683\" height=\"1024\" src=\"http:\/\/potterylikepoetry.lt\/wp-content\/uploads\/2023\/10\/Potterylikepoetry-9-683x1024.jpg\" alt=\"\" class=\"wp-image-861\" style=\"aspect-ratio:0.6669921875;width:335px;height:auto\" srcset=\"https:\/\/potterylikepoetry.lt\/wp-content\/uploads\/2023\/10\/Potterylikepoetry-9-683x1024.jpg 683w, https:\/\/potterylikepoetry.lt\/wp-content\/uploads\/2023\/10\/Potterylikepoetry-9-200x300.jpg 200w, https:\/\/potterylikepoetry.lt\/wp-content\/uploads\/2023\/10\/Potterylikepoetry-9-768x1152.jpg 768w, https:\/\/potterylikepoetry.lt\/wp-content\/uploads\/2023\/10\/Potterylikepoetry-9-1024x1536.jpg 1024w, https:\/\/potterylikepoetry.lt\/wp-content\/uploads\/2023\/10\/Potterylikepoetry-9-1365x2048.jpg 1365w, https:\/\/potterylikepoetry.lt\/wp-content\/uploads\/2023\/10\/Potterylikepoetry-9-8x12.jpg 8w, https:\/\/potterylikepoetry.lt\/wp-content\/uploads\/2023\/10\/Potterylikepoetry-9-600x900.jpg 600w, https:\/\/potterylikepoetry.lt\/wp-content\/uploads\/2023\/10\/Potterylikepoetry-9-scaled.jpg 1707w\" sizes=\"auto, (max-width: 683px) 100vw, 683px\" \/><\/figure><\/div><\/div>\n<\/div>\n\n\n\n<p><\/p>\n\n\n\n<p><\/p>\n\n\n\n<div class=\"wp-block-columns is-layout-flex wp-container-core-columns-is-layout-9d6595d7 wp-block-columns-is-layout-flex\">\n<div class=\"wp-block-column is-layout-flow wp-block-column-is-layout-flow\" style=\"flex-basis:33.33%\"><div class=\"wp-block-image\">\n<figure class=\"aligncenter size-large is-resized\"><img loading=\"lazy\" decoding=\"async\" width=\"683\" height=\"1024\" src=\"http:\/\/potterylikepoetry.lt\/wp-content\/uploads\/2023\/10\/Potterylikepoetry-11-683x1024.jpg\" alt=\"\" class=\"wp-image-863\" style=\"aspect-ratio:0.6669921875;width:331px;height:auto\" srcset=\"https:\/\/potterylikepoetry.lt\/wp-content\/uploads\/2023\/10\/Potterylikepoetry-11-683x1024.jpg 683w, https:\/\/potterylikepoetry.lt\/wp-content\/uploads\/2023\/10\/Potterylikepoetry-11-200x300.jpg 200w, https:\/\/potterylikepoetry.lt\/wp-content\/uploads\/2023\/10\/Potterylikepoetry-11-768x1152.jpg 768w, https:\/\/potterylikepoetry.lt\/wp-content\/uploads\/2023\/10\/Potterylikepoetry-11-1024x1536.jpg 1024w, https:\/\/potterylikepoetry.lt\/wp-content\/uploads\/2023\/10\/Potterylikepoetry-11-1365x2048.jpg 1365w, https:\/\/potterylikepoetry.lt\/wp-content\/uploads\/2023\/10\/Potterylikepoetry-11-8x12.jpg 8w, https:\/\/potterylikepoetry.lt\/wp-content\/uploads\/2023\/10\/Potterylikepoetry-11-600x900.jpg 600w, https:\/\/potterylikepoetry.lt\/wp-content\/uploads\/2023\/10\/Potterylikepoetry-11-scaled.jpg 1707w\" sizes=\"auto, (max-width: 683px) 100vw, 683px\" \/><\/figure><\/div><\/div>\n\n\n\n<div class=\"wp-block-column is-layout-flow wp-block-column-is-layout-flow\" style=\"flex-basis:66.66%\">\n<p class=\"has-medium-font-size\" style=\"padding-top:var(--wp--preset--spacing--60);padding-left:var(--wp--preset--spacing--50)\"><strong>Art\u016bras apie tai kaip prisijung\u0117<\/strong><\/p>\n\n\n\n<p class=\"has-medium-font-size\" style=\"padding-left:var(--wp--preset--spacing--50)\">Pottery like Poetry, Keramikos studija mano antrais namais tapo gana staiga ir visai netik\u0117tai. Kartu su Kristina \u012frengin\u0117jant \u0161i\u0105 erdv\u0119, dar nenutuok\u0117me, kad \u010dia kursime drauge, kad tai bus kita m\u016bs\u0173 meil\u0117s tvirtov\u0117.<\/p>\n\n\n\n<p class=\"has-medium-font-size\" style=\"padding-left:var(--wp--preset--spacing--50)\">Remontuojant ir tvarkant b\u016bsimas studijos patalpas, jose pas\u0117jome ir dalel\u0119 sav\u0119s, su kiekvienu nauj\u0173 da\u017e\u0173 potepiu sienos g\u0117r\u0117si ir m\u016bs\u0173 d\u017eiaugsmu bei meile, pastatyti baldai suk\u016br\u0117 harmoning\u0105 aplink\u0105 k\u016brybi\u0161kumui bujoti. Ir kai galvojau, kad at\u0117jo laikas jud\u0117ti toliau, \u0161i m\u016bs\u0173 sukurta erdv\u0117 man\u0119s nebepaleido, kviet\u0117 nerti \u012f naujus neatrastus dalykus, giliau pa\u017einti Kristinos svajon\u0119 ir kartu j\u0105 pl\u0117toti. Lengva nebuvo, bet labai d\u017eiaugiuosi, kad \u0161iandien esu viso to dalimi ir turiu galimybe kurti sau ir Jums.<\/p>\n<\/div>\n<\/div>\n\n\n\n<div class=\"wp-block-columns is-layout-flex wp-container-core-columns-is-layout-9d6595d7 wp-block-columns-is-layout-flex\">\n<div class=\"wp-block-column is-layout-flow wp-block-column-is-layout-flow\">\n<p class=\"has-medium-font-size\" style=\"padding-top:var(--wp--preset--spacing--70)\"><strong>Kristina apie Art\u016br\u0105<\/strong><\/p>\n\n\n\n<p class=\"has-medium-font-size\"><em>Art\u016bras laisvas ir nenusp\u0117jamas. Kaip v\u0117jas! Tikriausiai visos naujienos, kurios atsiranda studijoje yra jo \u012fkv\u0117ptos, inicijuotos. Art\u016bro noras i\u0161bandyti dar neliestas med\u017eiagas, sukurti dar ne\u010diupin\u0117tas fakt\u016bras, panaudoti dar nenaudotas spalvas atveria nesibaigian\u010di\u0173 galimybi\u0173 ir kurybos variacijas.<\/em><\/p>\n\n\n\n<p class=\"has-medium-font-size\"><em>Pro jo akis nepraspruks nei viena detal\u0117. D\u0117mesingai \u017evelgdamas \u012f kiekvien\u0105 k\u016brin\u012f jis pasiekia juvelyri\u0161k\u0105 i\u0161baigtum\u0105. Tobul\u0117ti ir kiekvien\u0105 kart\u0105 padaryti vis geriau tarsi \u012fra\u0161yta jo esyb\u0117je.<\/em><\/p>\n\n\n\n<p class=\"has-medium-font-size\"><em>Viena gra\u017eiausi\u0173 jo savybi\u0173 yra \u0161viesus \u017evilgsnis \u012f pasaul\u012f ir \u017emones. Jis visur mato galimybes, greitai sprend\u017eia i\u0161kilusius keblumus. Tai m\u016bs\u0173 gyenim\u0105 studijoje paver\u010dia lengvu ir nuotaikingu.<\/em><\/p>\n<\/div>\n\n\n\n<div class=\"wp-block-column is-layout-flow wp-block-column-is-layout-flow\">\n<p class=\"has-medium-font-size\" style=\"padding-top:var(--wp--preset--spacing--70)\"><strong>Art\u016bras apie Kristin\u0105<\/strong><\/p>\n\n\n\n<p class=\"has-medium-font-size\"><em>Kristina turi tobulai i\u0161lavint\u0105, o galb\u016bt \u012fgimt\u0105 skon\u012f estetikai, tai labai jau\u010diasi tiek jos k\u016briniuose, tiek studijos interjere, tiek ir gyvenime. \u0160\u012f skonio pajutim\u0105 lydi \u0161velnumo kupinos rankos ir ramyb\u0117s pilnos akys, degan\u010dios noru dalintis. Visa tai pajusite jos kurtuose darbuose ar vedam\u0173 u\u017esi\u0117mim\u0173 metu. Da\u017enas atvyk\u0119s susipa\u017einti su moliu, Kristinos d\u0117ka gauna ne tik edukacij\u0105, bet ir galimyb\u0119 atsipalaiduoti, nurimti, pamedituoti.<\/em><\/p>\n\n\n\n<p class=\"has-medium-font-size\"><em>Kita ma\u017eiau matoma ir jau\u010diame jos u\u017esispyrusi pus\u0117, kurios d\u0117ka ji geba pareikalauti i\u0161 sav\u0119s daugiau\u2026 daugiau atsidavimo darbuose\u2026 daugiau meil\u0117s namuose\u2026 empatijos \u017emon\u0117se. U\u017esispyrimas, kur\u012f kartais sunku sutramdyti, bet be jo svajon\u0117s nevirst\u0173 realybe. Ir viena i\u0161 t\u0173 svajoni\u0173 \u0161i keramikos studija, kuri puikiai atspindinti j\u0105, piln\u0105 \u0161ilumos ir jaukumo.<\/em><\/p>\n\n\n\n<p class=\"has-medium-font-size\"><em>Visos \u0161ios s\u0105vyb\u0117s puikiai pastebimos socialiniuose tinkluose, kur Kristina perteikia studijoje verdant\u012f gyvenim\u0105, baigtus ir kuriamus darbus, jaukias meil\u0117s akimirkas. D\u0117ka jos, m\u016bs\u0173 gyvenimo poezij\u0105 galite matyti i\u0161 labai arti, per m\u016bs\u0173 gyvenimo suvokimo prizm\u0119, o kartais net joje sudalyvauti.<\/em><\/p>\n<\/div>\n<\/div>\n\n\n\n<div class=\"wp-block-columns is-layout-flex wp-container-core-columns-is-layout-9d6595d7 wp-block-columns-is-layout-flex\">\n<div class=\"wp-block-column is-layout-flow wp-block-column-is-layout-flow\">\n<figure class=\"wp-block-image size-large\"><img loading=\"lazy\" decoding=\"async\" width=\"683\" height=\"1024\" src=\"http:\/\/potterylikepoetry.lt\/wp-content\/uploads\/2023\/10\/Potterylikepoetry-22-683x1024.jpg\" alt=\"\" class=\"wp-image-874\" srcset=\"https:\/\/potterylikepoetry.lt\/wp-content\/uploads\/2023\/10\/Potterylikepoetry-22-683x1024.jpg 683w, https:\/\/potterylikepoetry.lt\/wp-content\/uploads\/2023\/10\/Potterylikepoetry-22-200x300.jpg 200w, https:\/\/potterylikepoetry.lt\/wp-content\/uploads\/2023\/10\/Potterylikepoetry-22-768x1152.jpg 768w, https:\/\/potterylikepoetry.lt\/wp-content\/uploads\/2023\/10\/Potterylikepoetry-22-1024x1536.jpg 1024w, https:\/\/potterylikepoetry.lt\/wp-content\/uploads\/2023\/10\/Potterylikepoetry-22-1365x2048.jpg 1365w, https:\/\/potterylikepoetry.lt\/wp-content\/uploads\/2023\/10\/Potterylikepoetry-22-8x12.jpg 8w, https:\/\/potterylikepoetry.lt\/wp-content\/uploads\/2023\/10\/Potterylikepoetry-22-600x900.jpg 600w, https:\/\/potterylikepoetry.lt\/wp-content\/uploads\/2023\/10\/Potterylikepoetry-22-scaled.jpg 1707w\" sizes=\"auto, (max-width: 683px) 100vw, 683px\" \/><\/figure>\n<\/div>\n\n\n\n<div class=\"wp-block-column is-layout-flow wp-block-column-is-layout-flow\">\n<figure class=\"wp-block-image size-large\"><img loading=\"lazy\" decoding=\"async\" width=\"683\" height=\"1024\" src=\"http:\/\/potterylikepoetry.lt\/wp-content\/uploads\/2023\/10\/Potterylikepoetry-26-683x1024.jpg\" alt=\"\" class=\"wp-image-878\" srcset=\"https:\/\/potterylikepoetry.lt\/wp-content\/uploads\/2023\/10\/Potterylikepoetry-26-683x1024.jpg 683w, https:\/\/potterylikepoetry.lt\/wp-content\/uploads\/2023\/10\/Potterylikepoetry-26-200x300.jpg 200w, https:\/\/potterylikepoetry.lt\/wp-content\/uploads\/2023\/10\/Potterylikepoetry-26-768x1152.jpg 768w, https:\/\/potterylikepoetry.lt\/wp-content\/uploads\/2023\/10\/Potterylikepoetry-26-1024x1536.jpg 1024w, https:\/\/potterylikepoetry.lt\/wp-content\/uploads\/2023\/10\/Potterylikepoetry-26-1365x2048.jpg 1365w, https:\/\/potterylikepoetry.lt\/wp-content\/uploads\/2023\/10\/Potterylikepoetry-26-8x12.jpg 8w, https:\/\/potterylikepoetry.lt\/wp-content\/uploads\/2023\/10\/Potterylikepoetry-26-600x900.jpg 600w, https:\/\/potterylikepoetry.lt\/wp-content\/uploads\/2023\/10\/Potterylikepoetry-26-scaled.jpg 1707w\" sizes=\"auto, (max-width: 683px) 100vw, 683px\" \/><\/figure>\n<\/div>\n\n\n\n<div class=\"wp-block-column is-layout-flow wp-block-column-is-layout-flow\">\n<figure class=\"wp-block-image size-large\"><img loading=\"lazy\" decoding=\"async\" width=\"683\" height=\"1024\" src=\"http:\/\/potterylikepoetry.lt\/wp-content\/uploads\/2023\/10\/Potterylikepoetry-1-1-683x1024.jpg\" alt=\"\" class=\"wp-image-853\" srcset=\"https:\/\/potterylikepoetry.lt\/wp-content\/uploads\/2023\/10\/Potterylikepoetry-1-1-683x1024.jpg 683w, https:\/\/potterylikepoetry.lt\/wp-content\/uploads\/2023\/10\/Potterylikepoetry-1-1-200x300.jpg 200w, https:\/\/potterylikepoetry.lt\/wp-content\/uploads\/2023\/10\/Potterylikepoetry-1-1-768x1152.jpg 768w, https:\/\/potterylikepoetry.lt\/wp-content\/uploads\/2023\/10\/Potterylikepoetry-1-1-1024x1536.jpg 1024w, https:\/\/potterylikepoetry.lt\/wp-content\/uploads\/2023\/10\/Potterylikepoetry-1-1-1365x2048.jpg 1365w, https:\/\/potterylikepoetry.lt\/wp-content\/uploads\/2023\/10\/Potterylikepoetry-1-1-8x12.jpg 8w, https:\/\/potterylikepoetry.lt\/wp-content\/uploads\/2023\/10\/Potterylikepoetry-1-1-600x900.jpg 600w, https:\/\/potterylikepoetry.lt\/wp-content\/uploads\/2023\/10\/Potterylikepoetry-1-1-scaled.jpg 1707w\" sizes=\"auto, (max-width: 683px) 100vw, 683px\" \/><\/figure>\n<\/div>\n<\/div>","protected":false},"excerpt":{"rendered":"<p>About ceramics studio Pottery like Poetry began with a dream to have our own creative space, which would be filled with coziness and tenderness. At this moment, we are glad that we have it. Here, we not only engage in sculpting rituals ourselves, but we also with pleasure accompany others, either we fly our works <a href=\"https:\/\/potterylikepoetry.lt\/lt\/about-us\/\" class=\"read-more inline\">Read More<\/a><\/p>","protected":false},"author":1,"featured_media":0,"parent":0,"menu_order":0,"comment_status":"closed","ping_status":"closed","template":"","meta":{"footnotes":""},"class_list":["post-109","page","type-page","status-publish","hentry"],"aioseo_notices":[],"jetpack_sharing_enabled":true,"_links":{"self":[{"href":"https:\/\/potterylikepoetry.lt\/lt\/wp-json\/wp\/v2\/pages\/109","targetHints":{"allow":["GET"]}}],"collection":[{"href":"https:\/\/potterylikepoetry.lt\/lt\/wp-json\/wp\/v2\/pages"}],"about":[{"href":"https:\/\/potterylikepoetry.lt\/lt\/wp-json\/wp\/v2\/types\/page"}],"author":[{"embeddable":true,"href":"https:\/\/potterylikepoetry.lt\/lt\/wp-json\/wp\/v2\/users\/1"}],"replies":[{"embeddable":true,"href":"https:\/\/potterylikepoetry.lt\/lt\/wp-json\/wp\/v2\/comments?post=109"}],"version-history":[{"count":25,"href":"https:\/\/potterylikepoetry.lt\/lt\/wp-json\/wp\/v2\/pages\/109\/revisions"}],"predecessor-version":[{"id":927,"href":"https:\/\/potterylikepoetry.lt\/lt\/wp-json\/wp\/v2\/pages\/109\/revisions\/927"}],"wp:attachment":[{"href":"https:\/\/potterylikepoetry.lt\/lt\/wp-json\/wp\/v2\/media?parent=109"}],"curies":[{"name":"wp","href":"https:\/\/api.w.org\/{rel}","templated":true}]}}