{"id":122,"date":"2023-07-10T12:10:32","date_gmt":"2023-07-10T12:10:32","guid":{"rendered":"https:\/\/potterylikepoetry.lt\/?page_id=122"},"modified":"2024-08-05T13:41:01","modified_gmt":"2024-08-05T13:41:01","slug":"private-events","status":"publish","type":"page","link":"https:\/\/potterylikepoetry.lt\/lt\/private-events\/","title":{"rendered":"Privat\u016bs renginiai"},"content":{"rendered":"<hr class=\"wp-block-separator has-text-color has-alpha-channel-opacity has-background\" style=\"background-color:#e5e5e5;color:#e5e5e5\"\/>\n\n\n\n<div class=\"wp-block-columns is-layout-flex wp-container-core-columns-is-layout-9d6595d7 wp-block-columns-is-layout-flex\">\n<div class=\"wp-block-column is-layout-flow wp-block-column-is-layout-flow\" style=\"flex-basis:66.66%\">\n<p>Norite pa\u012fvairinti gimtadien\u012f, mergvakar\u012f, draug\u0173 ar bendradarbi\u0173 susib\u016brim\u0105 ir praturtinti j\u012f bendra patirtimi? Kvie\u010diame Jus priva\u010diam lipdymo vakarui, popietei ar rytui!<\/p>\n\n\n\n<p>\u0160io u\u017esi\u0117mimo metu kiekvienas dalyvis pasirinktinai lipdys puodel\u012f arba duben\u0117l\u012f i\u0161 gelsvo molio ir dekoruos j\u012f poglaz\u016briniais da\u017eais. Pagaminti darbai liks studijoje.<\/p>\n\n\n\n<p>\u010cia juos i\u0161d\u017eiovinsime, i\u0161degsime, nuglaz\u016bruosime skaidria bespalve glaz\u016bra (kad k\u016briniai tikt\u0173 s\u0105ly\u010diui su maistu), i\u0161degsime dar kart\u0105. Ma\u017edaug po dviej\u0173 savai\u010di\u0173 susisieksime su Jumis, kad u\u017esuktum\u0117te atsiimti savo k\u016brini\u0173.<\/p>\n\n\n\n<p>Viso u\u017esi\u0117mimo metu \u017eingsnis po \u017eingsnio Jus lyd\u0117s, techninius niuansus paai\u0161kins ir k\u016brybinius sprendimus pad\u0117s priimti profesionali Kristinos prie\u017ei\u016bra.<\/p>\n\n\n\n<p>U\u017esi\u0117mimo kaina priklauso nuo dalyvi\u0173 skai\u010diaus.<\/p>\n\n\n\n<p>Kaina asmeniui 50\u20ac<br>Ma\u017eiausias dalyvi\u0173 skai\u010dius 5 asmenys. (Dalyvaujant ma\u017eenei nei 5 asmen\u0173 grupei kaina i\u0161lieka 250 eur\u0173)<br>Maksimalus 12 asmen\u0173. <br \/>\n(Dalyvaujant ma\u017eiau nei 5 asmenims, u\u017esi\u0117mimo kaina i\u0161lieka kaip minimalios 5 asmen\u0173 grup\u0117s - 250\u20ac.)<br>U\u017esi\u0117mimo trukm\u0117 2-3 val.<br>Studijoje J\u016bs\u0173 lauks visos darbui reikalingos priemon\u0117s ir arbata.<\/p>\n\n\n\n<p>Jei po u\u017esi\u0117mimo nor\u0117tum\u0117te likti studijoje jaukiai pasi\u0161neku\u010diuoti ar pasivai\u0161inti savo atsine\u0161tomis vai\u0161\u0117mis, kiekvienas papildomas pusvalandis kainuoja 30\u20ac<\/p>\n\n\n\n<p><\/p>\n\n\n\n<p>Nor\u0117dami u\u017esiregistruoti priva\u010diam u\u017esi\u0117mimui, susisiekite su mumis puslapio pa\u010dioje nurodytais kontaktais<\/p>\n<\/div>\n\n\n\n<div class=\"wp-block-column is-layout-flow wp-block-column-is-layout-flow\" style=\"flex-basis:33.33%\">\n<figure class=\"wp-block-image size-large\"><img decoding=\"async\" src=\"https:\/\/potterylikepoetry.lt\/wp-content\/uploads\/2023\/10\/Potterylikepoetry-4-683x1024.jpg\" alt=\"\" class=\"wp-image-658\"\/><\/figure>\n<\/div>\n<\/div>\n\n\n\n<p><\/p>","protected":false},"excerpt":{"rendered":"<p>Do you want to spice up a birthday, bachelorette party, gathering of friends or colleagues and enrich it with a shared experience? We invite you for a private sculpting evening, afternoon or morning! During this activity, each participant will choose to sculpt a cup or bowl from yellowish clay and decorate it with underglaze paint. <a href=\"https:\/\/potterylikepoetry.lt\/lt\/private-events\/\" class=\"read-more inline\">Read More<\/a><\/p>","protected":false},"author":1,"featured_media":0,"parent":0,"menu_order":0,"comment_status":"closed","ping_status":"closed","template":"","meta":{"footnotes":""},"class_list":["post-122","page","type-page","status-publish","hentry"],"aioseo_notices":[],"jetpack_sharing_enabled":true,"_links":{"self":[{"href":"https:\/\/potterylikepoetry.lt\/lt\/wp-json\/wp\/v2\/pages\/122","targetHints":{"allow":["GET"]}}],"collection":[{"href":"https:\/\/potterylikepoetry.lt\/lt\/wp-json\/wp\/v2\/pages"}],"about":[{"href":"https:\/\/potterylikepoetry.lt\/lt\/wp-json\/wp\/v2\/types\/page"}],"author":[{"embeddable":true,"href":"https:\/\/potterylikepoetry.lt\/lt\/wp-json\/wp\/v2\/users\/1"}],"replies":[{"embeddable":true,"href":"https:\/\/potterylikepoetry.lt\/lt\/wp-json\/wp\/v2\/comments?post=122"}],"version-history":[{"count":10,"href":"https:\/\/potterylikepoetry.lt\/lt\/wp-json\/wp\/v2\/pages\/122\/revisions"}],"predecessor-version":[{"id":1203,"href":"https:\/\/potterylikepoetry.lt\/lt\/wp-json\/wp\/v2\/pages\/122\/revisions\/1203"}],"wp:attachment":[{"href":"https:\/\/potterylikepoetry.lt\/lt\/wp-json\/wp\/v2\/media?parent=122"}],"curies":[{"name":"wp","href":"https:\/\/api.w.org\/{rel}","templated":true}]}}