{"id":124,"date":"2023-07-10T12:11:36","date_gmt":"2023-07-10T12:11:36","guid":{"rendered":"https:\/\/potterylikepoetry.lt\/?page_id=124"},"modified":"2024-08-22T10:52:25","modified_gmt":"2024-08-22T10:52:25","slug":"one-time-workshop","status":"publish","type":"page","link":"https:\/\/potterylikepoetry.lt\/lt\/one-time-workshop\/","title":{"rendered":"Vieno apsilankymo dirbtuv\u0117s"},"content":{"rendered":"<hr class=\"wp-block-separator has-text-color has-alpha-channel-opacity has-background\" style=\"background-color:#e0e0e0;color:#e0e0e0\"\/>\n\n\n\n<div class=\"wp-block-columns is-layout-flex wp-container-core-columns-is-layout-9d6595d7 wp-block-columns-is-layout-flex\">\n<div class=\"wp-block-column is-layout-flow wp-block-column-is-layout-flow\" style=\"flex-basis:66.66%\">\n<p>Gal jau seniai svajojai prisiliesti prie molio? Nuobod\u017eiauji ir ie\u0161kai b\u016bdo, kaip \u012fdomiai praleisti vakar\u0105? Pasiilgai nauj\u0173 patir\u010di\u0173?<\/p>\n\n\n\n<p>Turime pasi\u016blym\u0105 Tau:<\/p>\n\n\n\n<p>Kvie\u010diame prisijungti \u012f temines, vienkartines dirbtuves. Jos puikiai tinka niekada nelipd\u017eiusiems arba norintiems i\u0161girsti bei i\u0161bandyti vienos nuoseklios technikos lipdym\u0105.<\/p>\n\n\n\n<p>\u0160i\u0173 dirbtuvi\u0173 metu temati\u0161kai lipdome: puodelius, duben\u0117lius, l\u0117k\u0161tes, vazas, dubenis.<\/p>\n\n\n\n<p>Vieno u\u017esi\u0117mimo metu kiekvienas dalyvis nusilipdo po vien\u0105 lipdin\u012f ir j\u012f dekoruoja poglaz\u016briniais da\u017eais.<br>Pagaminti darbai lieka studijoje.<br>\u010cia juos i\u0161d\u017eioviname, i\u0161degame, nuglaz\u016bruojame skaidria bespalve glaz\u016bra (kad darbai tikt\u0173 s\u0105ly\u010diui su maistu), i\u0161degame dar kart\u0105. Ma\u017edaug po dviej\u0173 savai\u010di\u0173 susisiekiame su Jumis, kad u\u017esuktum\u0117te atsiimti savo k\u016brini\u0173.<\/p>\n\n\n\n<p>Puodelio, duben\u0117lio arba l\u0117k\u0161t\u0117s dirbtuv\u0117s kainuoja 45\u20ac asmeniui<br>Puodelio su l\u0117k\u0161tele rinkinuko dirbtuv\u0117s - \u20ac55<br>Didelio dubens arba vazos dirbtuv\u0117s - \u20ac80<\/p>\n\n\n\n<p>Di\u017eiausias galima dalyvi\u0173 skai\u010dius 12 asmen\u0173<br>U\u017esi\u0117mimo trukm\u0117, pasirinktai nuo dirbtuvi\u0173, gali b\u016bti  nuo 2 iki 5 val.<br>U\u017esi\u0117mimai skirti suaugusiems.<br>Studijoje J\u016bs\u0173 lauks visos darbui reikalingos priemon\u0117s ir arbata.<br><br>Ar norite su\u017einoti artimiausi\u0173 dirbtuvi\u0173 laikus?<br>Nekeliauk \u012f m\u016bs\u0173 rengini\u0173 puslap\u012f -&gt; <a href=\"https:\/\/www.facebook.com\/potterylikepoetry\/events\">https:\/\/www.facebook.com\/potterylikepoetry\/events<\/a><\/p>\n<\/div>\n\n\n\n<div class=\"wp-block-column has-small-font-size is-layout-flow wp-block-column-is-layout-flow\" style=\"padding-top:0;padding-bottom:0;flex-basis:33.33%\">\n<figure class=\"wp-block-image size-large\"><img decoding=\"async\" src=\"https:\/\/potterylikepoetry.lt\/wp-content\/uploads\/2023\/10\/Potterylikepoetry-5-683x1024.jpg\" alt=\"\" class=\"wp-image-654\"\/><\/figure>\n<\/div>\n<\/div>\n\n\n\n<p><\/p>","protected":false},"excerpt":{"rendered":"<p>Maybe you&#8217;ve dreamed of touching clay for a long time? Bored and looking for a way to spend an interesting evening? Do you miss new experiences? We have an offer for you: We invite you to join the thematic, one-time workshops. They are perfect for those who have never sculpted before or who want to <a href=\"https:\/\/potterylikepoetry.lt\/lt\/one-time-workshop\/\" class=\"read-more inline\">Read More<\/a><\/p>","protected":false},"author":1,"featured_media":0,"parent":0,"menu_order":0,"comment_status":"closed","ping_status":"closed","template":"","meta":{"footnotes":""},"class_list":["post-124","page","type-page","status-publish","hentry"],"aioseo_notices":[],"jetpack_sharing_enabled":true,"_links":{"self":[{"href":"https:\/\/potterylikepoetry.lt\/lt\/wp-json\/wp\/v2\/pages\/124","targetHints":{"allow":["GET"]}}],"collection":[{"href":"https:\/\/potterylikepoetry.lt\/lt\/wp-json\/wp\/v2\/pages"}],"about":[{"href":"https:\/\/potterylikepoetry.lt\/lt\/wp-json\/wp\/v2\/types\/page"}],"author":[{"embeddable":true,"href":"https:\/\/potterylikepoetry.lt\/lt\/wp-json\/wp\/v2\/users\/1"}],"replies":[{"embeddable":true,"href":"https:\/\/potterylikepoetry.lt\/lt\/wp-json\/wp\/v2\/comments?post=124"}],"version-history":[{"count":14,"href":"https:\/\/potterylikepoetry.lt\/lt\/wp-json\/wp\/v2\/pages\/124\/revisions"}],"predecessor-version":[{"id":1212,"href":"https:\/\/potterylikepoetry.lt\/lt\/wp-json\/wp\/v2\/pages\/124\/revisions\/1212"}],"wp:attachment":[{"href":"https:\/\/potterylikepoetry.lt\/lt\/wp-json\/wp\/v2\/media?parent=124"}],"curies":[{"name":"wp","href":"https:\/\/api.w.org\/{rel}","templated":true}]}}