{"id":126,"date":"2023-07-10T12:12:40","date_gmt":"2023-07-10T12:12:40","guid":{"rendered":"https:\/\/potterylikepoetry.lt\/?page_id=126"},"modified":"2025-11-20T19:13:41","modified_gmt":"2025-11-20T19:13:41","slug":"weekly-classes","status":"publish","type":"page","link":"https:\/\/potterylikepoetry.lt\/lt\/weekly-classes\/","title":{"rendered":"Kassavaitiniai u\u017esi\u0117mimai"},"content":{"rendered":"<hr class=\"wp-block-separator has-text-color has-alpha-channel-opacity has-background\" style=\"background-color:#dedede;color:#dedede\"\/>\n\n\n\n<div class=\"wp-block-columns is-layout-flex wp-container-core-columns-is-layout-9d6595d7 wp-block-columns-is-layout-flex\">\n<div class=\"wp-block-column is-layout-flow wp-block-column-is-layout-flow\" style=\"flex-basis:66.66%\">\n<p>\u0160iuos u\u017esi\u0117mimus mes m\u0117gstame vadinti b\u016breliu suaugusimes. Jie vykst\u0105 kart\u0105 per savait\u0119 ir viet\u0105 prie lipdymo stalo Jums rezervuojame visam m\u0117nesiui. Galb\u016bt turite projekt\u0173, kuriuos norite \u012fgyvendinti, o gal norisi tiesiog atsis\u0117sti prie stalo ir steb\u0117ti k\u0105 rankos pa\u010dios nulipdys. Gal su moliu pa\u017eindinat\u0117s jau de\u0161imtmet\u012f, o gal liesit\u0117s pat\u012f pirm\u0105 kart\u0105 - visa tai nesvarbu. Svarbiausia, kad yra noras liesti, jausti, patirti, kurti.<\/p>\n\n\n\n<p>U\u017esi\u0117mimo metu Jus lydi patyr\u0119 keramikai.<\/p>\n\n\n\n<p>Dirbame ne didesn\u0117je nei 8 asmen\u0173 grup\u0117se tod\u0117l kiekvienam b\u016bna skiriamas individualus d\u0117mesys. Pradedantiesiems galime sudaryti individuali\u0105 lipdymo program\u0105, kuri\u0105 sekant langvai \u012fsisivami keramikos pradmenys.<\/p>\n\n\n\n<p>U\u017esi\u0117mimas trunka dvi valandas<br>Kaina m\u0117nesiui 100\u20ac (Keturi kartai po dvi valandas. \u0160iuos keturis kartus reikia i\u0161lankyti per 5 savaites.)<br>Studijoje laukia visos darbui reikalingos priemon\u0117s ir arbata.<\/p>\n\n\n\n<p>U\u017esi\u0117mimai skirti suaugusiems.<br><br>\u0160iuo metu nuolatiniai u\u017esi\u0117mimai nevyksta<\/p>\n<\/div>\n\n\n\n<div class=\"wp-block-column is-layout-flow wp-block-column-is-layout-flow\" style=\"flex-basis:33.33%\">\n<figure class=\"wp-block-image size-large\"><img loading=\"lazy\" decoding=\"async\" width=\"683\" height=\"1024\" src=\"https:\/\/potterylikepoetry.lt\/wp-content\/uploads\/2023\/10\/Potterylikepoetry-8-683x1024.jpg\" alt=\"\" class=\"wp-image-662\" srcset=\"https:\/\/potterylikepoetry.lt\/wp-content\/uploads\/2023\/10\/Potterylikepoetry-8-683x1024.jpg 683w, https:\/\/potterylikepoetry.lt\/wp-content\/uploads\/2023\/10\/Potterylikepoetry-8-200x300.jpg 200w, https:\/\/potterylikepoetry.lt\/wp-content\/uploads\/2023\/10\/Potterylikepoetry-8-768x1152.jpg 768w, https:\/\/potterylikepoetry.lt\/wp-content\/uploads\/2023\/10\/Potterylikepoetry-8-1024x1536.jpg 1024w, https:\/\/potterylikepoetry.lt\/wp-content\/uploads\/2023\/10\/Potterylikepoetry-8-1365x2048.jpg 1365w, https:\/\/potterylikepoetry.lt\/wp-content\/uploads\/2023\/10\/Potterylikepoetry-8-8x12.jpg 8w, https:\/\/potterylikepoetry.lt\/wp-content\/uploads\/2023\/10\/Potterylikepoetry-8-600x900.jpg 600w, https:\/\/potterylikepoetry.lt\/wp-content\/uploads\/2023\/10\/Potterylikepoetry-8-scaled.jpg 1707w\" sizes=\"auto, (max-width: 683px) 100vw, 683px\" \/><\/figure>\n<\/div>\n<\/div>","protected":false},"excerpt":{"rendered":"<p>We like to call these activities a pottery club for adults. They take place once a week and we reserve a place at the work table for you for the whole month. Maybe you have projects that you want to implement, or maybe you just want to sit down at the table and watch what <a href=\"https:\/\/potterylikepoetry.lt\/lt\/weekly-classes\/\" class=\"read-more inline\">Read More<\/a><\/p>","protected":false},"author":1,"featured_media":0,"parent":0,"menu_order":0,"comment_status":"closed","ping_status":"closed","template":"","meta":{"footnotes":""},"class_list":["post-126","page","type-page","status-publish","hentry"],"aioseo_notices":[],"jetpack_sharing_enabled":true,"_links":{"self":[{"href":"https:\/\/potterylikepoetry.lt\/lt\/wp-json\/wp\/v2\/pages\/126","targetHints":{"allow":["GET"]}}],"collection":[{"href":"https:\/\/potterylikepoetry.lt\/lt\/wp-json\/wp\/v2\/pages"}],"about":[{"href":"https:\/\/potterylikepoetry.lt\/lt\/wp-json\/wp\/v2\/types\/page"}],"author":[{"embeddable":true,"href":"https:\/\/potterylikepoetry.lt\/lt\/wp-json\/wp\/v2\/users\/1"}],"replies":[{"embeddable":true,"href":"https:\/\/potterylikepoetry.lt\/lt\/wp-json\/wp\/v2\/comments?post=126"}],"version-history":[{"count":9,"href":"https:\/\/potterylikepoetry.lt\/lt\/wp-json\/wp\/v2\/pages\/126\/revisions"}],"predecessor-version":[{"id":1245,"href":"https:\/\/potterylikepoetry.lt\/lt\/wp-json\/wp\/v2\/pages\/126\/revisions\/1245"}],"wp:attachment":[{"href":"https:\/\/potterylikepoetry.lt\/lt\/wp-json\/wp\/v2\/media?parent=126"}],"curies":[{"name":"wp","href":"https:\/\/api.w.org\/{rel}","templated":true}]}}