{"id":3,"date":"2023-07-01T09:41:59","date_gmt":"2023-07-01T09:41:59","guid":{"rendered":"http:\/\/potterylikepoetry.lt\/?page_id=3"},"modified":"2023-11-03T15:27:22","modified_gmt":"2023-11-03T15:27:22","slug":"privacy-policy","status":"publish","type":"page","link":"https:\/\/potterylikepoetry.lt\/lt\/privacy-policy\/","title":{"rendered":"Privatumo politika"},"content":{"rendered":"<h2 class=\"wp-block-heading\">1. Bendra informacija<\/h2>\n\n\n\n<hr class=\"wp-block-separator has-css-opacity\"\/>\n\n\n\n<p><font style=\"vertical-align: inherit;\"><font style=\"vertical-align: inherit;\">\u0160i privatumo politika reglamentuoja keramikos studijos \u201ePottery like Poetry\u201c elektronin\u0117s parduotuv\u0117s www.potterylikepoetry.lt kliento (toliau \u2013 J\u016bs, J\u016bs\u0173) pagrindinius asmens duomen\u0173 rinkimo, tvarkymo ir saugojimo principus bei tvark\u0105.<\/font><\/font><\/p>\n\n\n\n<p><font style=\"vertical-align: inherit;\"><font style=\"vertical-align: inherit;\">Keramikos studija \"Pottery like Poetry\" gerbia savo Lankytoj\u0173 ir Pirk\u0117j\u0173 privatum\u0105, tod\u0117l garantuojame, kad \u0161ioje internetin\u0117je parduotuv\u0117je J\u016bs\u0173 pateikta informacija naudojama ir laikoma saugiai. Ta\u010diau prie\u0161 darydami u\u017esakym\u0105 perskaitykite \u0161ias taisykles ir pirkimo s\u0105lygas, kad v\u0117liau nekilt\u0173 nesusipratim\u0173.<\/font><\/font><\/p>\n\n\n\n<p><font style=\"vertical-align: inherit;\"><font style=\"vertical-align: inherit;\">J\u016bs\u0173 asmens duomen\u0173 rinkim\u0105, tvarkym\u0105 ir saugojim\u0105 nustato \u0161i privatumo politika, Lietuvos Respublikos Asmens duomen\u0173 teisin\u0117s apsaugos \u012fstatymas ir kiti teis\u0117s aktai.<\/font><\/font><\/p>\n\n\n\n<p><font style=\"vertical-align: inherit;\"><font style=\"vertical-align: inherit;\">Keramikos studija \"Pottery like Poetry\" pasilieka teis\u0119 bet kuriuo metu \u0161ias Taisykles keisti. Informacija apie privatumo politikos pakeitimus \u012fsipareigojame skelbti \u0161ioje interneto svetain\u0117je (www.potterylikepoetry.lt). Tod\u0117l esant privatumo politikos pakeitimams kaskart i\u0161 naujo j\u0105 perskaityti. Naudodamiesi \u0161ios elektronin\u0117s parduotuv\u0117s teikiamomis paslaugomis J\u016bs patvirtinate, kad sutinkate laikytis \u0161i\u0173 Taisykli\u0173.<\/font><\/font><\/p>\n\n\n\n<h2 class=\"wp-block-heading\"><font style=\"vertical-align: inherit;\"><font style=\"vertical-align: inherit;\">2. Koki\u0105 informacij\u0105 mes renkame?<\/font><\/font><\/h2>\n\n\n\n<hr class=\"wp-block-separator has-css-opacity\"\/>\n\n\n\n<p><font style=\"vertical-align: inherit;\"><font style=\"vertical-align: inherit;\">Mes galime rinkti, saugoti ir naudoti \u017eemiau nurodyt\u0173 r\u016b\u0161i\u0173 informacij\u0105:<\/font><\/font><\/p>\n\n\n\n<ul class=\"wp-block-list\">\n<li><font style=\"vertical-align: inherit;\"><font style=\"vertical-align: inherit;\">Informacij\u0105 apie J\u016bs\u0173 kompiuter\u012f ir apie J\u016bs\u0173 apsilankymus \u0161ioje interneto svetain\u0117je bei naudojim\u0105si \u0161ia interneto svetaine (\u012fskaitant J\u016bs\u0173 IP adres\u0105, geografin\u0119 viet\u0105, nar\u0161ykl\u0117s tip\u0105, i\u0161 kur buvote nukreiptas, lankymosi trukm\u0119 ir puslapi\u0173 \u017ei\u016br\u0117jim\u0173 skai\u010di\u0173). Toliau \u0161i\u0105 informacij\u0105 vadinsime \u2013 Slapukais. <\/font><font style=\"vertical-align: inherit;\">Toliau \u0161i\u0105 informacij\u0105 vadinsime \u2013 Slapukais.<\/font><\/font><\/li>\n<\/ul>\n\n\n\n<ul class=\"wp-block-list\">\n<li><font style=\"vertical-align: inherit;\"><font style=\"vertical-align: inherit;\">Informacij\u0105, kuri\u0105 J\u016bs pateikiate mums atlikdami preki\u0173 u\u017esakymus m\u016bs\u0173 elektronin\u0117je parduotuv\u0117je<\/font><\/font><\/li>\n<\/ul>\n\n\n\n<ul class=\"wp-block-list\">\n<li><font style=\"vertical-align: inherit;\"><font style=\"vertical-align: inherit;\">Informacij\u0105, kuri\u0105 J\u016bs pateikiate si\u0173sdami mums susisiekimo u\u017eklausas.<\/font><\/font><\/li>\n<\/ul>\n\n\n\n<h2 class=\"wp-block-heading\"><font style=\"vertical-align: inherit;\"><font style=\"vertical-align: inherit;\">3. Slapukai<\/font><\/font><\/h2>\n\n\n\n<hr class=\"wp-block-separator has-css-opacity\"\/>\n\n\n\n<p><font style=\"vertical-align: inherit;\"><font style=\"vertical-align: inherit;\">Slapuk\u0105 sudaro informacija, tinklo tarnybin\u0117s stoties siun\u010diama interneto nar\u0161yklei ir laikoma nar\u0161ykl\u0117s. \u0160i informacija v\u0117liau siun\u010diama atgal tarnybinei sto\u010diai kaskart kai nar\u0161ykl\u0117 papra\u0161o puslapio i\u0161 tos tarnybin\u0117s stoties. Tai leid\u017eia tai tinklo tarnybinei sto\u010diai identifikuoti ir sekti interneto nar\u0161ykl\u0119. Mes naudojame Google Analytics \u012frankiu \u0161iai interneto svetainei analizuoti. Google Analytics generuoja statistin\u0119 ir kit\u0105 informacij\u0105 apie naudojim\u0105si svetaine panaudodama slapukus, kurie laikomi vartotoj\u0173 kompiuteriuose. Generuojama su m\u016bs\u0173 interneto svetaine susijusi informacija yra naudojama kurti ataskaitas apie naudojim\u0105si \u0161ia interneto svetaine. \u0160i\u0105 informacij\u0105 laikys Google. Google privatumo politika prieinama \u010dia: http:\/\/www.google.com\/privacypolicy.html.<\/font><\/font><\/p>\n\n\n\n<h2 class=\"wp-block-heading\"><font style=\"vertical-align: inherit;\"><font style=\"vertical-align: inherit;\">4. J\u016bs\u0173 asmenini\u0173 duomen\u0173 naudojimas<\/font><\/font><\/h2>\n\n\n\n<hr class=\"wp-block-separator has-css-opacity\"\/>\n\n\n\n<p><font style=\"vertical-align: inherit;\"><font style=\"vertical-align: inherit;\">Asmeniniai duomenys, pateikti \u0161ioje interneto svetain\u0117je, bus naudojami tikslams, nurodytiems \u0161ioje privatumo politikoje. <\/font><font style=\"vertical-align: inherit;\">Mes galime naudoti j\u016bs\u0173 asmenin\u0119 informacij\u0105 \u0161iems tikslams:<\/font><\/font><\/p>\n\n\n\n<ul class=\"wp-block-list\">\n<li><font style=\"vertical-align: inherit;\"><font style=\"vertical-align: inherit;\">Interneto svetainei administruoti;<\/font><\/font><\/li>\n<\/ul>\n\n\n\n<ul class=\"wp-block-list\">\n<li><font style=\"vertical-align: inherit;\"><font style=\"vertical-align: inherit;\">Apdoroti J\u016bs\u0173 preki\u0173 u\u017esakymus<\/font><\/font><\/li>\n<\/ul>\n\n\n\n<ul class=\"wp-block-list\">\n<li><font style=\"vertical-align: inherit;\"><font style=\"vertical-align: inherit;\">I\u0161ra\u0161yti finansinius dokumentus (s\u0105skaitas fakt\u016bras)<\/font><\/font><\/li>\n<\/ul>\n\n\n\n<ul class=\"wp-block-list\">\n<li><font style=\"vertical-align: inherit;\"><font style=\"vertical-align: inherit;\">urint J\u016bs\u0173 sutikim\u0105 si\u0173sti Jums el. pa\u0161tu m\u016bs\u0173 naujienlai\u0161k\u012f, kuris, m\u016bs\u0173 manymu, gali b\u016bti Jums \u012fdomus (J\u016bs galite bet kada informuoti mus, jeigu nebenorite, kad naujienlai\u0161kis b\u016bt\u0173 Jums siun\u010diamas);<\/font><\/font><\/li>\n<\/ul>\n\n\n\n<p><font style=\"vertical-align: inherit;\"><font style=\"vertical-align: inherit;\">Be ai\u0161kaus j\u016bs\u0173 sutikimo mes neteiksime j\u016bs\u0173 asmenini\u0173 duomen\u0173 jokioms tre\u010diosioms \u0161alims tiesio<\/font><\/font><\/p>","protected":false},"excerpt":{"rendered":"<p>1. General information This privacy policy regulates the basic principles and procedure for collecting, processing and storing personal data of the customer (hereinafter &#8211; You, Yours) of the online store www.potterylikepoetry.lt, of the ceramic studio &#8220;Pottery like Poetry&#8221;. Ceramic studio &#8220;Pottery like Poetry&#8221; respects the privacy of its Visitors and Buyers, therefore we guarantee that <a href=\"https:\/\/potterylikepoetry.lt\/lt\/privacy-policy\/\" class=\"read-more inline\">Read More<\/a><\/p>","protected":false},"author":1,"featured_media":0,"parent":0,"menu_order":0,"comment_status":"closed","ping_status":"open","template":"","meta":{"footnotes":""},"class_list":["post-3","page","type-page","status-publish","hentry"],"aioseo_notices":[],"jetpack_sharing_enabled":true,"_links":{"self":[{"href":"https:\/\/potterylikepoetry.lt\/lt\/wp-json\/wp\/v2\/pages\/3","targetHints":{"allow":["GET"]}}],"collection":[{"href":"https:\/\/potterylikepoetry.lt\/lt\/wp-json\/wp\/v2\/pages"}],"about":[{"href":"https:\/\/potterylikepoetry.lt\/lt\/wp-json\/wp\/v2\/types\/page"}],"author":[{"embeddable":true,"href":"https:\/\/potterylikepoetry.lt\/lt\/wp-json\/wp\/v2\/users\/1"}],"replies":[{"embeddable":true,"href":"https:\/\/potterylikepoetry.lt\/lt\/wp-json\/wp\/v2\/comments?post=3"}],"version-history":[{"count":4,"href":"https:\/\/potterylikepoetry.lt\/lt\/wp-json\/wp\/v2\/pages\/3\/revisions"}],"predecessor-version":[{"id":934,"href":"https:\/\/potterylikepoetry.lt\/lt\/wp-json\/wp\/v2\/pages\/3\/revisions\/934"}],"wp:attachment":[{"href":"https:\/\/potterylikepoetry.lt\/lt\/wp-json\/wp\/v2\/media?parent=3"}],"curies":[{"name":"wp","href":"https:\/\/api.w.org\/{rel}","templated":true}]}}