{"id":73,"date":"2023-07-08T18:07:50","date_gmt":"2023-07-08T18:07:50","guid":{"rendered":"https:\/\/potterylikepoetry.lt\/?page_id=73"},"modified":"2023-11-21T13:05:31","modified_gmt":"2023-11-21T13:05:31","slug":"colllections","status":"publish","type":"page","link":"https:\/\/potterylikepoetry.lt\/lt\/colllections\/","title":{"rendered":"Kolekcijos"},"content":{"rendered":"<hr class=\"wp-block-separator has-text-color has-alpha-channel-opacity has-background\" style=\"background-color:#dfdfdf;color:#dfdfdf\"\/>\n\n\n\n<div class=\"wp-block-columns is-layout-flex wp-container-core-columns-is-layout-9d6595d7 wp-block-columns-is-layout-flex\">\n<div class=\"wp-block-column is-layout-flow wp-block-column-is-layout-flow\" style=\"padding-top:var(--wp--preset--spacing--30);padding-bottom:var(--wp--preset--spacing--60);flex-basis:66.66%\">\n<h2 class=\"wp-block-heading has-text-align-center\">\u012eSIMYL\u0116JIMAS<\/h2>\n\n\n\n<p class=\"has-text-align-left\" style=\"padding-right:var(--wp--preset--spacing--40);padding-bottom:0;padding-left:var(--wp--preset--spacing--40)\">Truput\u0117l\u012f saldi, truput\u0117l\u012f naivi, labai \u0161velni, o svarbiausia - nepamir\u0161tama, kaip ir pirmas \u012fsimyl\u0117jimas! \u0160ios kolekcijos indai puikiai tinka, kai norisi pakilti keliais milimetrais vir\u0161 \u017eem\u0117s ir kurti ro\u017ein\u012f gyvenim\u0105.<br><br>Pastelin\u0117 ro\u017ein\u0117 ind\u0173 spalva puikiai atskleid\u017eia patiekal\u0173 spalvas, ir \u0161velniai pakelia nuotaik\u0105. Net nem\u0117gstantys ro\u017ein\u0117s pripa\u017e\u012fsta, jog kava \u0161ios spalvos puodeliuose atrodo ypa\u010d viliojan\u010diai.<br>Kuriant \u0161iuos indus buvo prab\u0117g\u0119s \u0161\u0117\u0161\u0117lis: \u201car tik nebus jie pernelyg mergaiti\u0161ki?\u201d Bet praktika parod\u0117 prie\u0161ingai! Matyt \u0161velnumo ir jautrumo m\u016bs\u0173 skubiuose gyvenimuose niekada nebus per daug.<\/p>\n\n\n\n<p class=\"has-text-align-left\" style=\"padding-right:var(--wp--preset--spacing--40);padding-bottom:var(--wp--preset--spacing--60);padding-left:var(--wp--preset--spacing--40)\">\u0160ios kolekcijos k\u016briniai puikiai tarpusavyje dera su kolekcijomis: \u201cRamus karalius\u201d, \u201cPaj\u016brio v\u0117jas\u201d<\/p>\n\n\n\n<div class=\"wp-block-buttons has-custom-font-size has-medium-font-size is-content-justification-center is-layout-flex wp-container-core-buttons-is-layout-16018d1d wp-block-buttons-is-layout-flex\">\n<div class=\"wp-block-button has-custom-width wp-block-button__width-50 has-custom-font-size has-medium-font-size\"><a class=\"wp-block-button__link wp-element-button\" href=\"https:\/\/potterylikepoetry.lt\/lt\/produkto-zyma\/in_love\/\" style=\"border-radius:0px\">Pa\u017ei\u016br\u0117ti kolekcij\u0105<\/a><\/div>\n<\/div>\n<\/div>\n\n\n\n<div class=\"wp-block-column is-layout-flow wp-block-column-is-layout-flow\" style=\"padding-top:var(--wp--preset--spacing--60);padding-bottom:var(--wp--preset--spacing--60);flex-basis:33.33%\">\n<figure class=\"wp-block-image size-large\"><img loading=\"lazy\" decoding=\"async\" width=\"1024\" height=\"1024\" src=\"http:\/\/potterylikepoetry.lt\/wp-content\/uploads\/2023\/10\/IMG_2617-1920-1920-1024x1024.jpg\" alt=\"\" class=\"wp-image-295\" srcset=\"https:\/\/potterylikepoetry.lt\/wp-content\/uploads\/2023\/10\/IMG_2617-1920-1920-1024x1024.jpg 1024w, https:\/\/potterylikepoetry.lt\/wp-content\/uploads\/2023\/10\/IMG_2617-1920-1920-300x300.jpg 300w, https:\/\/potterylikepoetry.lt\/wp-content\/uploads\/2023\/10\/IMG_2617-1920-1920-150x150.jpg 150w, https:\/\/potterylikepoetry.lt\/wp-content\/uploads\/2023\/10\/IMG_2617-1920-1920-768x768.jpg 768w, https:\/\/potterylikepoetry.lt\/wp-content\/uploads\/2023\/10\/IMG_2617-1920-1920-1536x1536.jpg 1536w, https:\/\/potterylikepoetry.lt\/wp-content\/uploads\/2023\/10\/IMG_2617-1920-1920-12x12.jpg 12w, https:\/\/potterylikepoetry.lt\/wp-content\/uploads\/2023\/10\/IMG_2617-1920-1920-600x600.jpg 600w, https:\/\/potterylikepoetry.lt\/wp-content\/uploads\/2023\/10\/IMG_2617-1920-1920.jpg 1920w\" sizes=\"auto, (max-width: 1024px) 100vw, 1024px\" \/><\/figure>\n<\/div>\n<\/div>\n\n\n\n<hr class=\"wp-block-separator has-text-color has-alpha-channel-opacity has-background\" style=\"background-color:#dcdcdc;color:#dcdcdc\"\/>\n\n\n\n<div class=\"wp-block-columns is-layout-flex wp-container-core-columns-is-layout-9d6595d7 wp-block-columns-is-layout-flex\">\n<div class=\"wp-block-column is-layout-flow wp-block-column-is-layout-flow\" style=\"padding-top:var(--wp--preset--spacing--30);padding-bottom:var(--wp--preset--spacing--60);flex-basis:66.66%\">\n<h2 class=\"wp-block-heading has-text-align-center\" style=\"padding-bottom:var(--wp--preset--spacing--30)\">PAJ\u016aRIO V\u0116JAS<\/h2>\n\n\n\n<p style=\"padding-right:var(--wp--preset--spacing--40);padding-left:var(--wp--preset--spacing--40)\">Paj\u016brio v\u0117jas primena begalines erdves, nesibaigian\u010dias paj\u016brio pakrantes ir m\u0117lynuojan\u010dius horizontus, kuriuose vanduo susilieja su dangumi. Tegul mintys kyla auk\u0161\u010diau debes\u0173. Ten, kur nebelieka dvejoni\u0173 ir savo svajones jauti visa \u0161irdimi!<\/p>\n\n\n\n<p style=\"padding-right:var(--wp--preset--spacing--40);padding-left:var(--wp--preset--spacing--40)\">Dangi\u0161kos spalvos kolekcija patiks svajokliams, taip pat tiems, kurie \u012f namus nori \u012fsileisti daugiau \u0161viesi\u0173, pozityvi\u0173 spalv\u0173.<\/p>\n\n\n\n<p style=\"padding-right:var(--wp--preset--spacing--40);padding-bottom:var(--wp--preset--spacing--60);padding-left:var(--wp--preset--spacing--40)\">\u0160ios kolekcijos k\u016briniai puikiai tarpusavyje dera su kolekcijomis: \u201c\u012esimyl\u0117jimas\u201d, \u201cRamus karalius\u201d.<\/p>\n\n\n\n<div class=\"wp-block-buttons has-custom-font-size has-medium-font-size is-content-justification-center is-layout-flex wp-container-core-buttons-is-layout-16018d1d wp-block-buttons-is-layout-flex\">\n<div class=\"wp-block-button has-custom-width wp-block-button__width-50 has-custom-font-size has-medium-font-size\"><a class=\"wp-block-button__link wp-element-button\" href=\"https:\/\/potterylikepoetry.lt\/lt\/produkto-zyma\/ocean_wind\/\" style=\"border-radius:0px\">Pa\u017ei\u016br\u0117ti kolekcij\u0105<\/a><\/div>\n<\/div>\n<\/div>\n\n\n\n<div class=\"wp-block-column is-layout-flow wp-block-column-is-layout-flow\" style=\"padding-top:var(--wp--preset--spacing--60);padding-right:0;padding-bottom:var(--wp--preset--spacing--60);padding-left:0;flex-basis:33.33%\">\n<figure class=\"wp-block-image size-large\"><img loading=\"lazy\" decoding=\"async\" width=\"1024\" height=\"1024\" src=\"http:\/\/potterylikepoetry.lt\/wp-content\/uploads\/2023\/10\/IMG_9161-1024x1024.jpg\" alt=\"\" class=\"wp-image-589\" srcset=\"https:\/\/potterylikepoetry.lt\/wp-content\/uploads\/2023\/10\/IMG_9161-1024x1024.jpg 1024w, https:\/\/potterylikepoetry.lt\/wp-content\/uploads\/2023\/10\/IMG_9161-300x300.jpg 300w, https:\/\/potterylikepoetry.lt\/wp-content\/uploads\/2023\/10\/IMG_9161-150x150.jpg 150w, https:\/\/potterylikepoetry.lt\/wp-content\/uploads\/2023\/10\/IMG_9161-768x768.jpg 768w, https:\/\/potterylikepoetry.lt\/wp-content\/uploads\/2023\/10\/IMG_9161-1536x1536.jpg 1536w, https:\/\/potterylikepoetry.lt\/wp-content\/uploads\/2023\/10\/IMG_9161-12x12.jpg 12w, https:\/\/potterylikepoetry.lt\/wp-content\/uploads\/2023\/10\/IMG_9161-600x600.jpg 600w, https:\/\/potterylikepoetry.lt\/wp-content\/uploads\/2023\/10\/IMG_9161.jpg 2048w\" sizes=\"auto, (max-width: 1024px) 100vw, 1024px\" \/><\/figure>\n<\/div>\n<\/div>\n\n\n\n<hr class=\"wp-block-separator has-text-color has-alpha-channel-opacity has-background\" style=\"background-color:#dfdfdf;color:#dfdfdf\"\/>\n\n\n\n<div class=\"wp-block-columns is-layout-flex wp-container-core-columns-is-layout-9d6595d7 wp-block-columns-is-layout-flex\">\n<div class=\"wp-block-column is-layout-flow wp-block-column-is-layout-flow\" style=\"padding-top:var(--wp--preset--spacing--30);padding-bottom:var(--wp--preset--spacing--60);flex-basis:66.66%\">\n<h2 class=\"wp-block-heading has-text-align-center\" style=\"padding-bottom:var(--wp--preset--spacing--30)\">RAMUS KARALIUS<\/h2>\n\n\n\n<p style=\"padding-right:var(--wp--preset--spacing--40);padding-left:var(--wp--preset--spacing--40)\">Persmelktas paprastu stebuklingumu, kaip gra\u017eiausia kasdienyb\u0117 ir rutinos prasm\u0117. Sukurtas kasdienos Karaliams ir Karalien\u0117ms, kurie ir skalbinius lanksto ir egzoti\u0161koms atostogoms ruo\u0161iasi su tiek pat meil\u0117s.<\/p>\n\n\n\n<p style=\"padding-right:var(--wp--preset--spacing--40);padding-left:var(--wp--preset--spacing--40)\">Gyvendami Lietuvoje tikriausiai pa\u017e\u012fstame 1000 ir vien\u0105 piklos atspalv\u012f. \u0160is ypa\u010d jaukus. Dvelkiantis ramybe, paprastumu, atsipalaidavimu. Spalva neutrali, puikiai dera prie daugumos interjer\u0173.<\/p>\n\n\n\n<p style=\"padding-right:var(--wp--preset--spacing--40);padding-left:var(--wp--preset--spacing--40)\">Tai tinkamas pasirinkimas ie\u0161kantiems jaukios dovanos, bet tiksliai ne\u017einantiems, kuri spalva nud\u017eiugint\u0173 labiausiai.<\/p>\n\n\n\n<p style=\"padding-right:var(--wp--preset--spacing--40);padding-bottom:var(--wp--preset--spacing--30);padding-left:var(--wp--preset--spacing--40)\">\u0160ios kolekcijos k\u016briniai puikiai tarpusavyje dera su kolekcijomis: \u201c\u012esimyl\u0117jimas\u201d, \u201cPaj\u016brio v\u0117jas\u201d<\/p>\n\n\n\n<div class=\"wp-block-buttons has-custom-font-size has-medium-font-size is-content-justification-center is-layout-flex wp-container-core-buttons-is-layout-16018d1d wp-block-buttons-is-layout-flex\">\n<div class=\"wp-block-button has-custom-width wp-block-button__width-50 has-custom-font-size has-medium-font-size\"><a class=\"wp-block-button__link wp-element-button\" href=\"https:\/\/potterylikepoetry.lt\/lt\/produkto-zyma\/calm-king\/\" style=\"border-radius:0px\">Pa\u017ei\u016br\u0117ti kolekcij\u0105<\/a><\/div>\n<\/div>\n<\/div>\n\n\n\n<div class=\"wp-block-column is-layout-flow wp-block-column-is-layout-flow\" style=\"padding-top:var(--wp--preset--spacing--60);padding-bottom:var(--wp--preset--spacing--60);flex-basis:33.33%\">\n<figure class=\"wp-block-image size-large\"><img loading=\"lazy\" decoding=\"async\" width=\"1024\" height=\"1024\" src=\"http:\/\/potterylikepoetry.lt\/wp-content\/uploads\/2023\/10\/plp_ziema_s-055-1024x1024.jpg\" alt=\"\" class=\"wp-image-409\" srcset=\"https:\/\/potterylikepoetry.lt\/wp-content\/uploads\/2023\/10\/plp_ziema_s-055-1024x1024.jpg 1024w, https:\/\/potterylikepoetry.lt\/wp-content\/uploads\/2023\/10\/plp_ziema_s-055-300x300.jpg 300w, https:\/\/potterylikepoetry.lt\/wp-content\/uploads\/2023\/10\/plp_ziema_s-055-150x150.jpg 150w, https:\/\/potterylikepoetry.lt\/wp-content\/uploads\/2023\/10\/plp_ziema_s-055-768x768.jpg 768w, https:\/\/potterylikepoetry.lt\/wp-content\/uploads\/2023\/10\/plp_ziema_s-055-1536x1536.jpg 1536w, https:\/\/potterylikepoetry.lt\/wp-content\/uploads\/2023\/10\/plp_ziema_s-055-12x12.jpg 12w, https:\/\/potterylikepoetry.lt\/wp-content\/uploads\/2023\/10\/plp_ziema_s-055-600x600.jpg 600w, https:\/\/potterylikepoetry.lt\/wp-content\/uploads\/2023\/10\/plp_ziema_s-055.jpg 1920w\" sizes=\"auto, (max-width: 1024px) 100vw, 1024px\" \/><\/figure>\n<\/div>\n<\/div>\n\n\n\n<hr class=\"wp-block-separator has-text-color has-alpha-channel-opacity has-background\" style=\"background-color:#e5e5e5;color:#e5e5e5\"\/>\n\n\n\n<div class=\"wp-block-columns is-layout-flex wp-container-core-columns-is-layout-9d6595d7 wp-block-columns-is-layout-flex\">\n<div class=\"wp-block-column is-layout-flow wp-block-column-is-layout-flow\" style=\"padding-top:var(--wp--preset--spacing--30);padding-bottom:var(--wp--preset--spacing--60);flex-basis:66.66%\">\n<h2 class=\"wp-block-heading has-text-align-center\">S\u016aRI KARAMEL\u0116<\/h2>\n\n\n\n<p>Tikriausiai tai skaniausia spalva, kuri\u0105 galite rasti m\u016bs\u0173 parduotuv\u0117je! Dr\u0105siai galime teigti, jog \u0161i spalva atstoja desert\u0105, nes talpina savyje visus karamel\u0117s atspalvius. Kadangi glaz\u016bra yra pusiau skaidri kiekviena rank\u0173 darbo detal\u0117 i\u0161ry\u0161k\u0117ja, pabr\u0117\u017eia gaminio unikalum\u0105.<br><br>Pasirinkus kelias \u0161ios kolekcijos l\u0117k\u0161tes, pasteb\u0117site kiek daug atspalvi\u0173 gali tur\u0117ti viena spalva. Tai ypa\u010d patiks ie\u0161kantiems nuosaikios, bet ne nuobod\u017eios stalo serviruot\u0117s.<br>Kolekcija patiks \u0161iltus atspalvius m\u0117gstantiems, norintiems namus ir gyvenim\u0105 u\u017elieti saul\u0117tomis nuotaikomis. Kaip lapai ruden\u012f atspindi paskutinius \u0161iltos saul\u0117s spindulius, kaip \u0161auk\u0161telis medaus pasaldina pilk\u0117jan\u010dius ir \u0161alt\u0117jan\u010dius vakarus, taip \u0161i kolekcija spinduliuoja skan\u0173 jaukum\u0105.<\/p>\n\n\n\n<p>S\u016brios karamel\u0117s darbai puikiai dera su kolekcijos \u201cPerk\u016bno griausmas\u201d k\u016briniais.<\/p>\n\n\n\n<div class=\"wp-block-buttons has-custom-font-size has-medium-font-size is-content-justification-center is-layout-flex wp-container-core-buttons-is-layout-16018d1d wp-block-buttons-is-layout-flex\">\n<div class=\"wp-block-button has-custom-width wp-block-button__width-50 has-custom-font-size has-medium-font-size\"><a class=\"wp-block-button__link wp-element-button\" href=\"https:\/\/potterylikepoetry.lt\/lt\/produkto-zyma\/salted-caramel\/\" style=\"border-radius:0px\">Pa\u017ei\u016br\u0117ti kolekcij\u0105<\/a><\/div>\n<\/div>\n<\/div>\n\n\n\n<div class=\"wp-block-column is-layout-flow wp-block-column-is-layout-flow\" style=\"padding-top:var(--wp--preset--spacing--60);padding-bottom:var(--wp--preset--spacing--60);flex-basis:33.33%\">\n<figure class=\"wp-block-image size-large\"><img loading=\"lazy\" decoding=\"async\" width=\"1024\" height=\"1024\" src=\"http:\/\/potterylikepoetry.lt\/wp-content\/uploads\/2023\/10\/IMG_5158-2-1024x1024.jpg\" alt=\"\" class=\"wp-image-441\" srcset=\"https:\/\/potterylikepoetry.lt\/wp-content\/uploads\/2023\/10\/IMG_5158-2-1024x1024.jpg 1024w, https:\/\/potterylikepoetry.lt\/wp-content\/uploads\/2023\/10\/IMG_5158-2-300x300.jpg 300w, https:\/\/potterylikepoetry.lt\/wp-content\/uploads\/2023\/10\/IMG_5158-2-150x150.jpg 150w, https:\/\/potterylikepoetry.lt\/wp-content\/uploads\/2023\/10\/IMG_5158-2-768x768.jpg 768w, https:\/\/potterylikepoetry.lt\/wp-content\/uploads\/2023\/10\/IMG_5158-2-1536x1536.jpg 1536w, https:\/\/potterylikepoetry.lt\/wp-content\/uploads\/2023\/10\/IMG_5158-2-12x12.jpg 12w, https:\/\/potterylikepoetry.lt\/wp-content\/uploads\/2023\/10\/IMG_5158-2-600x600.jpg 600w, https:\/\/potterylikepoetry.lt\/wp-content\/uploads\/2023\/10\/IMG_5158-2.jpg 2048w\" sizes=\"auto, (max-width: 1024px) 100vw, 1024px\" \/><\/figure>\n<\/div>\n<\/div>\n\n\n\n<hr class=\"wp-block-separator has-text-color has-alpha-channel-opacity has-background\" style=\"background-color:#dcdcdc;color:#dcdcdc\"\/>\n\n\n\n<div class=\"wp-block-columns is-layout-flex wp-container-core-columns-is-layout-9d6595d7 wp-block-columns-is-layout-flex\">\n<div class=\"wp-block-column is-layout-flow wp-block-column-is-layout-flow\" style=\"padding-top:var(--wp--preset--spacing--30);padding-bottom:var(--wp--preset--spacing--60);flex-basis:66.66%\">\n<h2 class=\"wp-block-heading has-text-align-center\" style=\"padding-bottom:var(--wp--preset--spacing--30)\">\u012eKV\u0116PIMAS<\/h2>\n\n\n\n<p style=\"padding-right:var(--wp--preset--spacing--40);padding-left:var(--wp--preset--spacing--40)\">Vienas mylimiausi\u0173 m\u016bs\u0173 ir j\u016bs\u0173 spalv\u0173 derini\u0173, keliaujantis kartu nuo pat pirm\u0173 Pottery like Poetry lipdini\u0173. Raudona, balta ir juoda - ry\u0161kiai kontrastuoja tarpusavyje, kuria dinami\u0161k\u0105, k\u016brybing\u0105 ir gyv\u0105 nuotaik\u0105.<\/p>\n\n\n\n<p style=\"padding-right:var(--wp--preset--spacing--40);padding-left:var(--wp--preset--spacing--40)\">Linkime, kaskart pa\u017ei\u016br\u0117jus \u012f ry\u0161ki\u0105 raudon\u0105 \u0161irdut\u0119 prisiminti savo \u0161irdies norus. \u012esikv\u0117pti energijos ir dr\u0105sos naujiems projektams, senoms svajon\u0117s ar kasdienyb\u0117s \u0161edevrams.<\/p>\n\n\n\n<p style=\"padding-right:var(--wp--preset--spacing--40);padding-bottom:var(--wp--preset--spacing--60);padding-left:var(--wp--preset--spacing--40)\">Neabejojame, kad \u0161ios kolekcijos k\u016briniai taps J\u016bs\u0173 kasdienyb\u0117s \u012fkv\u0117pimu.<\/p>\n\n\n\n<div class=\"wp-block-buttons has-custom-font-size has-medium-font-size is-content-justification-center is-layout-flex wp-container-core-buttons-is-layout-16018d1d wp-block-buttons-is-layout-flex\">\n<div class=\"wp-block-button has-custom-width wp-block-button__width-50 has-custom-font-size has-medium-font-size\"><a class=\"wp-block-button__link wp-element-button\" href=\"https:\/\/potterylikepoetry.lt\/lt\/produkto-zyma\/inspiration\/\" style=\"border-radius:0px\">Pa\u017ei\u016br\u0117ti kolekcij\u0105<\/a><\/div>\n<\/div>\n<\/div>\n\n\n\n<div class=\"wp-block-column is-layout-flow wp-block-column-is-layout-flow\" style=\"padding-top:var(--wp--preset--spacing--60);padding-bottom:var(--wp--preset--spacing--60);flex-basis:33.33%\">\n<figure class=\"wp-block-image size-large\"><img loading=\"lazy\" decoding=\"async\" width=\"1024\" height=\"1024\" src=\"http:\/\/potterylikepoetry.lt\/wp-content\/uploads\/2023\/10\/plp_ziema_s-063-1024x1024.jpg\" alt=\"\" class=\"wp-image-402\" srcset=\"https:\/\/potterylikepoetry.lt\/wp-content\/uploads\/2023\/10\/plp_ziema_s-063-1024x1024.jpg 1024w, https:\/\/potterylikepoetry.lt\/wp-content\/uploads\/2023\/10\/plp_ziema_s-063-300x300.jpg 300w, https:\/\/potterylikepoetry.lt\/wp-content\/uploads\/2023\/10\/plp_ziema_s-063-150x150.jpg 150w, https:\/\/potterylikepoetry.lt\/wp-content\/uploads\/2023\/10\/plp_ziema_s-063-768x768.jpg 768w, https:\/\/potterylikepoetry.lt\/wp-content\/uploads\/2023\/10\/plp_ziema_s-063-1536x1536.jpg 1536w, https:\/\/potterylikepoetry.lt\/wp-content\/uploads\/2023\/10\/plp_ziema_s-063-12x12.jpg 12w, https:\/\/potterylikepoetry.lt\/wp-content\/uploads\/2023\/10\/plp_ziema_s-063-600x600.jpg 600w, https:\/\/potterylikepoetry.lt\/wp-content\/uploads\/2023\/10\/plp_ziema_s-063.jpg 1920w\" sizes=\"auto, (max-width: 1024px) 100vw, 1024px\" \/><\/figure>\n<\/div>\n<\/div>\n\n\n\n<hr class=\"wp-block-separator has-text-color has-alpha-channel-opacity has-background\" style=\"background-color:#dadada;color:#dadada\"\/>\n\n\n\n<div class=\"wp-block-columns is-layout-flex wp-container-core-columns-is-layout-9d6595d7 wp-block-columns-is-layout-flex\">\n<div class=\"wp-block-column is-layout-flow wp-block-column-is-layout-flow\" style=\"padding-top:var(--wp--preset--spacing--30);padding-bottom:var(--wp--preset--spacing--60);flex-basis:66.66%\">\n<h2 class=\"wp-block-heading has-text-align-center\" style=\"padding-bottom:var(--wp--preset--spacing--30)\">STAIGMENA<\/h2>\n\n\n\n<p style=\"padding-right:var(--wp--preset--spacing--40);padding-left:var(--wp--preset--spacing--40)\">\u0160is spalv\u0173 derinys primena mamos kepamus tortus. Dailiai vienas ant kito sud\u0117ti plony\u010diai biskvito blyneliai, jie kruop\u0161\u010diai aptepti grietin\u0117le ir svarbiausia -  viskas padengta spalvotais cukraus pabarstukais.<br>Nors kepyklos gamina \u012fstabiausi\u0173 dekor\u0173 ir \u012fvairiausi\u0173 skoni\u0173 tortus, \u0161io vaikyst\u0117s taip laukiamo, tik gimtadieniams ir Kal\u0117doms kepamo torto nenukonkuruos niekas.<\/p>\n\n\n\n<p style=\"padding-right:var(--wp--preset--spacing--40);padding-bottom:var(--wp--preset--spacing--40);padding-left:var(--wp--preset--spacing--40)\">\u201cStaigmena\u201d nes niekada ne\u017einome, kaip spalvoti stiklo kristalai sukris, ir kokias ra\u0161tais padabins gamin\u012f. Taip pat d\u0117l to jog staigmenos pilnos \u0161venti\u0161kos, lengvos nuotaikos, kurios ir yra kupini \u0161ie indai.<\/p>\n\n\n\n<div class=\"wp-block-buttons has-custom-font-size has-medium-font-size is-content-justification-center is-layout-flex wp-container-core-buttons-is-layout-16018d1d wp-block-buttons-is-layout-flex\">\n<div class=\"wp-block-button has-custom-width wp-block-button__width-50 has-custom-font-size has-medium-font-size\"><a class=\"wp-block-button__link wp-element-button\" href=\"https:\/\/potterylikepoetry.lt\/lt\/produkto-zyma\/surprise\/\" style=\"border-radius:0px\">Pa\u017ei\u016br\u0117ti kolekcij\u0105<\/a><\/div>\n<\/div>\n<\/div>\n\n\n\n<div class=\"wp-block-column is-layout-flow wp-block-column-is-layout-flow\" style=\"padding-top:var(--wp--preset--spacing--60);padding-bottom:var(--wp--preset--spacing--60);flex-basis:33.33%\">\n<figure class=\"wp-block-image size-large\"><img loading=\"lazy\" decoding=\"async\" width=\"1024\" height=\"1024\" src=\"http:\/\/potterylikepoetry.lt\/wp-content\/uploads\/2023\/10\/23253570-728F-4182-B0EE-65FE3839673F_1_201_a-1024x1024.jpg\" alt=\"\" class=\"wp-image-620\" srcset=\"https:\/\/potterylikepoetry.lt\/wp-content\/uploads\/2023\/10\/23253570-728F-4182-B0EE-65FE3839673F_1_201_a-1024x1024.jpg 1024w, https:\/\/potterylikepoetry.lt\/wp-content\/uploads\/2023\/10\/23253570-728F-4182-B0EE-65FE3839673F_1_201_a-300x300.jpg 300w, https:\/\/potterylikepoetry.lt\/wp-content\/uploads\/2023\/10\/23253570-728F-4182-B0EE-65FE3839673F_1_201_a-150x150.jpg 150w, https:\/\/potterylikepoetry.lt\/wp-content\/uploads\/2023\/10\/23253570-728F-4182-B0EE-65FE3839673F_1_201_a-768x768.jpg 768w, https:\/\/potterylikepoetry.lt\/wp-content\/uploads\/2023\/10\/23253570-728F-4182-B0EE-65FE3839673F_1_201_a-1536x1536.jpg 1536w, https:\/\/potterylikepoetry.lt\/wp-content\/uploads\/2023\/10\/23253570-728F-4182-B0EE-65FE3839673F_1_201_a-12x12.jpg 12w, https:\/\/potterylikepoetry.lt\/wp-content\/uploads\/2023\/10\/23253570-728F-4182-B0EE-65FE3839673F_1_201_a-600x600.jpg 600w, https:\/\/potterylikepoetry.lt\/wp-content\/uploads\/2023\/10\/23253570-728F-4182-B0EE-65FE3839673F_1_201_a.jpg 2048w\" sizes=\"auto, (max-width: 1024px) 100vw, 1024px\" \/><\/figure>\n<\/div>\n<\/div>\n\n\n\n<hr class=\"wp-block-separator has-text-color has-alpha-channel-opacity has-background\" style=\"background-color:#dfdfdf;color:#dfdfdf\"\/>\n\n\n\n<div class=\"wp-block-columns is-layout-flex wp-container-core-columns-is-layout-9d6595d7 wp-block-columns-is-layout-flex\">\n<div class=\"wp-block-column is-layout-flow wp-block-column-is-layout-flow\" style=\"padding-top:var(--wp--preset--spacing--30);padding-bottom:var(--wp--preset--spacing--60);flex-basis:66.66%\">\n<h2 class=\"wp-block-heading has-text-align-center\" style=\"padding-bottom:var(--wp--preset--spacing--30)\">LAISV\u0116<\/h2>\n\n\n\n<p style=\"padding-top:0;padding-right:var(--wp--preset--spacing--40);padding-bottom:0;padding-left:var(--wp--preset--spacing--40)\">\u0160i\u0105 kolekcij\u0105 apib\u016bdina du \u017eod\u017eiai: energija ir paprastumas. \u012ek\u016bnydami tai induose,  linkime juos naudojantiems atrakinti savo kasdienoje b\u016btent \u0161ias savybes. Kad darbai vykt\u0173 skland\u017eiai, lengvai ir paprastai, o energijos u\u017etekt\u0173 ne tik s\u0105ra\u0161ui \u201ereikia\u201c bet ir s\u0105ra\u0161ui \u201enoriu\u201c.<\/p>\n\n\n\n<p style=\"padding-top:0;padding-right:var(--wp--preset--spacing--40);padding-bottom:var(--wp--preset--spacing--60);padding-left:var(--wp--preset--spacing--40)\">Baltas molis dekoruotas dr\u0105siais, ver\u017eliais potepiais atrodo \u012fsp\u016bdingai. Net keptas kiau\u0161inis tokioje l\u0117k\u0161t\u0117je gali virsti meno k\u016briniu. Dr\u0105siai derinkite \u0161iuos indus su lygiais baltas, juodais ar spalvotais.<\/p>\n\n\n\n<div class=\"wp-block-buttons has-custom-font-size has-medium-font-size is-content-justification-center is-layout-flex wp-container-core-buttons-is-layout-16018d1d wp-block-buttons-is-layout-flex\">\n<div class=\"wp-block-button has-custom-width wp-block-button__width-50 has-custom-font-size has-medium-font-size\"><a class=\"wp-block-button__link wp-element-button\" href=\"https:\/\/potterylikepoetry.lt\/lt\/produkto-zyma\/freedom\/\" style=\"border-radius:0px\">Pa\u017ei\u016br\u0117ti kolekcij\u0105<\/a><\/div>\n<\/div>\n<\/div>\n\n\n\n<div class=\"wp-block-column is-layout-flow wp-block-column-is-layout-flow\" style=\"padding-top:var(--wp--preset--spacing--60);padding-bottom:var(--wp--preset--spacing--60);flex-basis:33.33%\">\n<figure class=\"wp-block-image size-large\"><img loading=\"lazy\" decoding=\"async\" width=\"1024\" height=\"1024\" src=\"http:\/\/potterylikepoetry.lt\/wp-content\/uploads\/2023\/10\/plp_winter_love-56-1024x1024.jpg\" alt=\"\" class=\"wp-image-380\" srcset=\"https:\/\/potterylikepoetry.lt\/wp-content\/uploads\/2023\/10\/plp_winter_love-56-1024x1024.jpg 1024w, https:\/\/potterylikepoetry.lt\/wp-content\/uploads\/2023\/10\/plp_winter_love-56-300x300.jpg 300w, https:\/\/potterylikepoetry.lt\/wp-content\/uploads\/2023\/10\/plp_winter_love-56-150x150.jpg 150w, https:\/\/potterylikepoetry.lt\/wp-content\/uploads\/2023\/10\/plp_winter_love-56-768x768.jpg 768w, https:\/\/potterylikepoetry.lt\/wp-content\/uploads\/2023\/10\/plp_winter_love-56-1536x1536.jpg 1536w, https:\/\/potterylikepoetry.lt\/wp-content\/uploads\/2023\/10\/plp_winter_love-56-12x12.jpg 12w, https:\/\/potterylikepoetry.lt\/wp-content\/uploads\/2023\/10\/plp_winter_love-56-600x600.jpg 600w, https:\/\/potterylikepoetry.lt\/wp-content\/uploads\/2023\/10\/plp_winter_love-56.jpg 1920w\" sizes=\"auto, (max-width: 1024px) 100vw, 1024px\" \/><\/figure>\n<\/div>\n<\/div>\n\n\n\n<hr class=\"wp-block-separator has-text-color has-alpha-channel-opacity has-background\" style=\"background-color:#dcdcdc;color:#dcdcdc\"\/>","protected":false},"excerpt":{"rendered":"<p>IN LOVE A little sweet, a little naive, very gentle, and most importantly &#8211; unforgettable, just like the first love! The were of this collection are perfect when you want to rise a few millimeters above the ground and create a rosy life. The pastel pink color of the grocery perfectly reveals the colors of <a href=\"https:\/\/potterylikepoetry.lt\/lt\/colllections\/\" class=\"read-more inline\">Read More<\/a><\/p>","protected":false},"author":1,"featured_media":0,"parent":0,"menu_order":0,"comment_status":"closed","ping_status":"closed","template":"","meta":{"footnotes":""},"class_list":["post-73","page","type-page","status-publish","hentry"],"aioseo_notices":[],"jetpack_sharing_enabled":true,"_links":{"self":[{"href":"https:\/\/potterylikepoetry.lt\/lt\/wp-json\/wp\/v2\/pages\/73","targetHints":{"allow":["GET"]}}],"collection":[{"href":"https:\/\/potterylikepoetry.lt\/lt\/wp-json\/wp\/v2\/pages"}],"about":[{"href":"https:\/\/potterylikepoetry.lt\/lt\/wp-json\/wp\/v2\/types\/page"}],"author":[{"embeddable":true,"href":"https:\/\/potterylikepoetry.lt\/lt\/wp-json\/wp\/v2\/users\/1"}],"replies":[{"embeddable":true,"href":"https:\/\/potterylikepoetry.lt\/lt\/wp-json\/wp\/v2\/comments?post=73"}],"version-history":[{"count":64,"href":"https:\/\/potterylikepoetry.lt\/lt\/wp-json\/wp\/v2\/pages\/73\/revisions"}],"predecessor-version":[{"id":996,"href":"https:\/\/potterylikepoetry.lt\/lt\/wp-json\/wp\/v2\/pages\/73\/revisions\/996"}],"wp:attachment":[{"href":"https:\/\/potterylikepoetry.lt\/lt\/wp-json\/wp\/v2\/media?parent=73"}],"curies":[{"name":"wp","href":"https:\/\/api.w.org\/{rel}","templated":true}]}}