{"id":942,"date":"2023-11-04T07:36:13","date_gmt":"2023-11-04T07:36:13","guid":{"rendered":"https:\/\/potterylikepoetry.lt\/?page_id=942"},"modified":"2023-11-04T07:46:09","modified_gmt":"2023-11-04T07:46:09","slug":"delivery-conditions","status":"publish","type":"page","link":"https:\/\/potterylikepoetry.lt\/lt\/delivery-conditions\/","title":{"rendered":"Pristatymo s\u0105lygos"},"content":{"rendered":"<hr class=\"wp-block-separator has-text-color has-alpha-channel-opacity has-background\" style=\"background-color:#e4e4e4;color:#e4e4e4\"\/>\n\n\n\n<p><font style=\"vertical-align: inherit;\"><font style=\"vertical-align: inherit;\"><strong>Preki\u0173 pristatymo b\u016bdai:<\/strong><\/font><\/font><\/p>\n\n\n\n<ul class=\"wp-block-list\">\n<li><font style=\"vertical-align: inherit;\"><font style=\"vertical-align: inherit;\">Nemokamas atsi\u0117mimas m\u016bs\u0173 keramikos studijoje Vytauto g. 48, Vilniuje.<\/font><\/font>, Lithuania<\/li>\n\n\n\n<li><font style=\"vertical-align: inherit;\"><font style=\"vertical-align: inherit;\">DPD pa\u0161tomatais<\/font><\/font><\/li>\n\n\n\n<li><font style=\"vertical-align: inherit;\"><font style=\"vertical-align: inherit;\">DPD kurjeriu \u012f namus<\/font><\/font><\/li>\n<\/ul>\n\n\n\n<p><font style=\"vertical-align: inherit;\"><font style=\"vertical-align: inherit;\">Preki\u0173 pristatymo kainos siun\u010diant pa\u0161tomatu ar kurjeriu yra paskai\u010diuojamos pagal J\u016bs\u0173 i\u0161sirinkt\u0173 preki\u0173 bendr\u0105 svor\u012f ir yra Jums pateikiamos pasirenkant pristatymo b\u016bd\u0105.<\/font><\/font><\/p>\n\n\n\n<p><strong><font style=\"vertical-align: inherit;\"><font style=\"vertical-align: inherit;\">Preki\u0173 atsi\u0117mimas m\u016bs\u0173 keramikos studijoje yra NEMOKAMAS.<\/font><\/font><\/strong><\/p>\n\n\n\n<p><font style=\"vertical-align: inherit;\"><font style=\"vertical-align: inherit;\"><strong>Preki\u0173 pristatymo terminai:<\/strong><\/font><\/font><\/p>\n\n\n\n<ul class=\"wp-block-list\">\n<li><font style=\"vertical-align: inherit;\"><font style=\"vertical-align: inherit;\">Atsiimti u\u017esakytus gaminius m\u016bs\u0173 studijoje galite i\u0161 karto po u\u017esakymo \u012fvykdymo patvirtinimo. Darbo dienomis (nuo pirmadienio iki ketvirtadienio) nuo 11 iki 20 val. U\u017esakymus galim atsiimti ir kitu laiku i\u0161 anksto susitarus.<\/font><\/font><\/li>\n\n\n\n<li><font style=\"vertical-align: inherit;\"><font style=\"vertical-align: inherit;\">DPD pa\u0161tomatais - nuo 2 iki 5 d.d. (Po u\u017esakymo apmok\u0117jimo . U\u017esakymo diena ne\u012fskai\u010diuojama)<\/font><\/font><\/li>\n\n\n\n<li><font style=\"vertical-align: inherit;\"><font style=\"vertical-align: inherit;\">DPD kurjeriais - nuo 2 iki 5 d.d. (Po u\u017esakymo apmok\u0117jimo . U\u017esakymo diena ne\u012fskai\u010diuojama)<\/font><\/font><\/li>\n<\/ul>\n\n\n\n<p><font style=\"vertical-align: inherit;\"><font style=\"vertical-align: inherit;\"><strong>Preki\u0173 pakavimas:<\/strong><\/font><\/font><\/p>\n\n\n\n<p style=\"padding-bottom:var(--wp--preset--spacing--50)\"><font style=\"vertical-align: inherit;\"><font style=\"vertical-align: inherit;\">Visos m\u016bs\u0173 elektronin\u0117je parduotuv\u0117je \u012fsigytos prek\u0117s pakuojamos kaip dovanos. \u012esigijus m\u016bs\u0173 k\u016brinius Jums nebereik\u0117s sukti galvos d\u0117l dovanos estetikos.<\/font><\/font><\/p>\n\n\n\n<div class=\"wp-block-columns is-layout-flex wp-container-core-columns-is-layout-9d6595d7 wp-block-columns-is-layout-flex\">\n<div class=\"wp-block-column is-layout-flow wp-block-column-is-layout-flow\"><div class=\"wp-block-image\">\n<figure class=\"aligncenter size-large is-resized\"><img loading=\"lazy\" decoding=\"async\" width=\"768\" height=\"1024\" src=\"https:\/\/potterylikepoetry.lt\/wp-content\/uploads\/2023\/11\/IMG_9983_jpg-768x1024.jpg\" alt=\"\" class=\"wp-image-943\" style=\"aspect-ratio:0.75;width:353px;height:auto\" srcset=\"https:\/\/potterylikepoetry.lt\/wp-content\/uploads\/2023\/11\/IMG_9983_jpg-768x1024.jpg 768w, https:\/\/potterylikepoetry.lt\/wp-content\/uploads\/2023\/11\/IMG_9983_jpg-225x300.jpg 225w, https:\/\/potterylikepoetry.lt\/wp-content\/uploads\/2023\/11\/IMG_9983_jpg-1152x1536.jpg 1152w, https:\/\/potterylikepoetry.lt\/wp-content\/uploads\/2023\/11\/IMG_9983_jpg-1536x2048.jpg 1536w, https:\/\/potterylikepoetry.lt\/wp-content\/uploads\/2023\/11\/IMG_9983_jpg-9x12.jpg 9w, https:\/\/potterylikepoetry.lt\/wp-content\/uploads\/2023\/11\/IMG_9983_jpg-600x800.jpg 600w, https:\/\/potterylikepoetry.lt\/wp-content\/uploads\/2023\/11\/IMG_9983_jpg-scaled.jpg 1920w\" sizes=\"auto, (max-width: 768px) 100vw, 768px\" \/><\/figure><\/div><\/div>\n\n\n\n<div class=\"wp-block-column is-layout-flow wp-block-column-is-layout-flow\"><div class=\"wp-block-image\">\n<figure class=\"aligncenter size-large is-resized\"><img loading=\"lazy\" decoding=\"async\" width=\"768\" height=\"1024\" src=\"https:\/\/potterylikepoetry.lt\/wp-content\/uploads\/2023\/11\/IMG_9986_jpg-768x1024.jpg\" alt=\"\" class=\"wp-image-944\" style=\"aspect-ratio:0.75;width:353px;height:auto\" srcset=\"https:\/\/potterylikepoetry.lt\/wp-content\/uploads\/2023\/11\/IMG_9986_jpg-768x1024.jpg 768w, https:\/\/potterylikepoetry.lt\/wp-content\/uploads\/2023\/11\/IMG_9986_jpg-225x300.jpg 225w, https:\/\/potterylikepoetry.lt\/wp-content\/uploads\/2023\/11\/IMG_9986_jpg-1152x1536.jpg 1152w, https:\/\/potterylikepoetry.lt\/wp-content\/uploads\/2023\/11\/IMG_9986_jpg-1536x2048.jpg 1536w, https:\/\/potterylikepoetry.lt\/wp-content\/uploads\/2023\/11\/IMG_9986_jpg-9x12.jpg 9w, https:\/\/potterylikepoetry.lt\/wp-content\/uploads\/2023\/11\/IMG_9986_jpg-600x800.jpg 600w, https:\/\/potterylikepoetry.lt\/wp-content\/uploads\/2023\/11\/IMG_9986_jpg-scaled.jpg 1920w\" sizes=\"auto, (max-width: 768px) 100vw, 768px\" \/><\/figure><\/div><\/div>\n<\/div>\n\n\n\n<p> <\/p>","protected":false},"excerpt":{"rendered":"<p>Methods of delivery of goods: The prices for the delivery of goods by post machines or courier are calculated based on the total weight of the goods you have chosen and are presented to you when you choose the delivery method. Goods pick up atour pottery studio is FREE Terms of delivery of goods: Product <a href=\"https:\/\/potterylikepoetry.lt\/lt\/delivery-conditions\/\" class=\"read-more inline\">Read More<\/a><\/p>","protected":false},"author":1,"featured_media":0,"parent":0,"menu_order":0,"comment_status":"closed","ping_status":"closed","template":"","meta":{"footnotes":""},"class_list":["post-942","page","type-page","status-publish","hentry"],"aioseo_notices":[],"jetpack_sharing_enabled":true,"_links":{"self":[{"href":"https:\/\/potterylikepoetry.lt\/lt\/wp-json\/wp\/v2\/pages\/942","targetHints":{"allow":["GET"]}}],"collection":[{"href":"https:\/\/potterylikepoetry.lt\/lt\/wp-json\/wp\/v2\/pages"}],"about":[{"href":"https:\/\/potterylikepoetry.lt\/lt\/wp-json\/wp\/v2\/types\/page"}],"author":[{"embeddable":true,"href":"https:\/\/potterylikepoetry.lt\/lt\/wp-json\/wp\/v2\/users\/1"}],"replies":[{"embeddable":true,"href":"https:\/\/potterylikepoetry.lt\/lt\/wp-json\/wp\/v2\/comments?post=942"}],"version-history":[{"count":5,"href":"https:\/\/potterylikepoetry.lt\/lt\/wp-json\/wp\/v2\/pages\/942\/revisions"}],"predecessor-version":[{"id":949,"href":"https:\/\/potterylikepoetry.lt\/lt\/wp-json\/wp\/v2\/pages\/942\/revisions\/949"}],"wp:attachment":[{"href":"https:\/\/potterylikepoetry.lt\/lt\/wp-json\/wp\/v2\/media?parent=942"}],"curies":[{"name":"wp","href":"https:\/\/api.w.org\/{rel}","templated":true}]}}