{"id":99,"date":"2023-07-10T07:09:43","date_gmt":"2023-07-10T07:09:43","guid":{"rendered":"https:\/\/potterylikepoetry.lt\/?page_id=99"},"modified":"2023-10-19T09:50:14","modified_gmt":"2023-10-19T09:50:14","slug":"events","status":"publish","type":"page","link":"https:\/\/potterylikepoetry.lt\/lt\/events\/","title":{"rendered":"Renginiai"},"content":{"rendered":"<hr class=\"wp-block-separator has-text-color has-alpha-channel-opacity has-background is-style-wide\" style=\"background-color:#e9e9e9;color:#e9e9e9\"\/>\n\n\n\n<div class=\"wp-block-columns is-layout-flex wp-container-core-columns-is-layout-9d6595d7 wp-block-columns-is-layout-flex\">\n<div class=\"wp-block-column is-layout-flow wp-block-column-is-layout-flow\" style=\"flex-basis:66.66%\">\n<p class=\"has-text-align-center has-medium-font-size\"><strong>Privat\u016bs renginiai<\/strong><\/p>\n\n\n\n<p class=\"has-text-align-center\" style=\"padding-right:var(--wp--preset--spacing--60);padding-left:var(--wp--preset--spacing--60)\">Norite pa\u012fvairinti gimtadien\u012f, mergvakar\u012f, draug\u0173 ar bendradarbi\u0173 susib\u016brim\u0105 ir praturtinti j\u012f bendra patirtimi? Kvie\u010diame Jus priva\u010diam lipdymo vakarui, popietei ar rytui!<\/p>\n\n\n\n<div class=\"wp-block-buttons is-content-justification-center is-layout-flex wp-container-core-buttons-is-layout-16018d1d wp-block-buttons-is-layout-flex\">\n<div class=\"wp-block-button has-custom-width wp-block-button__width-50 has-custom-font-size is-style-fill has-medium-font-size\"><a class=\"wp-block-button__link has-text-align-center wp-element-button\" href=\"https:\/\/potterylikepoetry.lt\/lt\/private-events\/\" style=\"border-radius:0px;padding-right:0;padding-left:0\">Daugiau apie priva\u010dius u\u017esi\u0117mimus<\/a><\/div>\n<\/div>\n<\/div>\n\n\n\n<div class=\"wp-block-column is-layout-flow wp-block-column-is-layout-flow\" style=\"padding-top:var(--wp--preset--spacing--50);padding-bottom:var(--wp--preset--spacing--50);flex-basis:33.33%\">\n<figure class=\"wp-block-image size-large is-resized is-style-default\"><img loading=\"lazy\" decoding=\"async\" width=\"1024\" height=\"781\" src=\"http:\/\/potterylikepoetry.lt\/wp-content\/uploads\/2023\/10\/Potterylikepoetry-4-scaled-e1697633655922-1024x781.jpg\" alt=\"\" class=\"wp-image-690\" style=\"aspect-ratio:1.3111395646606914;width:378px;height:auto\" srcset=\"https:\/\/potterylikepoetry.lt\/wp-content\/uploads\/2023\/10\/Potterylikepoetry-4-scaled-e1697633655922-1024x781.jpg 1024w, https:\/\/potterylikepoetry.lt\/wp-content\/uploads\/2023\/10\/Potterylikepoetry-4-scaled-e1697633655922-300x229.jpg 300w, https:\/\/potterylikepoetry.lt\/wp-content\/uploads\/2023\/10\/Potterylikepoetry-4-scaled-e1697633655922-768x586.jpg 768w, https:\/\/potterylikepoetry.lt\/wp-content\/uploads\/2023\/10\/Potterylikepoetry-4-scaled-e1697633655922-1536x1171.jpg 1536w, https:\/\/potterylikepoetry.lt\/wp-content\/uploads\/2023\/10\/Potterylikepoetry-4-scaled-e1697633655922-16x12.jpg 16w, https:\/\/potterylikepoetry.lt\/wp-content\/uploads\/2023\/10\/Potterylikepoetry-4-scaled-e1697633655922-600x458.jpg 600w, https:\/\/potterylikepoetry.lt\/wp-content\/uploads\/2023\/10\/Potterylikepoetry-4-scaled-e1697633655922.jpg 1706w\" sizes=\"auto, (max-width: 1024px) 100vw, 1024px\" \/><\/figure>\n<\/div>\n<\/div>\n\n\n\n<hr class=\"wp-block-separator has-text-color has-alpha-channel-opacity has-background is-style-wide\" style=\"background-color:#e9e9e9;color:#e9e9e9\"\/>\n\n\n\n<div class=\"wp-block-columns is-layout-flex wp-container-core-columns-is-layout-9d6595d7 wp-block-columns-is-layout-flex\">\n<div class=\"wp-block-column is-layout-flow wp-block-column-is-layout-flow\" style=\"flex-basis:66.66%\">\n<p class=\"has-text-align-center has-medium-font-size\"><strong>Vieno apsilankymo dirbtuv\u0117s<\/strong><\/p>\n\n\n\n<p class=\"has-text-align-center\" style=\"padding-right:var(--wp--preset--spacing--60);padding-left:var(--wp--preset--spacing--60)\">Gal jau seniai svajojai prisiliesti prie molio? Nuobod\u017eiauji ir ie\u0161kai b\u016bdo, kaip \u012fdomiai praleisti vakar\u0105? Pasiilgai nauj\u0173 patir\u010di\u0173?<\/p>\n\n\n\n<p><\/p>\n\n\n\n<div class=\"wp-block-buttons is-content-justification-center is-layout-flex wp-container-core-buttons-is-layout-16018d1d wp-block-buttons-is-layout-flex\">\n<div class=\"wp-block-button has-custom-width wp-block-button__width-50 has-custom-font-size is-style-fill has-medium-font-size\"><a class=\"wp-block-button__link has-text-align-center wp-element-button\" href=\"https:\/\/potterylikepoetry.lt\/lt\/one-time-workshop\/\" style=\"border-radius:0px;padding-right:0;padding-left:0\">Daugiau apie dirbtuves<\/a><\/div>\n<\/div>\n<\/div>\n\n\n\n<div class=\"wp-block-column is-layout-flow wp-block-column-is-layout-flow\" style=\"padding-top:0;padding-bottom:var(--wp--preset--spacing--50);flex-basis:33.33%\">\n<figure class=\"wp-block-image size-large is-style-default\"><img loading=\"lazy\" decoding=\"async\" width=\"1024\" height=\"780\" src=\"http:\/\/potterylikepoetry.lt\/wp-content\/uploads\/2023\/10\/Potterylikepoetry-5-scaled-e1697633224397-1024x780.jpg\" alt=\"\" class=\"wp-image-654\" srcset=\"https:\/\/potterylikepoetry.lt\/wp-content\/uploads\/2023\/10\/Potterylikepoetry-5-scaled-e1697633224397-1024x780.jpg 1024w, https:\/\/potterylikepoetry.lt\/wp-content\/uploads\/2023\/10\/Potterylikepoetry-5-scaled-e1697633224397-300x228.jpg 300w, https:\/\/potterylikepoetry.lt\/wp-content\/uploads\/2023\/10\/Potterylikepoetry-5-scaled-e1697633224397-768x585.jpg 768w, https:\/\/potterylikepoetry.lt\/wp-content\/uploads\/2023\/10\/Potterylikepoetry-5-scaled-e1697633224397-1536x1170.jpg 1536w, https:\/\/potterylikepoetry.lt\/wp-content\/uploads\/2023\/10\/Potterylikepoetry-5-scaled-e1697633224397-16x12.jpg 16w, https:\/\/potterylikepoetry.lt\/wp-content\/uploads\/2023\/10\/Potterylikepoetry-5-scaled-e1697633224397-600x457.jpg 600w, https:\/\/potterylikepoetry.lt\/wp-content\/uploads\/2023\/10\/Potterylikepoetry-5-scaled-e1697633224397.jpg 1706w\" sizes=\"auto, (max-width: 1024px) 100vw, 1024px\" \/><\/figure>\n<\/div>\n<\/div>\n\n\n\n<hr class=\"wp-block-separator has-text-color has-alpha-channel-opacity has-background is-style-default\" style=\"background-color:#e5e5e5;color:#e5e5e5\"\/>\n\n\n\n<div class=\"wp-block-columns is-layout-flex wp-container-core-columns-is-layout-9d6595d7 wp-block-columns-is-layout-flex\">\n<div class=\"wp-block-column is-layout-flow wp-block-column-is-layout-flow\" style=\"flex-basis:66.66%\">\n<p class=\"has-text-align-center has-medium-font-size\"><strong>Kassavaitiniai u\u017esi\u0117mimai<\/strong><\/p>\n\n\n\n<p class=\"has-text-align-center\" style=\"padding-right:var(--wp--preset--spacing--60);padding-left:var(--wp--preset--spacing--60)\">\u0160iuos u\u017esi\u0117mimus mes m\u0117gstame vadinti b\u016breliu suaugusimes. Jie vykst\u0105 kart\u0105 per savait\u0119 ir viet\u0105 prie lipdymo stalo Jums rezervuojame visam m\u0117nesiui<\/p>\n\n\n\n<div class=\"wp-block-buttons is-content-justification-center is-layout-flex wp-container-core-buttons-is-layout-16018d1d wp-block-buttons-is-layout-flex\">\n<div class=\"wp-block-button has-custom-width wp-block-button__width-50 has-custom-font-size is-style-fill has-medium-font-size\"><a class=\"wp-block-button__link has-text-align-center wp-element-button\" href=\"https:\/\/potterylikepoetry.lt\/lt\/weekly-classes\/\" style=\"border-radius:0px;padding-right:0;padding-left:0\">Daugiau apie u\u017esi\u0117mimus<\/a><\/div>\n<\/div>\n<\/div>\n\n\n\n<div class=\"wp-block-column is-layout-flow wp-block-column-is-layout-flow\" style=\"flex-basis:33.33%\">\n<figure class=\"wp-block-image size-large\"><img loading=\"lazy\" decoding=\"async\" width=\"1024\" height=\"781\" src=\"http:\/\/potterylikepoetry.lt\/wp-content\/uploads\/2023\/10\/Potterylikepoetry-3-scaled-e1697633971387-1024x781.jpg\" alt=\"\" class=\"wp-image-642\" srcset=\"https:\/\/potterylikepoetry.lt\/wp-content\/uploads\/2023\/10\/Potterylikepoetry-3-scaled-e1697633971387-1024x781.jpg 1024w, https:\/\/potterylikepoetry.lt\/wp-content\/uploads\/2023\/10\/Potterylikepoetry-3-scaled-e1697633971387-300x229.jpg 300w, https:\/\/potterylikepoetry.lt\/wp-content\/uploads\/2023\/10\/Potterylikepoetry-3-scaled-e1697633971387-768x586.jpg 768w, https:\/\/potterylikepoetry.lt\/wp-content\/uploads\/2023\/10\/Potterylikepoetry-3-scaled-e1697633971387-1536x1171.jpg 1536w, https:\/\/potterylikepoetry.lt\/wp-content\/uploads\/2023\/10\/Potterylikepoetry-3-scaled-e1697633971387-16x12.jpg 16w, https:\/\/potterylikepoetry.lt\/wp-content\/uploads\/2023\/10\/Potterylikepoetry-3-scaled-e1697633971387-600x458.jpg 600w, https:\/\/potterylikepoetry.lt\/wp-content\/uploads\/2023\/10\/Potterylikepoetry-3-scaled-e1697633971387.jpg 1706w\" sizes=\"auto, (max-width: 1024px) 100vw, 1024px\" \/><\/figure>\n<\/div>\n<\/div>","protected":false},"excerpt":{"rendered":"<p>Private events Do you want to spice up a birthday, bachelorette party, gathering of friends or colleagues and enrich it with a shared experience? We invite you for a private sculpting evening, afternoon or morning! One time workshops Maybe you\u2019ve dreamed of touching clay for a long time? Bored and looking for a way to <a href=\"https:\/\/potterylikepoetry.lt\/lt\/events\/\" class=\"read-more inline\">Read More<\/a><\/p>","protected":false},"author":1,"featured_media":0,"parent":0,"menu_order":0,"comment_status":"closed","ping_status":"closed","template":"","meta":{"footnotes":""},"class_list":["post-99","page","type-page","status-publish","hentry"],"aioseo_notices":[],"jetpack_sharing_enabled":true,"_links":{"self":[{"href":"https:\/\/potterylikepoetry.lt\/lt\/wp-json\/wp\/v2\/pages\/99","targetHints":{"allow":["GET"]}}],"collection":[{"href":"https:\/\/potterylikepoetry.lt\/lt\/wp-json\/wp\/v2\/pages"}],"about":[{"href":"https:\/\/potterylikepoetry.lt\/lt\/wp-json\/wp\/v2\/types\/page"}],"author":[{"embeddable":true,"href":"https:\/\/potterylikepoetry.lt\/lt\/wp-json\/wp\/v2\/users\/1"}],"replies":[{"embeddable":true,"href":"https:\/\/potterylikepoetry.lt\/lt\/wp-json\/wp\/v2\/comments?post=99"}],"version-history":[{"count":29,"href":"https:\/\/potterylikepoetry.lt\/lt\/wp-json\/wp\/v2\/pages\/99\/revisions"}],"predecessor-version":[{"id":788,"href":"https:\/\/potterylikepoetry.lt\/lt\/wp-json\/wp\/v2\/pages\/99\/revisions\/788"}],"wp:attachment":[{"href":"https:\/\/potterylikepoetry.lt\/lt\/wp-json\/wp\/v2\/media?parent=99"}],"curies":[{"name":"wp","href":"https:\/\/api.w.org\/{rel}","templated":true}]}}