{"id":1172,"date":"2024-05-23T13:36:32","date_gmt":"2024-05-23T13:36:32","guid":{"rendered":"https:\/\/potterylikepoetry.lt\/?post_type=product&#038;p=1172"},"modified":"2025-05-21T05:21:50","modified_gmt":"2025-05-21T05:21:50","slug":"cup-miracle","status":"publish","type":"product","link":"https:\/\/potterylikepoetry.lt\/lt\/produktas\/cup-miracle\/","title":{"rendered":"Puodelis \"STEBUKLAS\""},"content":{"rendered":"<p><span data-sheets-value=\"{&quot;1&quot;:2,&quot;2&quot;:&quot;Made of white clay, decorated with underglaze paint, covered with transpatent and gold color glazes.nnAll mugs are handmade, so each piece is unique and slightly different.nnDimensions of the work - diameter at the top ~ 10cm, height ~ 10-11cm, capacity ~ 300 ml, weight ~ 300 g. The cups shown in the photo reflect the general design, size and color of the product, but each product is unique, so the measurement inaccuracy may be ~1cm, the capacity may vary by ~50ml, the weight may vary by ~30g, and the color saturation may also vary slightly.n&quot;}\" data-sheets-userformat=\"{&quot;2&quot;:929,&quot;3&quot;:{&quot;1&quot;:0},&quot;8&quot;:{&quot;1&quot;:[{&quot;1&quot;:2,&quot;2&quot;:0,&quot;5&quot;:{&quot;1&quot;:2,&quot;2&quot;:0}},{&quot;1&quot;:0,&quot;2&quot;:0,&quot;3&quot;:3},{&quot;1&quot;:1,&quot;2&quot;:0,&quot;4&quot;:1}]},&quot;10&quot;:0,&quot;11&quot;:4,&quot;12&quot;:0}\">Sukurtas i\u0161 balto molio, dekoruotas poglaz\u016briniais da\u017eais, dengtas bespalve glaz\u016bra.<\/span><\/p>\n<p>Visi m\u016bs\u0173 k\u016briniai yra rank\u0173 darbo, tod\u0117l kiekvienas yra unikalus ir \u0161iek tiek skirtingas.<\/p>\n<p>K\u016brinio matmenys \u2013 skersmuo vir\u0161uje ~ 10 cm, auk\u0161tis ~ 10-11 cm, t\u016bris ~ 300 ml, svoris ~ 300 g.<br \/>\nNuotraukoje pateikti puodeliai atspindi bendr\u0105 k\u016brinio dizain\u0105, dyd\u012f ir spalvingum\u0105, bet kiekvienas yra unikalus tod\u0117l matmen\u0173 paklaida gali b\u016bti ~ 1 cm, t\u016bris svyruoti ~50 ml, svoris gali skirtis ~ 30 g, taip pat gali \u0161iek tiek skirtis spalv\u0173 sodrumas.<\/p>","protected":false},"excerpt":{"rendered":"<p>Stebuklas <br \/>\n<br \/>\nPralau\u017e\u0119 pasenusi\u0105 tvor\u0105,<br \/>\nAlyvos i\u0161skrido i\u0161 sodo<br \/>\nIr skrenda per \u010diulbant\u012f or\u0105<br \/>\nIr nuogos erdv\u0117j pasirodo.<br \/>\n<br \/>\nJos baltos ir jaunos kaip deiv\u0117s,<br \/>\nJos \u017eem\u0119 apakusi\u0105 veda<br \/>\n\u012e roj\u0173, ir verkia praeivis,<br \/>\nIr skersgatviui u\u017eima \u017ead\u0105.<br \/>\n<br \/>\nTarnait\u0117, stebuklo sulaukus,<br \/>\nSurikusi \u0161oka \u012f dang\u0173.<br \/>\nJai krenta alyvos pro plaukus<br \/>\nIr tirpsta tarp dreban\u010di\u0173 rank\u0173.<br \/>\n<br \/>\nHenrikas Radauskas<br \/>\n<br \/>\n\u017dinome, kad puodelis negali b\u016bti stebuklingas, bet jei gal\u0117t\u0173, \u0161is skatint\u0173 \u017emoguje veikim\u0105 ir \u017eyd\u0117jim\u0105. Linkime, kad \u0161velni alyvin\u0117 spalva kiekvien\u0105 ryt\u0105 \u017eadint\u0173 \u0161vie\u017eumo virpuliukais ir kaip \u017eyd\u0117jimas, kelt\u0173 dvasi\u0105, \u016bp\u0105, nor\u0105 d\u017eiaugtis gyvenimu ir \u0161v\u0119sti kasdien\u0105.<br \/><\/p>","protected":false},"featured_media":1156,"template":"","meta":[],"product_cat":[19,30],"product_tag":[41],"class_list":{"0":"post-1172","1":"product","2":"type-product","3":"status-publish","4":"has-post-thumbnail","6":"product_cat-cups","7":"product_cat-kitchenanddining","8":"product_tag-miracle","10":"first","11":"outofstock","12":"shipping-taxable","13":"purchasable","14":"product-type-simple"},"aioseo_notices":[],"jetpack_sharing_enabled":true,"_links":{"self":[{"href":"https:\/\/potterylikepoetry.lt\/lt\/wp-json\/wp\/v2\/product\/1172","targetHints":{"allow":["GET"]}}],"collection":[{"href":"https:\/\/potterylikepoetry.lt\/lt\/wp-json\/wp\/v2\/product"}],"about":[{"href":"https:\/\/potterylikepoetry.lt\/lt\/wp-json\/wp\/v2\/types\/product"}],"wp:featuredmedia":[{"embeddable":true,"href":"https:\/\/potterylikepoetry.lt\/lt\/wp-json\/wp\/v2\/media\/1156"}],"wp:attachment":[{"href":"https:\/\/potterylikepoetry.lt\/lt\/wp-json\/wp\/v2\/media?parent=1172"}],"wp:term":[{"taxonomy":"product_cat","embeddable":true,"href":"https:\/\/potterylikepoetry.lt\/lt\/wp-json\/wp\/v2\/product_cat?post=1172"},{"taxonomy":"product_tag","embeddable":true,"href":"https:\/\/potterylikepoetry.lt\/lt\/wp-json\/wp\/v2\/product_tag?post=1172"}],"curies":[{"name":"wp","href":"https:\/\/api.w.org\/{rel}","templated":true}]}}