{"id":1173,"date":"2024-05-23T13:49:52","date_gmt":"2024-05-23T13:49:52","guid":{"rendered":"https:\/\/potterylikepoetry.lt\/?post_type=product&#038;p=1173"},"modified":"2025-05-21T05:21:50","modified_gmt":"2025-05-21T05:21:50","slug":"large-cup-and-saucer-set-miracle","status":"publish","type":"product","link":"https:\/\/potterylikepoetry.lt\/lt\/produktas\/large-cup-and-saucer-set-miracle\/","title":{"rendered":"Didelis puodelis su l\u0117k\u0161tele \"STEBUKLAS\""},"content":{"rendered":"<p><span data-sheets-value=\"{&quot;1&quot;:2,&quot;2&quot;:&quot;Made of white clay, decorated with underglaze paint, covered with transparent and gold color glazes.nnAll pieces are handmade, so each one is unique and slightly different.nCup - diameter at the top ~ 11cm, height ~ 7cm, capacity ~ 400 ml, weight ~ 280g.nPlate - diameter ~15cm, height ~1.5cm, weight ~180g.nThe cup and saucer set in the picture represents the general design, size and color of the product, but each piece is unique, so the measurement inaccuracy may be ~ 1cm, the capacity may vary by ~ 50ml, the weight may vary by ~ 40g, and the color may also vary slightly.n&quot;}\" data-sheets-userformat=\"{&quot;2&quot;:929,&quot;3&quot;:{&quot;1&quot;:0},&quot;8&quot;:{&quot;1&quot;:[{&quot;1&quot;:2,&quot;2&quot;:0,&quot;5&quot;:{&quot;1&quot;:2,&quot;2&quot;:0}},{&quot;1&quot;:0,&quot;2&quot;:0,&quot;3&quot;:3},{&quot;1&quot;:1,&quot;2&quot;:0,&quot;4&quot;:1}]},&quot;10&quot;:0,&quot;11&quot;:4,&quot;12&quot;:0}\">Sukurtas i\u0161 balto molio, dekoruotas poglaz\u016briniais da\u017eais, dengtas bespalve glaz\u016bra.<\/span><\/p>\n<p>Visi m\u016bs\u0173 k\u016briniai yra rank\u0173 darbo, tod\u0117l kiekvienas yra unikalus ir \u0161iek tiek skirtingas.<\/p>\n<p>K\u016brinio matmenys <br \/>\nPuodelis - skersmuo vir\u0161uje ~ 110 cm, auk\u0161tis ~ 7 cm, t\u016bris ~ 400 ml, svoris ~ 280 g.<br \/>\nL\u0117k\u0161tel\u0117 \u2013 skersmuo ~15c m, auk\u0161tis ~ 1.5 cm, svoris ~ 180 g.<br \/>\nNuotraukoje pateiktas puodelio ir l\u0117k\u0161tel\u0117s rinkinys atspindi bendr\u0105 k\u016brini\u0173 dizain\u0105, dyd\u012f ir spalvingum\u0105, bet kiekvienas gaminys yra unikalus tod\u0117l matmen\u0173 paklaida gali b\u016bti ~ 1 cm, t\u016bris svyruoti ~50 ml, svoris gali skirtis ~ 40 g, taip pat gali \u0161iek tiek skirtis spalv\u0173 sodrumas.<\/p>","protected":false},"excerpt":{"rendered":"<p>Stebuklas <br \/>\n<br \/>\nPralau\u017e\u0119 pasenusi\u0105 tvor\u0105,<br \/>\nAlyvos i\u0161skrido i\u0161 sodo<br \/>\nIr skrenda per \u010diulbant\u012f or\u0105<br \/>\nIr nuogos erdv\u0117j pasirodo.<br \/>\n<br \/>\nJos baltos ir jaunos kaip deiv\u0117s,<br \/>\nJos \u017eem\u0119 apakusi\u0105 veda<br \/>\n\u012e roj\u0173, ir verkia praeivis,<br \/>\nIr skersgatviui u\u017eima \u017ead\u0105.<br \/>\n<br \/>\nTarnait\u0117, stebuklo sulaukus,<br \/>\nSurikusi \u0161oka \u012f dang\u0173.<br \/>\nJai krenta alyvos pro plaukus<br \/>\nIr tirpsta tarp dreban\u010di\u0173 rank\u0173.<br \/>\n<br \/>\nHenrikas Radauskas<br \/>\n<br \/>\n\u017dinome, kad puodelis negali b\u016bti stebuklingas, bet jei gal\u0117t\u0173, \u0161is skatint\u0173 \u017emoguje veikim\u0105 ir \u017eyd\u0117jim\u0105. Linkime, kad \u0161velni alyvin\u0117 spalva kiekvien\u0105 ryt\u0105 \u017eadint\u0173 \u0161vie\u017eumo virpuliukais ir kaip \u017eyd\u0117jimas, kelt\u0173 dvasi\u0105, \u016bp\u0105, nor\u0105 d\u017eiaugtis gyvenimu ir \u0161v\u0119sti kasdien\u0105.<br \/><\/p>","protected":false},"featured_media":1150,"template":"","meta":[],"product_cat":[19,34,30],"product_tag":[41],"class_list":{"0":"post-1173","1":"product","2":"type-product","3":"status-publish","4":"has-post-thumbnail","6":"product_cat-cups","7":"product_cat-cupswithsaucers","8":"product_cat-kitchenanddining","9":"product_tag-miracle","11":"first","12":"outofstock","13":"shipping-taxable","14":"purchasable","15":"product-type-simple"},"aioseo_notices":[],"jetpack_sharing_enabled":true,"_links":{"self":[{"href":"https:\/\/potterylikepoetry.lt\/lt\/wp-json\/wp\/v2\/product\/1173","targetHints":{"allow":["GET"]}}],"collection":[{"href":"https:\/\/potterylikepoetry.lt\/lt\/wp-json\/wp\/v2\/product"}],"about":[{"href":"https:\/\/potterylikepoetry.lt\/lt\/wp-json\/wp\/v2\/types\/product"}],"wp:featuredmedia":[{"embeddable":true,"href":"https:\/\/potterylikepoetry.lt\/lt\/wp-json\/wp\/v2\/media\/1150"}],"wp:attachment":[{"href":"https:\/\/potterylikepoetry.lt\/lt\/wp-json\/wp\/v2\/media?parent=1173"}],"wp:term":[{"taxonomy":"product_cat","embeddable":true,"href":"https:\/\/potterylikepoetry.lt\/lt\/wp-json\/wp\/v2\/product_cat?post=1173"},{"taxonomy":"product_tag","embeddable":true,"href":"https:\/\/potterylikepoetry.lt\/lt\/wp-json\/wp\/v2\/product_tag?post=1173"}],"curies":[{"name":"wp","href":"https:\/\/api.w.org\/{rel}","templated":true}]}}