{"id":1175,"date":"2024-05-23T13:59:57","date_gmt":"2024-05-23T13:59:57","guid":{"rendered":"https:\/\/potterylikepoetry.lt\/?post_type=product&#038;p=1175"},"modified":"2025-05-21T05:21:50","modified_gmt":"2025-05-21T05:21:50","slug":"plate-miracle","status":"publish","type":"product","link":"https:\/\/potterylikepoetry.lt\/lt\/produktas\/plate-miracle\/","title":{"rendered":"L\u0117k\u0161tel\u0117 \"STEBUKLAS\""},"content":{"rendered":"<p><span data-sheets-value=\"{&quot;1&quot;:2,&quot;2&quot;:&quot;Made of white clay, decorated with underglaze paint and covered with a transparent glaze.nnAll of our pieces are handmade, so each piece is unique and slightly different. Dimensions of the work - diameter at the top ~ 19cm, height ~ 2 cm, weight ~ 220 g. The plate shown in the photo reflects the general design, size and color of the product, but each piece is unique, so the measurement inaccuracy may be ~ 1cm, the weight may vary by ~ 30g, and the color saturation may vary slightly.nn&quot;}\" data-sheets-userformat=\"{&quot;2&quot;:929,&quot;3&quot;:{&quot;1&quot;:0},&quot;8&quot;:{&quot;1&quot;:[{&quot;1&quot;:2,&quot;2&quot;:0,&quot;5&quot;:{&quot;1&quot;:2,&quot;2&quot;:0}},{&quot;1&quot;:0,&quot;2&quot;:0,&quot;3&quot;:3},{&quot;1&quot;:1,&quot;2&quot;:0,&quot;4&quot;:1}]},&quot;10&quot;:0,&quot;11&quot;:4,&quot;12&quot;:0}\">K\u016brinys i\u0161 balto molio, dekoruotas poglaz\u016briniais da\u017eais, dengtas bespalve glaz\u016bra.<\/span><\/p>\n<p>Visi m\u016bs\u0173 k\u016briniai yra rank\u0173 darbo, tod\u0117l kiekvienas yra unikalus ir \u0161iek tiek skirtingas.<\/p>\n<p>K\u016brinio matmenys \u2013 skersmuo vir\u0161uje ~ 19 cm, auk\u0161tis ~ 2 cm, svoris ~ 220 g.<br \/>\nNuotraukoje pateikta l\u0117k\u0161tel\u0117 atspindi bendr\u0105 k\u016brinio dizain\u0105, dyd\u012f ir spalvingum\u0105, bet kiekviena  yra unikali tod\u0117l matmen\u0173 paklaida gali b\u016bti ~ 1 cm,  svoris gali skirtis ~ 50 g, taip pat gali \u0161iek tiek skirtis spalv\u0173 sodrumas.<\/p>\n<p>&nbsp;<\/p>","protected":false},"excerpt":{"rendered":"<p>*** <br \/>\n<br \/>\nPralau\u017e\u0119 pasenusi\u0105 tvor\u0105,<br \/>\nAlyvos i\u0161skrido i\u0161 sodo<br \/>\nIr skrenda per \u010diulbant\u012f or\u0105<br \/>\nIr nuogos erdv\u0117j pasirodo.<br \/>\n<br \/>\nHenrikas Radauskas<br \/>\n<br \/>\n\nLinkime, kad \u0161velni alyvin\u0117 spalva kiekvien\u0105 kart\u0105, kaip \u017eyd\u0117jimas, \u017eadint\u0173 \u0161vie\u017eumo virpuliukais, kelt\u0173 dvasi\u0105, \u016bp\u0105, nor\u0105 d\u017eiaugtis gyvenimu ir \u0161v\u0119sti kasdien\u0105. L\u0117k\u0161tel\u0117 puikiai tiks i\u0161skirtiniams desertams ir puo\u0161 kasdienos pusry\u010dius.<br \/><\/p>","protected":false},"featured_media":1166,"template":"","meta":[],"product_cat":[30,25],"product_tag":[41],"class_list":{"0":"post-1175","1":"product","2":"type-product","3":"status-publish","4":"has-post-thumbnail","6":"product_cat-kitchenanddining","7":"product_cat-plates","8":"product_tag-miracle","10":"first","11":"outofstock","12":"shipping-taxable","13":"purchasable","14":"product-type-simple"},"aioseo_notices":[],"jetpack_sharing_enabled":true,"_links":{"self":[{"href":"https:\/\/potterylikepoetry.lt\/lt\/wp-json\/wp\/v2\/product\/1175","targetHints":{"allow":["GET"]}}],"collection":[{"href":"https:\/\/potterylikepoetry.lt\/lt\/wp-json\/wp\/v2\/product"}],"about":[{"href":"https:\/\/potterylikepoetry.lt\/lt\/wp-json\/wp\/v2\/types\/product"}],"wp:featuredmedia":[{"embeddable":true,"href":"https:\/\/potterylikepoetry.lt\/lt\/wp-json\/wp\/v2\/media\/1166"}],"wp:attachment":[{"href":"https:\/\/potterylikepoetry.lt\/lt\/wp-json\/wp\/v2\/media?parent=1175"}],"wp:term":[{"taxonomy":"product_cat","embeddable":true,"href":"https:\/\/potterylikepoetry.lt\/lt\/wp-json\/wp\/v2\/product_cat?post=1175"},{"taxonomy":"product_tag","embeddable":true,"href":"https:\/\/potterylikepoetry.lt\/lt\/wp-json\/wp\/v2\/product_tag?post=1175"}],"curies":[{"name":"wp","href":"https:\/\/api.w.org\/{rel}","templated":true}]}}