{"id":498,"date":"2023-10-04T12:45:25","date_gmt":"2023-10-04T12:45:25","guid":{"rendered":"https:\/\/potterylikepoetry.lt\/?post_type=product&#038;p=498"},"modified":"2025-05-21T05:21:54","modified_gmt":"2025-05-21T05:21:54","slug":"small-cup-and-saucer-set-freedom","status":"publish","type":"product","link":"https:\/\/potterylikepoetry.lt\/lt\/produktas\/small-cup-and-saucer-set-freedom\/","title":{"rendered":"Ma\u017eas puodelis su l\u0117k\u0161tele \"LAISV\u0116\""},"content":{"rendered":"<p>K\u016brinys i\u0161 balto molio, dekoruotas poglaz\u016briniais da\u017eais, dengtas bespalve glaz\u016bra.<\/p>\n<p>Visi m\u016bs\u0173 k\u016briniai yra rank\u0173 darbo, tod\u0117l kiekvienas yra unikalus ir \u0161iek tiek skirtingas.<\/p>\n<p>K\u016brinio matmenys <br \/>\nPuodelis \u2013 skersmuo vir\u0161uje ~ 8 cm, auk\u0161tis ~ 5,5 cm, t\u016bris ~ 150 ml, svoris ~ 160 g.<br \/>\nL\u0117k\u0161tel\u0117 \u2013 skersmuo ~13 cm, auk\u0161tis ~ 1 cm, svoris ~ 130 g.<br \/>\nNuotraukoje pateikti puodelis ir l\u0117k\u0161tel\u0117 atspindi bendr\u0105 k\u016brinio dizain\u0105, dyd\u012f ir spalvingum\u0105, bet kiekvienas yra unikalus tod\u0117l matmen\u0173 paklaida gali b\u016bti ~ 1 cm, t\u016bris svyruoti ~30 ml, svoris gali skirtis ~ 30 g, taip pat gali \u0161iek tiek skirtis spalv\u0173 sodrumas.<\/p>","protected":false},"excerpt":{"rendered":"<p><span data-sheets-value=\"{&quot;1&quot;:2,&quot;2&quot;:&quot;Two words describe this collection: energy and simplicity. By embodying these words in the dish, we wish those who use them to unlock these qualities in their everyday life. So that things go smoothly, easily and simply, and that there is enough energy not only for the \\&quot;need\\&quot; list but also for the \\&quot;want\\&quot; list.\\r&quot;}\" data-sheets-userformat=\"{&quot;2&quot;:897,&quot;3&quot;:{&quot;1&quot;:0},&quot;10&quot;:0,&quot;11&quot;:4,&quot;12&quot;:0}\">*** <br \/>\n<br \/>\nKiti? \u2013 Kiti tematys <br \/>\nPalt\u0105 ir jaun\u0105 fig\u016br\u0105. <br \/>\nNe\u017eino! \u2013 ne paltas, <br \/>\njis \u2013 Bur\u0117 \u012f atvir\u0105 j\u016br\u0105. <br \/>\n<br \/>\n\u017dingsniu kapotu, a\u0161triu <br \/>\nJauna a\u0161 \u2013 per savo laik\u0105. <br \/>\nTeisyb\u0117, kiek jos turiu, <br \/>\nTiksliai \u012f koj\u0105 pataiko. <br \/>\n<br \/>\nO a\u0161 i\u0161einu visai, <br \/>\nDiena atmins ir parodys, <br \/>\nKaip b\u0117gu a\u0161 ir jisai \u2013 <br \/>\nMano \u0161e\u0161\u0117lis beprotis. <br \/>\n<br \/>\nTokia pagunda ore, <br \/>\nJau dukart \u017eingsnis greit\u0117ja. <br \/>\nN\u0117r v\u0117jo, bet juk yra, <br \/>\nVir\u0161 mano galvos jis skrieja! <br \/>\n<br \/> \nViskas l\u0117kte pro mane \u2013 <br \/>\nDaugyb\u0117 nam\u0173 ir r\u016bm\u0173. <br \/>\n\u017dinau, kad mano veide <br \/>\n\u0160iandien\u0105 yra \u017eiaurumo. <br \/>\n<br \/>\nLyg pauk\u0161\u010dio riksmo nata <br \/>\nB\u0117gimas, rai\u017eomas sparno. <br \/>\n\u0160\u012f mirksn\u012f mano kakta <br \/>\nGr\u0117sm\u0117s tamsum\u0105 praardo! <br \/>\n<br \/>\nMarina Cvetajeva <br \/>\n<br \/>\n\u0160i\u0105 kolekcij\u0105 apib\u016bdina du \u017eod\u017eiai: energija ir paprastumas. \u012ek\u016bnydami \u0161iuos \u017eod\u017eius induose linkime, juos naudojantiems, atrakinti savo kasdienoje \u0161ias savybes. Kad darbai vykt\u0173 skland\u017eiai, lengvai ir paprastai, o energijos u\u017etekt\u0173 ne tik s\u0105ra\u0161ui \u201ereikia\u201c bet ir s\u0105ra\u0161ui \u201enoriu\u201c.<\/span><\/p>\n<p>A small cup with a saucer for your favorite coffee or tea.<\/p>","protected":false},"featured_media":387,"template":"","meta":[],"product_cat":[30,34,19],"product_tag":[23],"class_list":{"0":"post-498","1":"product","2":"type-product","3":"status-publish","4":"has-post-thumbnail","6":"product_cat-kitchenanddining","7":"product_cat-cupswithsaucers","8":"product_cat-cups","9":"product_tag-freedom","11":"first","12":"outofstock","13":"shipping-taxable","14":"purchasable","15":"product-type-simple"},"aioseo_notices":[],"jetpack_sharing_enabled":true,"_links":{"self":[{"href":"https:\/\/potterylikepoetry.lt\/lt\/wp-json\/wp\/v2\/product\/498","targetHints":{"allow":["GET"]}}],"collection":[{"href":"https:\/\/potterylikepoetry.lt\/lt\/wp-json\/wp\/v2\/product"}],"about":[{"href":"https:\/\/potterylikepoetry.lt\/lt\/wp-json\/wp\/v2\/types\/product"}],"wp:featuredmedia":[{"embeddable":true,"href":"https:\/\/potterylikepoetry.lt\/lt\/wp-json\/wp\/v2\/media\/387"}],"wp:attachment":[{"href":"https:\/\/potterylikepoetry.lt\/lt\/wp-json\/wp\/v2\/media?parent=498"}],"wp:term":[{"taxonomy":"product_cat","embeddable":true,"href":"https:\/\/potterylikepoetry.lt\/lt\/wp-json\/wp\/v2\/product_cat?post=498"},{"taxonomy":"product_tag","embeddable":true,"href":"https:\/\/potterylikepoetry.lt\/lt\/wp-json\/wp\/v2\/product_tag?post=498"}],"curies":[{"name":"wp","href":"https:\/\/api.w.org\/{rel}","templated":true}]}}