{"id":499,"date":"2023-10-04T12:52:13","date_gmt":"2023-10-04T12:52:13","guid":{"rendered":"https:\/\/potterylikepoetry.lt\/?post_type=product&#038;p=499"},"modified":"2025-05-21T05:21:54","modified_gmt":"2025-05-21T05:21:54","slug":"large-cup-and-saucer-set-freedom","status":"publish","type":"product","link":"https:\/\/potterylikepoetry.lt\/lt\/produktas\/large-cup-and-saucer-set-freedom\/","title":{"rendered":"Didelis puodelis su l\u0117k\u0161tele \"LAISV\u0116\""},"content":{"rendered":"<p>K\u016brinys i\u0161 balto molio, dekoruotas poglaz\u016briniais da\u017eais, dengtas bespalve glaz\u016bra.<\/p>\n<p>Visi m\u016bs\u0173 k\u016briniai yra rank\u0173 darbo, tod\u0117l kiekvienas yra unikalus ir \u0161iek tiek skirtingas.<\/p>\n<p>K\u016brinio matmenys <br \/>\nPuodelis - skersmuo vir\u0161uje ~ 110 cm, auk\u0161tis ~ 7 cm, t\u016bris ~ 400 ml, svoris ~ 280 g.<br \/>\nL\u0117k\u0161tel\u0117 \u2013 skersmuo ~15c m, auk\u0161tis ~ 1.5 cm, svoris ~ 180 g.<br \/>\nNuotraukoje pateiktas puodelio ir l\u0117k\u0161tel\u0117s rinkinys atspindi bendr\u0105 k\u016brini\u0173 dizain\u0105, dyd\u012f ir spalvingum\u0105, bet kiekvienas gaminys yra unikalus tod\u0117l matmen\u0173 paklaida gali b\u016bti ~ 1 cm, t\u016bris svyruoti ~50 ml, svoris gali skirtis ~ 40 g, taip pat gali \u0161iek tiek skirtis spalv\u0173 sodrumas.<\/p>","protected":false},"excerpt":{"rendered":"<p>*** <br \/>\nKiti? \u2013 Kiti tematys <br \/>\nPalt\u0105 ir jaun\u0105 fig\u016br\u0105. <br \/>\nNe\u017eino! \u2013 ne paltas, <br \/>\njis \u2013 Bur\u0117 \u012f atvir\u0105 j\u016br\u0105. <br \/>\n<br \/>\n\u017dingsniu kapotu, a\u0161triu <br \/>\nJauna a\u0161 \u2013 per savo laik\u0105. <br \/>\nTeisyb\u0117, kiek jos turiu, <br \/>\nTiksliai \u012f koj\u0105 pataiko. <br \/>\n<br \/>\nO a\u0161 i\u0161einu visai, <br \/>\nDiena atmins ir parodys, <br \/>\nKaip b\u0117gu a\u0161 ir jisai \u2013 <br \/>\nMano \u0161e\u0161\u0117lis beprotis. <br \/>\n<br \/>\nTokia pagunda ore, <br \/>\nJau dukart \u017eingsnis greit\u0117ja. <br \/>\nN\u0117r v\u0117jo, bet juk yra, <br \/>\nVir\u0161 mano galvos jis skrieja! <br \/>\n<br \/> \nViskas l\u0117kte pro mane \u2013 <br \/>\nDaugyb\u0117 nam\u0173 ir r\u016bm\u0173. <br \/>\n\u017dinau, kad mano veide <br \/>\n\u0160iandien\u0105 yra \u017eiaurumo. <br \/>\n<br \/>\nLyg pauk\u0161\u010dio riksmo nata <br \/>\nB\u0117gimas, rai\u017eomas sparno. <br \/>\n\u0160\u012f mirksn\u012f mano kakta <br \/>\nGr\u0117sm\u0117s tamsum\u0105 praardo! <br \/>\n<br \/>\nMarina Cvetajeva <br \/>\n<br \/>\nDidelis puodelis su l\u0117k\u0161tute jau pam\u0117gtas t\u0173, kuriems kavos ar arbatos niekada neb\u016bna per daug!<\/p>","protected":false},"featured_media":366,"template":"","meta":[],"product_cat":[30,34,19],"product_tag":[23],"class_list":{"0":"post-499","1":"product","2":"type-product","3":"status-publish","4":"has-post-thumbnail","6":"product_cat-kitchenanddining","7":"product_cat-cupswithsaucers","8":"product_cat-cups","9":"product_tag-freedom","11":"first","12":"outofstock","13":"shipping-taxable","14":"purchasable","15":"product-type-simple"},"aioseo_notices":[],"jetpack_sharing_enabled":true,"_links":{"self":[{"href":"https:\/\/potterylikepoetry.lt\/lt\/wp-json\/wp\/v2\/product\/499","targetHints":{"allow":["GET"]}}],"collection":[{"href":"https:\/\/potterylikepoetry.lt\/lt\/wp-json\/wp\/v2\/product"}],"about":[{"href":"https:\/\/potterylikepoetry.lt\/lt\/wp-json\/wp\/v2\/types\/product"}],"wp:featuredmedia":[{"embeddable":true,"href":"https:\/\/potterylikepoetry.lt\/lt\/wp-json\/wp\/v2\/media\/366"}],"wp:attachment":[{"href":"https:\/\/potterylikepoetry.lt\/lt\/wp-json\/wp\/v2\/media?parent=499"}],"wp:term":[{"taxonomy":"product_cat","embeddable":true,"href":"https:\/\/potterylikepoetry.lt\/lt\/wp-json\/wp\/v2\/product_cat?post=499"},{"taxonomy":"product_tag","embeddable":true,"href":"https:\/\/potterylikepoetry.lt\/lt\/wp-json\/wp\/v2\/product_tag?post=499"}],"curies":[{"name":"wp","href":"https:\/\/api.w.org\/{rel}","templated":true}]}}