{"id":502,"date":"2023-10-04T13:28:55","date_gmt":"2023-10-04T13:28:55","guid":{"rendered":"https:\/\/potterylikepoetry.lt\/?post_type=product&#038;p=502"},"modified":"2025-05-21T05:21:54","modified_gmt":"2025-05-21T05:21:54","slug":"platter-freedom","status":"publish","type":"product","link":"https:\/\/potterylikepoetry.lt\/lt\/produktas\/platter-freedom\/","title":{"rendered":"Serviravimo pad\u0117kliukas \"LAISV\u0116\""},"content":{"rendered":"<p><span data-sheets-value=\"{&quot;1&quot;:2,&quot;2&quot;:&quot;Made of white clay, decorated with underglaze paint and covered with a transparent glaze.nnAll of our pieces are handmade, so each piece is unique and slightly different. Dimensions of the work - diameter at the top ~ 19cm, height ~ 2 cm, weight ~ 220 g. The plate shown in the photo reflects the general design, size and color of the product, but each piece is unique, so the measurement inaccuracy may be ~ 1cm, the weight may vary by ~ 30g, and the color saturation may vary slightly.nn&quot;}\" data-sheets-userformat=\"{&quot;2&quot;:929,&quot;3&quot;:{&quot;1&quot;:0},&quot;8&quot;:{&quot;1&quot;:[{&quot;1&quot;:2,&quot;2&quot;:0,&quot;5&quot;:{&quot;1&quot;:2,&quot;2&quot;:0}},{&quot;1&quot;:0,&quot;2&quot;:0,&quot;3&quot;:3},{&quot;1&quot;:1,&quot;2&quot;:0,&quot;4&quot;:1}]},&quot;10&quot;:0,&quot;11&quot;:4,&quot;12&quot;:0}\">K\u016brinys i\u0161 balto molio, dekoruotas poglaz\u016briniais da\u017eais, dengtas bespalve glaz\u016bra.<\/span><\/p>\n<p>Visi m\u016bs\u0173 k\u016briniai yra rank\u0173 darbo, tod\u0117l kiekvienas yra unikalus ir \u0161iek tiek skirtingas.<\/p>\n<p>K\u016brinio matmenys \u2013 skersmuo ~ 26 cm, auk\u0161tis ~ 1 cm, svoris ~ 750 g.<br \/>\nNuotraukoje pateikta l\u0117k\u0161t\u0117 atspindi bendr\u0105 k\u016brinio dizain\u0105, dyd\u012f ir spalvingum\u0105, bet kiekvienas yra unikalus tod\u0117l matmen\u0173 paklaida gali b\u016bti ~ 1 cm, svoris gali skirtis ~ 50 g, taip pat gali \u0161iek tiek skirtis spalv\u0173 sodrumas.<\/p>\n<p>&nbsp;<\/p>","protected":false},"excerpt":{"rendered":"<p><span data-sheets-value=\"{&quot;1&quot;:2,&quot;2&quot;:&quot;We have wanted to create a serving tray for a long time, so we are happy that it has finally joined the ranks of our store. The tray is slightly thicker than the plates we create, so it stands out in the general serving. Now setting the table will be even easier and more fun. Use a tray for cheese, bread, cakes or fruit.&quot;}\" data-sheets-userformat=\"{&quot;2&quot;:897,&quot;3&quot;:{&quot;1&quot;:0},&quot;10&quot;:0,&quot;11&quot;:4,&quot;12&quot;:0}\">*** <br \/>\nKiti? \u2013 Kiti tematys <br \/>\nPalt\u0105 ir jaun\u0105 fig\u016br\u0105. <br \/>\nNe\u017eino! \u2013 ne paltas, <br \/>\njis \u2013 Bur\u0117 \u012f atvir\u0105 j\u016br\u0105. <br \/>\n<br \/>\n\u017dingsniu kapotu, a\u0161triu <br \/>\nJauna a\u0161 \u2013 per savo laik\u0105. <br \/>\nTeisyb\u0117, kiek jos turiu, <br \/>\nTiksliai \u012f koj\u0105 pataiko. <br \/>\n<br \/>\nO a\u0161 i\u0161einu visai, <br \/>\nDiena atmins ir parodys, <br \/>\nKaip b\u0117gu a\u0161 ir jisai \u2013 <br \/>\nMano \u0161e\u0161\u0117lis beprotis. <br \/>\n<br \/>\nTokia pagunda ore, <br \/>\nJau dukart \u017eingsnis greit\u0117ja. <br \/>\nN\u0117r v\u0117jo, bet juk yra, <br \/>\nVir\u0161 mano galvos jis skrieja! <br \/>\n<br \/> \nViskas l\u0117kte pro mane \u2013 <br \/>\nDaugyb\u0117 nam\u0173 ir r\u016bm\u0173. <br \/>\n\u017dinau, kad mano veide <br \/>\n\u0160iandien\u0105 yra \u017eiaurumo. <br \/>\n<br \/>\nLyg pauk\u0161\u010dio riksmo nata <br \/>\nB\u0117gimas, rai\u017eomas sparno. <br \/>\n\u0160\u012f mirksn\u012f mano kakta <br \/>\nGr\u0117sm\u0117s tamsum\u0105 praardo! <br \/>\n<br \/>\nMarina Cvetajeva <br \/>\n<br \/>\nServiravimo pad\u0117kliuk\u0105 nor\u0117jome sukurti jau seniai, tad d\u017eiaugiam\u0117s, kad jis pagaliau papild\u0117 m\u016bs\u0173 parduotuv\u0117s gretas. Pad\u0117kliukas truput\u0117l\u012f storesnis u\u017e m\u016bs\u0173 kuriamas l\u0117k\u0161tes, tod\u0117l i\u0161siskiria bendroje serviruot\u0117je. Dabar dengti stal\u0105 bus dar papras\u010diau ir linksmiau. Naudokite pad\u0117kliuk\u0105 s\u016briams, duodai, pyrag\u0117liams ar vaisiams.<\/span><\/p>","protected":false},"featured_media":369,"template":"","meta":[],"product_cat":[30,32,25],"product_tag":[23],"class_list":{"0":"post-502","1":"product","2":"type-product","3":"status-publish","4":"has-post-thumbnail","6":"product_cat-kitchenanddining","7":"product_cat-otherserveware","8":"product_cat-plates","9":"product_tag-freedom","11":"first","12":"outofstock","13":"shipping-taxable","14":"purchasable","15":"product-type-simple"},"aioseo_notices":[],"jetpack_sharing_enabled":true,"_links":{"self":[{"href":"https:\/\/potterylikepoetry.lt\/lt\/wp-json\/wp\/v2\/product\/502","targetHints":{"allow":["GET"]}}],"collection":[{"href":"https:\/\/potterylikepoetry.lt\/lt\/wp-json\/wp\/v2\/product"}],"about":[{"href":"https:\/\/potterylikepoetry.lt\/lt\/wp-json\/wp\/v2\/types\/product"}],"wp:featuredmedia":[{"embeddable":true,"href":"https:\/\/potterylikepoetry.lt\/lt\/wp-json\/wp\/v2\/media\/369"}],"wp:attachment":[{"href":"https:\/\/potterylikepoetry.lt\/lt\/wp-json\/wp\/v2\/media?parent=502"}],"wp:term":[{"taxonomy":"product_cat","embeddable":true,"href":"https:\/\/potterylikepoetry.lt\/lt\/wp-json\/wp\/v2\/product_cat?post=502"},{"taxonomy":"product_tag","embeddable":true,"href":"https:\/\/potterylikepoetry.lt\/lt\/wp-json\/wp\/v2\/product_tag?post=502"}],"curies":[{"name":"wp","href":"https:\/\/api.w.org\/{rel}","templated":true}]}}