{"id":510,"date":"2023-10-05T12:33:47","date_gmt":"2023-10-05T12:33:47","guid":{"rendered":"https:\/\/potterylikepoetry.lt\/?post_type=product&#038;p=510"},"modified":"2025-05-21T05:21:54","modified_gmt":"2025-05-21T05:21:54","slug":"cup-ocean-wind-white","status":"publish","type":"product","link":"https:\/\/potterylikepoetry.lt\/lt\/produktas\/cup-ocean-wind-white\/","title":{"rendered":"Puodelis \"PAJ\u016aRIO V\u0116JAS\", baltas"},"content":{"rendered":"<p>K\u016brinys i\u0161 balto molio, dekoruotas poglaz\u016briniais da\u017eais, dengtas bespalve glaz\u016bra.<\/p>\n<p>Visi m\u016bs\u0173 k\u016briniai yra rank\u0173 darbo, tod\u0117l kiekvienas yra unikalus ir \u0161iek tiek skirtingas.<\/p>\n<p>K\u016brinio matmenys \u2013 skersmuo vir\u0161uje ~ 10 cm, auk\u0161tis ~ 10-11 cm, t\u016bris ~ 300 ml, svoris ~ 300 g.<br \/>\nNuotraukoje pateikti puodeliai atspindi bendr\u0105 k\u016brinio dizain\u0105, dyd\u012f ir spalvingum\u0105, bet kiekvienas yra unikalus tod\u0117l matmen\u0173 paklaida gali b\u016bti ~ 1 cm, t\u016bris svyruoti ~50 ml, svoris gali skirtis ~ 30 g, taip pat gali \u0161iek tiek skirtis spalv\u0173 sodrumas.<\/p>","protected":false},"excerpt":{"rendered":"<p><span data-sheets-value=\"{&quot;1&quot;:2,&quot;2&quot;:&quot;This collection was born from a dream. Unstoppable powerful free. How magical dreams are - they are like crystal balls that allow you to feel what is not yet there!\\nWhite cup with blue accents, will rise your thoughts above the clouds. Each piece is enchanted to awaken the most childish dreams and strive for their fulfillment.&quot;}\" data-sheets-userformat=\"{&quot;2&quot;:897,&quot;3&quot;:{&quot;1&quot;:0},&quot;10&quot;:0,&quot;11&quot;:4,&quot;12&quot;:0}\">\"*** <br \/>\n<br \/>\nMes gyvenom prie j\u016bros tada,<br \/>\nDu geri, du laimingi vaikai.<br \/>\nPalikti vanden\u0173 ir \u0161vies\u0173 globoje,<br \/>\nPalikti vienudu am\u017einai.<br \/>\n<br \/>\nMes tetro\u0161kom gyventi drauge.<br \/>\nDu vaikai m\u0117lynam paj\u016bry!<br \/>\nLig mirties. O po jos<br \/>\nB\u016bt palaidoti pauk\u0161\u010di\u0173 \u017einia,<br \/>\nKad sapnuos am\u017einuos<br \/>\nJie dainuot\u0173 kur nors netoli.<br \/>\n<br \/>\nVytautas Ma\u010dernis<br \/>\n<br \/>\"\n\u0160i kolekcija gim\u0117 i\u0161 svajon\u0117s. Nesutabdomos, galingos, laisvos... Kokios stebuklingos yra svajon\u0117s \u2013 jos kaip kri\u0161toliniai b\u016br\u0117j\u0173 rutuliai leid\u017eia prisiliesti prie to, ko dar n\u0117ra!<br \/>\n\u0160viesus puodelis su \u017eydrais akcientais, skraidina mintis auk\u0161\u010diau debes\u0173. Kiekvienas k\u016brinys u\u017eburtas \u017eadinti vaiki\u0161kiausias svajones ir siekti j\u0173 i\u0161sipildymo.<\/span><\/p>","protected":false},"featured_media":552,"template":"","meta":[],"product_cat":[19,30],"product_tag":[24],"class_list":{"0":"post-510","1":"product","2":"type-product","3":"status-publish","4":"has-post-thumbnail","6":"product_cat-cups","7":"product_cat-kitchenanddining","8":"product_tag-ocean_wind","10":"first","11":"outofstock","12":"shipping-taxable","13":"purchasable","14":"product-type-simple"},"aioseo_notices":[],"jetpack_sharing_enabled":true,"_links":{"self":[{"href":"https:\/\/potterylikepoetry.lt\/lt\/wp-json\/wp\/v2\/product\/510","targetHints":{"allow":["GET"]}}],"collection":[{"href":"https:\/\/potterylikepoetry.lt\/lt\/wp-json\/wp\/v2\/product"}],"about":[{"href":"https:\/\/potterylikepoetry.lt\/lt\/wp-json\/wp\/v2\/types\/product"}],"wp:featuredmedia":[{"embeddable":true,"href":"https:\/\/potterylikepoetry.lt\/lt\/wp-json\/wp\/v2\/media\/552"}],"wp:attachment":[{"href":"https:\/\/potterylikepoetry.lt\/lt\/wp-json\/wp\/v2\/media?parent=510"}],"wp:term":[{"taxonomy":"product_cat","embeddable":true,"href":"https:\/\/potterylikepoetry.lt\/lt\/wp-json\/wp\/v2\/product_cat?post=510"},{"taxonomy":"product_tag","embeddable":true,"href":"https:\/\/potterylikepoetry.lt\/lt\/wp-json\/wp\/v2\/product_tag?post=510"}],"curies":[{"name":"wp","href":"https:\/\/api.w.org\/{rel}","templated":true}]}}