{"id":513,"date":"2023-10-05T12:48:44","date_gmt":"2023-10-05T12:48:44","guid":{"rendered":"https:\/\/potterylikepoetry.lt\/?post_type=product&#038;p=513"},"modified":"2025-05-21T05:21:53","modified_gmt":"2025-05-21T05:21:53","slug":"bowl-ocean-wind-white","status":"publish","type":"product","link":"https:\/\/potterylikepoetry.lt\/lt\/produktas\/bowl-ocean-wind-white\/","title":{"rendered":"Duben\u0117lis \"PAJ\u016aRIO V\u0116JAS\", baltas"},"content":{"rendered":"<p><span data-sheets-value=\"{&quot;1&quot;:2,&quot;2&quot;:&quot;Made of white clay, decorated with underglaze paint, covered with transparent glaze.nnAll of our pieces are handmade, so each one is unique and slightly different.nDimensions of the work - diameter at the top ~ 15cm, height ~ 6 cm, capacity ~ 500 ml, weight ~ 200 g.nThe bowls shown in the photo reflect the general design, size and color of the product, but each piece is unique, so the measurement inaccuracy may be ~1cm, the capacity may vary by ~50ml, the weight may vary by ~50g, and the color saturation may also vary slightly.&quot;}\" data-sheets-userformat=\"{&quot;2&quot;:929,&quot;3&quot;:{&quot;1&quot;:0},&quot;8&quot;:{&quot;1&quot;:[{&quot;1&quot;:2,&quot;2&quot;:0,&quot;5&quot;:{&quot;1&quot;:2,&quot;2&quot;:0}},{&quot;1&quot;:0,&quot;2&quot;:0,&quot;3&quot;:3},{&quot;1&quot;:1,&quot;2&quot;:0,&quot;4&quot;:1}]},&quot;10&quot;:0,&quot;11&quot;:4,&quot;12&quot;:0}\">K\u016brinys i\u0161 balto molio, dekoruotas poglaz\u016briniais da\u017eais, dengtas bespalve glaz\u016bra.<\/span><\/p>\n<p>Visi m\u016bs\u0173 k\u016briniai yra rank\u0173 darbo, tod\u0117l kiekvienas yra unikalus ir \u0161iek tiek skirtingas.<\/p>\n<p>K\u016brinio matmenys \u2013 skersmuo vir\u0161uje ~ 15 cm, auk\u0161tis ~ 6 cm, t\u016bris ~ 500 ml, svoris ~ 200 g.<br \/>\nNuotraukoje pateikti duben\u0117liai atspindi bendr\u0105 gaminio dizain\u0105, dyd\u012f ir spalvingum\u0105, bet kiekvienas gaminys yra unikalus tod\u0117l matmen\u0173 paklaida gali b\u016bti ~ 1 cm, t\u016bris svyruoti ~50 ml, svoris gali skirtis ~ 50 g, taip pat gali \u0161iek tiek skirtis spalv\u0173 sodrumas.<\/p>","protected":false},"excerpt":{"rendered":"<p><span data-sheets-value=\"{&quot;1&quot;:2,&quot;2&quot;:&quot;A white bowl with blue accents is perfect for both everyday porridges and festive desserts. We hope the heart at the bottom of the bowl will put a smile on your face every time you finish your meal.&quot;}\" data-sheets-userformat=\"{&quot;2&quot;:897,&quot;3&quot;:{&quot;1&quot;:0},&quot;10&quot;:0,&quot;11&quot;:4,&quot;12&quot;:0}\">*** <br \/>\n<br \/>\nMes gyvenom prie j\u016bros tada,<br \/>\nDu geri, du laimingi vaikai.<br \/>\nPalikti vanden\u0173 ir \u0161vies\u0173 globoje,<br \/>\nPalikti vienudu am\u017einai.<br \/>\n<br \/>\nMes tetro\u0161kom gyventi drauge.<br \/>\nDu vaikai m\u0117lynam paj\u016bry!<br \/>\nLig mirties. O po jos<br \/>\nB\u016bt palaidoti pauk\u0161\u010di\u0173 \u017einia,<br \/>\nKad sapnuos am\u017einuos<br \/>\nJie dainuot\u0173 kur nors netoli.<br \/>\n<br \/>\nVytautas Ma\u010dernis<br \/>\n<br \/>\nDangi\u0161k\u0173 spalv\u0173 duben\u0117lyje labai skaniai atrodys vaisiais paskanintos ko\u0161\u0117s ir jogurtai. \u0160is duben\u0117lis taip pat puikiai tiks desertams.<\/span><\/p>","protected":false},"featured_media":563,"template":"","meta":[],"product_cat":[26,30],"product_tag":[24],"class_list":{"0":"post-513","1":"product","2":"type-product","3":"status-publish","4":"has-post-thumbnail","6":"product_cat-bowls","7":"product_cat-kitchenanddining","8":"product_tag-ocean_wind","10":"first","11":"outofstock","12":"shipping-taxable","13":"purchasable","14":"product-type-simple"},"aioseo_notices":[],"jetpack_sharing_enabled":true,"_links":{"self":[{"href":"https:\/\/potterylikepoetry.lt\/lt\/wp-json\/wp\/v2\/product\/513","targetHints":{"allow":["GET"]}}],"collection":[{"href":"https:\/\/potterylikepoetry.lt\/lt\/wp-json\/wp\/v2\/product"}],"about":[{"href":"https:\/\/potterylikepoetry.lt\/lt\/wp-json\/wp\/v2\/types\/product"}],"wp:featuredmedia":[{"embeddable":true,"href":"https:\/\/potterylikepoetry.lt\/lt\/wp-json\/wp\/v2\/media\/563"}],"wp:attachment":[{"href":"https:\/\/potterylikepoetry.lt\/lt\/wp-json\/wp\/v2\/media?parent=513"}],"wp:term":[{"taxonomy":"product_cat","embeddable":true,"href":"https:\/\/potterylikepoetry.lt\/lt\/wp-json\/wp\/v2\/product_cat?post=513"},{"taxonomy":"product_tag","embeddable":true,"href":"https:\/\/potterylikepoetry.lt\/lt\/wp-json\/wp\/v2\/product_tag?post=513"}],"curies":[{"name":"wp","href":"https:\/\/api.w.org\/{rel}","templated":true}]}}