{"id":522,"date":"2023-10-09T10:02:11","date_gmt":"2023-10-09T10:02:11","guid":{"rendered":"https:\/\/potterylikepoetry.lt\/?post_type=product&#038;p=522"},"modified":"2025-05-21T05:21:53","modified_gmt":"2025-05-21T05:21:53","slug":"large-cup-and-saucer-set-inspiration","status":"publish","type":"product","link":"https:\/\/potterylikepoetry.lt\/lt\/produktas\/large-cup-and-saucer-set-inspiration\/","title":{"rendered":"Didelis puodelis su l\u0117k\u0161tele \"\u012eKV\u0116PIMAS\""},"content":{"rendered":"<p>Kurinys i\u0161 balto molio, dekoruotas poglaz\u016briniais da\u017eais, dengtas bespalve  ir aukso blizgesio glaz\u016bromis.<\/p>\n<p>Visi m\u016bs\u0173 k\u016briniai yra rank\u0173 darbo, tod\u0117l kiekvienas yra unikalus ir \u0161iek tiek skirtingas.<\/p>\n<p>K\u016brinio matmenys <br \/>\nPuodelis - skersmuo vir\u0161uje ~ 110 cm, auk\u0161tis ~ 7 cm, t\u016bris ~ 400 ml, svoris ~ 280 g.<br \/>\nL\u0117k\u0161tel\u0117 \u2013 skersmuo ~15c m, auk\u0161tis ~ 1.5 cm, svoris ~ 180 g.<br \/>\nNuotraukoje pateiktas puodelio ir l\u0117k\u0161tel\u0117s rinkinys atspindi bendr\u0105 k\u016brini\u0173 dizain\u0105, dyd\u012f ir spalvingum\u0105, bet kiekvienas gaminys yra unikalus tod\u0117l matmen\u0173 paklaida gali b\u016bti ~ 1 cm, t\u016bris svyruoti ~50 ml, svoris gali skirtis ~ 40 g, taip pat gali \u0161iek tiek skirtis spalv\u0173 sodrumas.<\/p>","protected":false},"excerpt":{"rendered":"<p><span data-sheets-value=\"{&quot;1&quot;:2,&quot;2&quot;:&quot;One of most beloved cups, traveling together since the first Pottery like Poetry molds. A bright red heart inside the cup invites you to turn to your heart. Let coffee and tea breaks become sources of daily inspiration.&quot;}\" data-sheets-userformat=\"{&quot;2&quot;:957,&quot;3&quot;:{&quot;1&quot;:0},&quot;5&quot;:{&quot;1&quot;:[{&quot;1&quot;:2,&quot;2&quot;:0,&quot;5&quot;:{&quot;1&quot;:2,&quot;2&quot;:0}},{&quot;1&quot;:0,&quot;2&quot;:0,&quot;3&quot;:3},{&quot;1&quot;:1,&quot;2&quot;:0,&quot;4&quot;:1}]},&quot;6&quot;:{&quot;1&quot;:[{&quot;1&quot;:2,&quot;2&quot;:0,&quot;5&quot;:{&quot;1&quot;:2,&quot;2&quot;:0}},{&quot;1&quot;:0,&quot;2&quot;:0,&quot;3&quot;:3},{&quot;1&quot;:1,&quot;2&quot;:0,&quot;4&quot;:1}]},&quot;7&quot;:{&quot;1&quot;:[{&quot;1&quot;:2,&quot;2&quot;:0,&quot;5&quot;:{&quot;1&quot;:2,&quot;2&quot;:0}},{&quot;1&quot;:0,&quot;2&quot;:0,&quot;3&quot;:3},{&quot;1&quot;:1,&quot;2&quot;:0,&quot;4&quot;:1}]},&quot;8&quot;:{&quot;1&quot;:[{&quot;1&quot;:2,&quot;2&quot;:0,&quot;5&quot;:{&quot;1&quot;:2,&quot;2&quot;:0}},{&quot;1&quot;:0,&quot;2&quot;:0,&quot;3&quot;:3},{&quot;1&quot;:1,&quot;2&quot;:0,&quot;4&quot;:1}]},&quot;10&quot;:0,&quot;11&quot;:4,&quot;12&quot;:0}\">*** <br \/>\n<br \/>\nNuo am\u017ei\u0173 vakare prie stalo dviese <br \/>\nKaip angelas naminis lempa tvieskia <br \/>\nApgaubki, angele, \u0161viesa \u0161varia <br \/>\nIr saugoki du \u017emones vakare. <br \/>\n<br \/>\nDiena primargino, nesu\u017ei\u016br\u0117si <br \/>\nPavargom mes nuo visokiausi\u0173 \u201epa\u201c <br \/>\nMes nieko nekalbam, mes s\u0117dim dviese <br \/>\nPa\u010dia sunkiausia \u0161nekam\u0117s kalba. <br \/>\n<br \/>\nKa\u017ekas pakito, b\u016btinai pakito <br \/>\n\u017dvaig\u017edyn\u0173 sandaroj, o gal veiduos. <br \/>\nGal mudviej\u0173 neb\u0117r, bet visados <br \/>\nDu \u017emon\u0117s s\u0117di vienas prie\u0161ais kit\u0105. <br \/>\n<br \/>\nVisur \u2013 Sacharoj, tundroj, tarp griuv\u0117si\u0173 \u2013 <br \/>\nJuk rasis lentgalys, vinis, kuria <br \/>\nGali sukalti stal\u0105, s\u0117dint dviese <br \/>\nKaip \u0161ventame paveiksle vakare\u2026.. <br \/>\n<br \/>\nVladas \u0160imkus<br \/>\n<br \/>\nVienas mylimiausi\u0173 m\u016bs\u0173 ir j\u016bs\u0173 spalv\u0173 derini\u0173 keliaujantis kartu nuo pat pirm\u0173 Pottery like Poetry lipdini\u0173. Ry\u0161ki raudona \u0161irdel\u0117 puodelio viduje kvie\u010dia atsigr\u0119\u017eti \u012f savo \u0161ird\u012f. Tegul kavos ir arbatos pertrauk\u0117l\u0117s tampa kasdienio \u012fkv\u0117pimo \u0161altiniais.\"<\/span><\/p>","protected":false},"featured_media":419,"template":"","meta":[],"product_cat":[19,34,30],"product_tag":[22],"class_list":{"0":"post-522","1":"product","2":"type-product","3":"status-publish","4":"has-post-thumbnail","6":"product_cat-cups","7":"product_cat-cupswithsaucers","8":"product_cat-kitchenanddining","9":"product_tag-inspiration","11":"first","12":"outofstock","13":"shipping-taxable","14":"purchasable","15":"product-type-simple"},"aioseo_notices":[],"jetpack_sharing_enabled":true,"_links":{"self":[{"href":"https:\/\/potterylikepoetry.lt\/lt\/wp-json\/wp\/v2\/product\/522","targetHints":{"allow":["GET"]}}],"collection":[{"href":"https:\/\/potterylikepoetry.lt\/lt\/wp-json\/wp\/v2\/product"}],"about":[{"href":"https:\/\/potterylikepoetry.lt\/lt\/wp-json\/wp\/v2\/types\/product"}],"wp:featuredmedia":[{"embeddable":true,"href":"https:\/\/potterylikepoetry.lt\/lt\/wp-json\/wp\/v2\/media\/419"}],"wp:attachment":[{"href":"https:\/\/potterylikepoetry.lt\/lt\/wp-json\/wp\/v2\/media?parent=522"}],"wp:term":[{"taxonomy":"product_cat","embeddable":true,"href":"https:\/\/potterylikepoetry.lt\/lt\/wp-json\/wp\/v2\/product_cat?post=522"},{"taxonomy":"product_tag","embeddable":true,"href":"https:\/\/potterylikepoetry.lt\/lt\/wp-json\/wp\/v2\/product_tag?post=522"}],"curies":[{"name":"wp","href":"https:\/\/api.w.org\/{rel}","templated":true}]}}