{"id":548,"date":"2023-10-09T12:30:43","date_gmt":"2023-10-09T12:30:43","guid":{"rendered":"https:\/\/potterylikepoetry.lt\/?post_type=product&#038;p=548"},"modified":"2025-05-21T05:21:51","modified_gmt":"2025-05-21T05:21:51","slug":"dinner-plate-surprise","status":"publish","type":"product","link":"https:\/\/potterylikepoetry.lt\/lt\/produktas\/dinner-plate-surprise\/","title":{"rendered":"L\u0117k\u0161t\u0117 \"STAIGMENA\""},"content":{"rendered":"<p>Kurinys i\u0161 balto molio, dengtas bespalve, \u012fvairiaspalviais gr\u016bdeliais padabinta, glaz\u016bra.<\/p>\n<p>Visi m\u016bs\u0173 k\u016briniai yra rank\u0173 darbo, tod\u0117l kiekvienas yra unikalus ir \u0161iek tiek skirtingas.<\/p>\n<p>K\u016brinio matmenys \u2013 skersmuo vir\u0161uje ~ 27 cm, auk\u0161tis ~ 3 cm,  svoris ~ 200 g.<br \/>\nNuotraukoje pateikta l\u0117k\u0161t\u0117 atspindi bendr\u0105 k\u016brinio dizain\u0105, dyd\u012f ir spalvingum\u0105, bet kiekvienas yra unikalus tod\u0117l matmen\u0173 paklaida gali b\u016bti ~ 1 cm, svoris gali skirtis ~ 50 g, taip pat gali \u0161iek tiek skirtis spalv\u0173 sodrumas.<\/p>\n<p>&nbsp;<\/p>","protected":false},"excerpt":{"rendered":"<p>*** <br \/>\n<br \/>\ni\u0161 ka\u017ekur nukrito ma\u017ei \u017emogeliai<br \/>\nTik tavo daliai<br \/>\nTik tavo galiai<br \/>\nVisa tai surinkt \u012f vien\u0105<br \/>\nTik vien\u0105 dien\u0105, kol metai rieda<br \/>\n<br \/>\nLai aitvarai nuo \u0161iol Tau laim\u0119 ne\u0161!<br \/>\n<br \/>\nBaltos Varnos<br \/>\n<br \/>\nPakrik\u0161tyjom \u0161i\u0105 kolekcij\u0105 vardu Staigmena, nes niekada ne\u017einome kaip susid\u0117lios jo spalv\u0173 ra\u0161tas. Taigi jie tikrai skirti tiems kurie m\u0117gsta b\u016bti nustebinti ir dievina unikalum\u0105, nes kito tokio pat su \u017eiburiu nerasim!\"<\/p>","protected":false},"featured_media":624,"template":"","meta":[],"product_cat":[30,25],"product_tag":[38],"class_list":{"0":"post-548","1":"product","2":"type-product","3":"status-publish","4":"has-post-thumbnail","6":"product_cat-kitchenanddining","7":"product_cat-plates","8":"product_tag-surprise","10":"first","11":"outofstock","12":"shipping-taxable","13":"purchasable","14":"product-type-simple"},"aioseo_notices":[],"jetpack_sharing_enabled":true,"_links":{"self":[{"href":"https:\/\/potterylikepoetry.lt\/lt\/wp-json\/wp\/v2\/product\/548","targetHints":{"allow":["GET"]}}],"collection":[{"href":"https:\/\/potterylikepoetry.lt\/lt\/wp-json\/wp\/v2\/product"}],"about":[{"href":"https:\/\/potterylikepoetry.lt\/lt\/wp-json\/wp\/v2\/types\/product"}],"wp:featuredmedia":[{"embeddable":true,"href":"https:\/\/potterylikepoetry.lt\/lt\/wp-json\/wp\/v2\/media\/624"}],"wp:attachment":[{"href":"https:\/\/potterylikepoetry.lt\/lt\/wp-json\/wp\/v2\/media?parent=548"}],"wp:term":[{"taxonomy":"product_cat","embeddable":true,"href":"https:\/\/potterylikepoetry.lt\/lt\/wp-json\/wp\/v2\/product_cat?post=548"},{"taxonomy":"product_tag","embeddable":true,"href":"https:\/\/potterylikepoetry.lt\/lt\/wp-json\/wp\/v2\/product_tag?post=548"}],"curies":[{"name":"wp","href":"https:\/\/api.w.org\/{rel}","templated":true}]}}