{"id":985,"date":"2023-11-20T13:13:35","date_gmt":"2023-11-20T13:13:35","guid":{"rendered":"https:\/\/potterylikepoetry.lt\/?post_type=product&#038;p=985"},"modified":"2025-05-21T05:21:51","modified_gmt":"2025-05-21T05:21:51","slug":"large-bowl-sand-of-space","status":"publish","type":"product","link":"https:\/\/potterylikepoetry.lt\/lt\/produktas\/large-bowl-sand-of-space\/","title":{"rendered":"Didelis dubuo \u201eERDVI\u0172 SMILGA\u201c"},"content":{"rendered":"<p>K\u016brinys i\u0161 balto molio, dekoruotas poglaz\u016briniais da\u017eais, dengtas bespalve glaz\u016bra.<\/p>\n<p>Visi m\u016bs\u0173 k\u016briniai yra rank\u0173 darbo, tod\u0117l kiekvienas yra unikalus ir \u0161iek tiek skirtingas.<\/p>\n<p>K\u016brinio matmenys \u2013 skersmuo vir\u0161uje ~ 28 cm, auk\u0161tis ~ 11 cm, t\u016bris ~ 3 l, svoris ~ 1,2 kg.\nNuotraukoje pateiktas dubuo atspindi bendr\u0105 gaminio dizain\u0105, dyd\u012f ir spalvingum\u0105, bet kiekvienas gaminys yra unikalus tod\u0117l matmen\u0173 paklaida gali b\u016bti ~ 1 cm, t\u016bris svyruoti ~200 ml, svoris gali skirtis ~100 g, taip pat gali \u0161iek tiek skirtis spalv\u0173 sodrumas.<\/p>","protected":false},"excerpt":{"rendered":"<p>*** <br \/>\n<br \/>\nMes gyvenom prie j\u016bros tada,<br \/>\nDu geri, du laimingi vaikai.<br \/>\nPalikti vanden\u0173 ir \u0161vies\u0173 globoje,<br \/>\nPalikti vienudu am\u017einai.<br \/>\n<br \/>\nMes klajojom paj\u016brio taku,<br \/>\nNeidami protingyn nei senyn,<br \/>\nDu draugai t\u0173 \u017euv\u0117dr\u0173 balt\u0173, \u2013<br \/>\nKrintan\u010di\u0173 lyg akmuo vandenin.<br \/>\n<br \/>\nKai i\u0161varg\u0119 v\u0117lai vakare <br \/>\nMes sumigdavom kur po med\u017eiu,<br \/>\nA\u0161 sapnuodavau j\u0105, ji mane \u2013<br \/>\nBegalyb\u0117j sapn\u0173 nekalt\u0173.<br \/>\n<br \/>\nMes tetro\u0161kom gyventi drauge.<br \/>\nDu vaikai m\u0117lynam paj\u016bry!<br \/>\nLig mirties. O po jos<br \/>\nB\u016bt palaidoti pauk\u0161\u010di\u0173 \u017einia,<br \/>\nKad sapnuos am\u017einuos<br \/>\nJie dainuot\u0173 kur nors netoli.<br \/>\n<br \/>\nVytautas Ma\u010dernis<br \/>\n<br \/>\nI\u0161margintas lengvais ir gaiviais paj\u016brio v\u0117jus primenan\u010diais ra\u0161tais. Persmelktas lengvu t\u0117km\u0117s jausmu. Dubuo \u012fne\u0161 \u012f J\u016bs\u0173 namus \u0161varos ir skaidrumo.<\/p>","protected":false},"featured_media":999,"template":"","meta":[],"product_cat":[31,29],"product_tag":[],"class_list":{"0":"post-985","1":"product","2":"type-product","3":"status-publish","4":"has-post-thumbnail","6":"product_cat-homedecor","7":"product_cat-bigbowls","9":"first","10":"outofstock","11":"shipping-taxable","12":"purchasable","13":"product-type-simple"},"aioseo_notices":[],"jetpack_sharing_enabled":true,"_links":{"self":[{"href":"https:\/\/potterylikepoetry.lt\/lt\/wp-json\/wp\/v2\/product\/985","targetHints":{"allow":["GET"]}}],"collection":[{"href":"https:\/\/potterylikepoetry.lt\/lt\/wp-json\/wp\/v2\/product"}],"about":[{"href":"https:\/\/potterylikepoetry.lt\/lt\/wp-json\/wp\/v2\/types\/product"}],"wp:featuredmedia":[{"embeddable":true,"href":"https:\/\/potterylikepoetry.lt\/lt\/wp-json\/wp\/v2\/media\/999"}],"wp:attachment":[{"href":"https:\/\/potterylikepoetry.lt\/lt\/wp-json\/wp\/v2\/media?parent=985"}],"wp:term":[{"taxonomy":"product_cat","embeddable":true,"href":"https:\/\/potterylikepoetry.lt\/lt\/wp-json\/wp\/v2\/product_cat?post=985"},{"taxonomy":"product_tag","embeddable":true,"href":"https:\/\/potterylikepoetry.lt\/lt\/wp-json\/wp\/v2\/product_tag?post=985"}],"curies":[{"name":"wp","href":"https:\/\/api.w.org\/{rel}","templated":true}]}}