{"id":988,"date":"2023-11-20T15:41:42","date_gmt":"2023-11-20T15:41:42","guid":{"rendered":"https:\/\/potterylikepoetry.lt\/?post_type=product&#038;p=988"},"modified":"2025-05-21T05:21:51","modified_gmt":"2025-05-21T05:21:51","slug":"large-bowl-sea-shell-pink","status":"publish","type":"product","link":"https:\/\/potterylikepoetry.lt\/lt\/produktas\/large-bowl-sea-shell-pink\/","title":{"rendered":"Didelis dubuo \"J\u016aROS KRIAUKL\u0116\" Ro\u017einiu vidumi"},"content":{"rendered":"<p>K\u016brinys i\u0161 balto molio, dekoruotas poglaz\u016briniais da\u017eais, dengtas bespalve glaz\u016bra.<\/p>\n<p>Visi m\u016bs\u0173 k\u016briniai yra rank\u0173 darbo, tod\u0117l kiekvienas yra unikalus ir \u0161iek tiek skirtingas.<\/p>\n<p>K\u016brinio matmenys \u2013 skersmuo pla\u010diausioje vietoje ~ 36 cm, auk\u0161tis ~ 10 cm, svoris ~ 1,2 kg.\nNuotraukoje pateiktas dubuo atspindi bendr\u0105 gaminio dizain\u0105, dyd\u012f ir spalvingum\u0105, bet kiekvienas gaminys yra unikalus tod\u0117l matmen\u0173 paklaida gali b\u016bti ~ 1 cm, svoris gali skirtis ~100g, taip pat gali \u0161iek tiek skirtis spalv\u0173 sodrumas.<\/p>","protected":false},"excerpt":{"rendered":"<p><span data-sheets-value=\"{&quot;1&quot;:2,&quot;2&quot;:&quot;White, large, wavy, resembling a Sea Shell. A very elegant bowl. This form impressed many. Me too. Due to its width, it works well as an orchard. But even remaining empty does not become just an item that you want to hide in the closet. On the contrary, thanks to its sculptural nature, it becomes an interior detail, a decoration of the house in the curves of which the eyes rest and enjoy the undulating harmony, lulling peace.&quot;}\" data-sheets-userformat=\"{&quot;2&quot;:897,&quot;3&quot;:{&quot;1&quot;:0},&quot;10&quot;:0,&quot;11&quot;:4,&quot;12&quot;:0}\">*** <br \/>\nKriaukl\u0117s o\u0161imas <br \/>\nsilpnutis kriaukl\u0117s o\u0161imas <br \/>\n<br \/> \nVis tiek <br \/>\nvis tiek <br \/>\nvis tiek <br \/>\n<br \/>\npakartoja <br \/>\nvisk\u0105, kas pasakyta <br \/>\n<br \/>\nVisa gyvenimo istorija <br \/>\n\u0161iame o\u0161ime <br \/>\nkuris niekados nesiliaus. <br \/>\n<br \/>\nSigurdur Palsson <br \/>\n<br \/> \nBaltas, didelis, banguotas, primenantis J\u016bros Kriaukl\u0119. Labai eleganti\u0161kas dubuo. \u0160i forma su\u017eav\u0117jo jau ne vien\u0105. Mane taip pat. D\u0117l savo platumo puikiai tarnauja kaip vaisin\u0117. Bet net lik\u0119s tu\u0161\u010dias netampa tik daiktu, kur\u012f norisi sl\u0117pti spintel\u0117je. Atvirk\u0161\u010diai, skulpt\u016bri\u0161kumo d\u0117ka tampa interjero detale, nam\u0173 puo\u0161mena, kurios vingiuose akys ilsisi ir m\u0117gaujasi banguojan\u010dia harmonija, li\u016bliuojan\u010dia ramybe.<\/span><\/p>","protected":false},"featured_media":990,"template":"","meta":[],"product_cat":[31,29],"product_tag":[],"class_list":{"0":"post-988","1":"product","2":"type-product","3":"status-publish","4":"has-post-thumbnail","6":"product_cat-homedecor","7":"product_cat-bigbowls","9":"first","10":"outofstock","11":"shipping-taxable","12":"purchasable","13":"product-type-simple"},"aioseo_notices":[],"jetpack_sharing_enabled":true,"_links":{"self":[{"href":"https:\/\/potterylikepoetry.lt\/lt\/wp-json\/wp\/v2\/product\/988","targetHints":{"allow":["GET"]}}],"collection":[{"href":"https:\/\/potterylikepoetry.lt\/lt\/wp-json\/wp\/v2\/product"}],"about":[{"href":"https:\/\/potterylikepoetry.lt\/lt\/wp-json\/wp\/v2\/types\/product"}],"wp:featuredmedia":[{"embeddable":true,"href":"https:\/\/potterylikepoetry.lt\/lt\/wp-json\/wp\/v2\/media\/990"}],"wp:attachment":[{"href":"https:\/\/potterylikepoetry.lt\/lt\/wp-json\/wp\/v2\/media?parent=988"}],"wp:term":[{"taxonomy":"product_cat","embeddable":true,"href":"https:\/\/potterylikepoetry.lt\/lt\/wp-json\/wp\/v2\/product_cat?post=988"},{"taxonomy":"product_tag","embeddable":true,"href":"https:\/\/potterylikepoetry.lt\/lt\/wp-json\/wp\/v2\/product_tag?post=988"}],"curies":[{"name":"wp","href":"https:\/\/api.w.org\/{rel}","templated":true}]}}